{"id":74,"date":"2024-07-11T22:19:53","date_gmt":"2024-07-12T01:19:53","guid":{"rendered":"https:\/\/graduacao.uel.br\/farmacia\/?page_id=74"},"modified":"2024-07-11T22:19:53","modified_gmt":"2024-07-12T01:19:53","slug":"ligas-academicas","status":"publish","type":"page","link":"https:\/\/graduacao.uel.br\/farmacia\/ligas-academicas\/","title":{"rendered":"Ligas Acad\u00eamicas"},"content":{"rendered":"\n<p><strong>Liga Acad\u00eamica de Farmacologia e Cl\u00ednica<\/strong><\/p>\n\n\n\n<p><a href=\"https:\/\/www.instagram.com\/lafacuel\/\" target=\"_blank\" rel=\"noreferrer noopener\">Saiba mais<\/a>.<\/p>\n\n\n\n<p><\/p>\n\n\n\n<p><strong>Liga Acad\u00eamica de Qu\u00edmica Farmac\u00eautica e Medicinal<\/strong><\/p>\n\n\n\n<p><a href=\"https:\/\/www.instagram.com\/laqfam\/\" target=\"_blank\" rel=\"noreferrer noopener\">Saiba mais.<\/a><\/p>\n","protected":false},"excerpt":{"rendered":"<p>Liga Acad\u00eamica de Farmacologia e Cl\u00ednica Saiba mais. Liga Acad\u00eamica de Qu\u00edmica Farmac\u00eautica e Medicinal Saiba mais.<\/p>\n","protected":false},"author":8,"featured_media":0,"parent":0,"menu_order":0,"comment_status":"closed","ping_status":"closed","template":"","meta":{"_acf_changed":false,"footnotes":""},"class_list":["post-74","page","type-page","status-publish","hentry"],"acf":[],"_links":{"self":[{"href":"https:\/\/graduacao.uel.br\/farmacia\/wp-json\/wp\/v2\/pages\/74","targetHints":{"allow":["GET"]}}],"collection":[{"href":"https:\/\/graduacao.uel.br\/farmacia\/wp-json\/wp\/v2\/pages"}],"about":[{"href":"https:\/\/graduacao.uel.br\/farmacia\/wp-json\/wp\/v2\/types\/page"}],"author":[{"embeddable":true,"href":"https:\/\/graduacao.uel.br\/farmacia\/wp-json\/wp\/v2\/users\/8"}],"replies":[{"embeddable":true,"href":"https:\/\/graduacao.uel.br\/farmacia\/wp-json\/wp\/v2\/comments?post=74"}],"version-history":[{"count":1,"href":"https:\/\/graduacao.uel.br\/farmacia\/wp-json\/wp\/v2\/pages\/74\/revisions"}],"predecessor-version":[{"id":75,"href":"https:\/\/graduacao.uel.br\/farmacia\/wp-json\/wp\/v2\/pages\/74\/revisions\/75"}],"wp:attachment":[{"href":"https:\/\/graduacao.uel.br\/farmacia\/wp-json\/wp\/v2\/media?parent=74"}],"curies":[{"name":"wp","href":"https:\/\/api.w.org\/{rel}","templated":true}]}}