{"id":30,"date":"2024-04-25T10:15:16","date_gmt":"2024-04-25T13:15:16","guid":{"rendered":"https:\/\/graduacao.uel.br\/filosofia\/?page_id=30"},"modified":"2024-07-23T11:22:34","modified_gmt":"2024-07-23T14:22:34","slug":"corpo-docente","status":"publish","type":"page","link":"https:\/\/graduacao.uel.br\/filosofia\/corpo-docente\/","title":{"rendered":"Corpo Docente2"},"content":{"rendered":"\n<figure class=\"wp-block-table is-style-stripes has-small-font-size\"><table><tbody><tr><td><strong>Docente<\/strong><\/td><td><strong>e-mail<\/strong><\/td><td><strong>Link Lattes<\/strong><\/td><\/tr><tr><td>Aguinaldo A. Cavalheiro Pav\u00e3o<\/td><td>apavao@uel.br<\/td><td><a href=\"http:\/\/buscatextual.cnpq.br\/buscatextual\/visualizacv.do?id=K4798659A8\">Link<\/a><\/td><\/tr><tr><td>Am\u00e9rico Grisotto<\/td><td>grisotto@uel.br<\/td><td><a href=\"http:\/\/buscatextual.cnpq.br\/buscatextual\/visualizacv.do?id=K4757729U6\">Link<\/a><\/td><\/tr><tr><td>Andrea Cachel<\/td><td>andreacachel@uel.br<\/td><td><a href=\"http:\/\/buscatextual.cnpq.br\/buscatextual\/visualizacv.do?id=K4776723Y0\">Link<\/a><\/td><\/tr><tr><td>Andr\u00e9a Luisa Bucchile Faggion<\/td><td>andreafaggion@uel.br<\/td><td><a href=\"http:\/\/buscatextual.cnpq.br\/buscatextual\/visualizacv.do?id=K4766741D9\">Link<\/a><\/td><\/tr><tr><td>Arlei de Esp\u00edndola<\/td><td>earlei@uel.br<\/td><td><a href=\"http:\/\/buscatextual.cnpq.br\/buscatextual\/visualizacv.do?id=K4794616D6\">Link<\/a><\/td><\/tr><tr><td>Carlos Alberto Albertuni<\/td><td>albertuni@uel.br<\/td><td><a href=\"http:\/\/buscatextual.cnpq.br\/buscatextual\/visualizacv.do?id=K4700940E4\">Link<\/a><\/td><\/tr><tr><td>Carlos Luciano Montagnoli<\/td><td>montagnoli@uel.br<\/td><td><a href=\"http:\/\/buscatextual.cnpq.br\/buscatextual\/visualizacv.do?id=K4777510Z0\">Link<\/a><\/td><\/tr><tr><td>Charles Feldhaus<\/td><td>charles@uel.br<\/td><td><a href=\"http:\/\/buscatextual.cnpq.br\/buscatextual\/visualizacv.do?id=K4764293E2\">Link<\/a><\/td><\/tr><tr><td>&nbsp;Christiani Margareth de&nbsp;Menezes<\/td><td>christiani@uel.br&nbsp;<\/td><td><a href=\"http:\/\/buscatextual.cnpq.br\/buscatextual\/visualizacv.do?id=K4794514H8\">Link<\/a><\/td><\/tr><tr><td>Clodomiro Jos\u00e9 Bannwart Junior<\/td><td>bannwart@uel.br<\/td><td><a href=\"http:\/\/buscatextual.cnpq.br\/buscatextual\/visualizacv.do?id=K4767847T8\">Link<\/a><\/td><\/tr><tr><td>Eder Soares Santos<\/td><td>edersan@uel.br<\/td><td><a href=\"http:\/\/buscatextual.cnpq.br\/buscatextual\/visualizacv.do?id=K4703425D8\">Link<\/a><\/td><\/tr><tr><td>Elve Miguel Cenci<\/td><td>elve@uel.br<\/td><td><a href=\"http:\/\/buscatextual.cnpq.br\/buscatextual\/visualizacv.do?id=K4709544T6\">Link<\/a><\/td><\/tr><tr><td>F\u00e1bio C\u00e9sar Scherer<\/td><td>schererfabio@uel.br<\/td><td><a href=\"http:\/\/buscatextual.cnpq.br\/buscatextual\/visualizacv.do?id=K4742628J4\">Link<\/a><\/td><\/tr><tr><td>Gelson Liston<\/td><td>gelson@uel.br<\/td><td><a href=\"http:\/\/buscatextual.cnpq.br\/buscatextual\/visualizacv.do?id=K4767494J6\">Link<\/a><\/td><\/tr><tr><td>Jos\u00e9 Fernandes Weber<\/td><td>jweber@uel.br<\/td><td><a href=\"http:\/\/buscatextual.cnpq.br\/buscatextual\/visualizacv.do?id=K4700747E4\">Link<\/a><\/td><\/tr><tr><td>Luiz Henrique Alves de Souza<\/td><td>luizhads@uel.br<\/td><td><a href=\"http:\/\/buscatextual.cnpq.br\/buscatextual\/visualizacv.do?metodo=apresentar&amp;id=K4739105D5\">Link<\/a><\/td><\/tr><tr><td>Marcos Alexandre Gomes Nalli<\/td><td>nalli@uel.br<\/td><td><a href=\"http:\/\/buscatextual.cnpq.br\/buscatextual\/visualizacv.do?id=K4798349U6\">Link<\/a><\/td><\/tr><tr><td>Marcos Rodrigues da Silva<\/td><td>mrs.marcos@uel.br<\/td><td><a href=\"http:\/\/buscatextual.cnpq.br\/buscatextual\/visualizacv.do?id=K4792116Y0\">Link<\/a><\/td><\/tr><tr><td>Maria Cristina Muller<\/td><td>cristinamuller@uel.br<\/td><td><a href=\"http:\/\/buscatextual.cnpq.br\/buscatextual\/visualizacv.do?id=K4799586P6\">Link<\/a><\/td><\/tr><tr><td>Mirian Donat<\/td><td>donat@uel.br<\/td><td><a href=\"http:\/\/buscatextual.cnpq.br\/buscatextual\/visualizacv.do?id=K4767109A9\">Link<\/a><\/td><\/tr><tr><td>Rodrigo Cumpre Rabello<\/td><td>rrabelo@uel.br<\/td><td><a href=\"http:\/\/buscatextual.cnpq.br\/buscatextual\/visualizacv.do?id=S633083\">Link<\/a><\/td><\/tr><\/tbody><\/table><\/figure>\n","protected":false},"excerpt":{"rendered":"<p>Docente e-mail Link Lattes Aguinaldo A. Cavalheiro Pav\u00e3o apavao@uel.br Link Am\u00e9rico Grisotto grisotto@uel.br Link Andrea Cachel andreacachel@uel.br Link Andr\u00e9a Luisa Bucchile Faggion andreafaggion@uel.br Link Arlei de Esp\u00edndola earlei@uel.br Link Carlos Alberto Albertuni albertuni@uel.br Link Carlos Luciano Montagnoli montagnoli@uel.br Link Charles Feldhaus charles@uel.br Link &nbsp;Christiani Margareth de&nbsp;Menezes christiani@uel.br&nbsp; Link Clodomiro Jos\u00e9 Bannwart Junior bannwart@uel.br Link Eder [&hellip;]<\/p>\n","protected":false},"author":6,"featured_media":0,"parent":0,"menu_order":0,"comment_status":"closed","ping_status":"closed","template":"","meta":{"_acf_changed":false,"_themeisle_gutenberg_block_has_review":false,"footnotes":""},"class_list":["post-30","page","type-page","status-publish","hentry"],"acf":[],"_links":{"self":[{"href":"https:\/\/graduacao.uel.br\/filosofia\/wp-json\/wp\/v2\/pages\/30","targetHints":{"allow":["GET"]}}],"collection":[{"href":"https:\/\/graduacao.uel.br\/filosofia\/wp-json\/wp\/v2\/pages"}],"about":[{"href":"https:\/\/graduacao.uel.br\/filosofia\/wp-json\/wp\/v2\/types\/page"}],"author":[{"embeddable":true,"href":"https:\/\/graduacao.uel.br\/filosofia\/wp-json\/wp\/v2\/users\/6"}],"replies":[{"embeddable":true,"href":"https:\/\/graduacao.uel.br\/filosofia\/wp-json\/wp\/v2\/comments?post=30"}],"version-history":[{"count":17,"href":"https:\/\/graduacao.uel.br\/filosofia\/wp-json\/wp\/v2\/pages\/30\/revisions"}],"predecessor-version":[{"id":246,"href":"https:\/\/graduacao.uel.br\/filosofia\/wp-json\/wp\/v2\/pages\/30\/revisions\/246"}],"wp:attachment":[{"href":"https:\/\/graduacao.uel.br\/filosofia\/wp-json\/wp\/v2\/media?parent=30"}],"curies":[{"name":"wp","href":"https:\/\/api.w.org\/{rel}","templated":true}]}}