{"id":17,"date":"2024-07-12T17:45:49","date_gmt":"2024-07-12T20:45:49","guid":{"rendered":"https:\/\/graduacao.uel.br\/fisioterapia\/?page_id=17"},"modified":"2025-07-29T15:00:27","modified_gmt":"2025-07-29T18:00:27","slug":"eventos","status":"publish","type":"page","link":"https:\/\/graduacao.uel.br\/fisioterapia\/eventos\/","title":{"rendered":"Eventos"},"content":{"rendered":"\n<p>Conhe\u00e7a os Eventos que est\u00e3o acontecendo na UEL e os que est\u00e3o para acontecer:<\/p>\n\n\n\n<div class=\"wp-block-columns is-layout-flex wp-container-core-columns-is-layout-9d6595d7 wp-block-columns-is-layout-flex\">\n<div class=\"wp-block-column is-layout-flow wp-block-column-is-layout-flow\">\n<p><\/p>\n\n\n\n<p><strong>V Jornada de Apresenta\u00e7\u00e3o de Trabalho de Conclus\u00e3o de Curso da Fisioterapia<\/strong><\/p>\n\n\n\n<p>05\/12\/2025. Inscri\u00e7\u00f5es em breve.<\/p>\n<\/div>\n<\/div>\n\n\n\n<p class=\"has-primary-accent-color has-text-color has-link-color has-medium-font-size wp-elements-88fe800876dcb0dc8575e963d210fc36\"><strong>Eventos diversos na UEL<\/strong><\/p>\n\n\n\n                <div class=\"feed-noticias-perobal alm-listing alm-ajax alm-has-transition\" id=\"feed-noticias-perobal-evento\"><a class=\"noticia-feed d-flex flex-column flex-md-row align-items-start\" href=\"https:\/\/operobal.uel.br\/cesa\/2026\/03\/24\/unati-abre-programacao-de-2026-com-palestra-sobre-saude-para-idosos\/\">\n                                                    <img decoding=\"async\" class=\"lazy entered loaded\" src=\"https:\/\/operobal.uel.br\/wp-content\/uploads\/2021\/08\/unati-uel-4.jpg\"\/>    \n                                                    <article class=\"ml-0 ml-md-4 corpo-noticia-feed\">\n                                                        <p class=\"antetitulo mb-0\">Terceira Idade<\/p>\n                                                        <p class=\"titulo mb-2\">Unati abre programa\u00e7\u00e3o de 2026 com palestra sobre sa\u00fade para idosos<\/p>\n                                                        <p class=\"descricao\">Evento gratuito marca in\u00edcio das atividades com palestras e homenagens a pessoas de refer\u00eancia na \u00e1rea do envelhecimento saud\u00e1vel.<\/p>\n                                                    <\/article>\n                                                <\/a><hr class=\"mt-4 mb-4 d-none d-md-block\"><a class=\"noticia-feed d-flex flex-column flex-md-row align-items-start\" href=\"https:\/\/operobal.uel.br\/ctu\/2026\/03\/23\/seminario-de-historia-da-cidade-e-urbanismo-esta-com-inscricoes-abertas-para-submissao-de-trabalhos\/\">\n                                                    <img decoding=\"async\" class=\"lazy entered loaded\" src=\"https:\/\/operobal.uel.br\/wp-content\/uploads\/2026\/03\/Seminario-de-Historia-da-Cidade-e-do-Urbanismo-SHCU.jpg\"\/>    \n                                                    <article class=\"ml-0 ml-md-4 corpo-noticia-feed\">\n                                                        <p class=\"antetitulo mb-0\">Semin\u00e1rio<\/p>\n                                                        <p class=\"titulo mb-2\">Semin\u00e1rio de Hist\u00f3ria da Cidade e Urbanismo est\u00e1 com inscri\u00e7\u00f5es abertas para submiss\u00e3o de trabalhos<\/p>\n                                                        <p class=\"descricao\">O evento \u00e9 uma parceria do Programa de P\u00f3s-Gradua\u00e7\u00e3o em Arquitetura e Urbanismo (PPU-UEM\/UEL)\n<\/p>\n                                                    <\/article>\n                                                <\/a><hr class=\"mt-4 mb-4 d-none d-md-block\"><a class=\"noticia-feed d-flex flex-column flex-md-row align-items-start\" href=\"https:\/\/operobal.uel.br\/clch\/2026\/03\/23\/arquivo-publico-do-parana-realiza-etapa-paranaense-da-conferencia-nacional-de-arquivos\/\">\n                                                    <img decoding=\"async\" class=\"lazy entered loaded\" src=\"https:\/\/operobal.uel.br\/wp-content\/uploads\/2026\/03\/materia-1-180-anos-jpg.jpg\"\/>    \n                                                    <article class=\"ml-0 ml-md-4 corpo-noticia-feed\">\n                                                        <p class=\"antetitulo mb-0\">ESTADUAL<\/p>\n                                                        <p class=\"titulo mb-2\">Arquivo P\u00fablico do Paran\u00e1 realiza etapa paranaense da Confer\u00eancia Nacional de Arquivos\u00a0<\/p>\n                                                        <p class=\"descricao\">Evento com participa\u00e7\u00e3o do NDPH\/UEL representa retomada sobre a discuss\u00e3o de pol\u00edticas p\u00fablicas arquiv\u00edsticas no Brasil.<\/p>\n                                                    <\/article>\n                                                <\/a><hr class=\"mt-4 mb-4 d-none d-md-block\"><a class=\"noticia-feed d-flex flex-column flex-md-row align-items-start\" href=\"https:\/\/operobal.uel.br\/cefe\/2026\/03\/20\/nefel-faz-entrega-simbolica-do-livro-comemorativo-dos-50-anos-do-curso-de-educacao-fisica-da-uel\/\">\n                                                    <img decoding=\"async\" class=\"lazy entered loaded\" src=\"https:\/\/operobal.uel.br\/wp-content\/uploads\/2026\/03\/WhatsApp-Image-2026-03-20-at-14.21.18-2.jpeg\"\/>    \n                                                    <article class=\"ml-0 ml-md-4 corpo-noticia-feed\">\n                                                        <p class=\"antetitulo mb-0\">50 anos<\/p>\n                                                        <p class=\"titulo mb-2\">NEFEL faz entrega simb\u00f3lica do livro comemorativo dos 50 anos do curso de Educa\u00e7\u00e3o F\u00edsica da UEL<\/p>\n                                                        <p class=\"descricao\">O livro comp\u00f5e uma rica tessitura hist\u00f3rica, afetiva e anal\u00edtica, que resgata a mem\u00f3ria coletiva e valoriza os sujeitos deste processo. <\/p>\n                                                    <\/article>\n                                                <\/a><hr class=\"mt-4 mb-4 d-none d-md-block\"><a class=\"noticia-feed d-flex flex-column flex-md-row align-items-start\" href=\"https:\/\/operobal.uel.br\/cca\/2026\/03\/20\/pos-graduacao-em-ciencia-de-alimentos-traz-egressos-para-celebrar-aniversario\/\">\n                                                    <img decoding=\"async\" class=\"lazy entered loaded\" src=\"https:\/\/operobal.uel.br\/wp-content\/uploads\/2026\/03\/WhatsApp-Image-2026-03-20-at-10.16.49.jpeg\"\/>    \n                                                    <article class=\"ml-0 ml-md-4 corpo-noticia-feed\">\n                                                        <p class=\"antetitulo mb-0\">50 anos<\/p>\n                                                        <p class=\"titulo mb-2\">P\u00f3s-Gradua\u00e7\u00e3o em Ci\u00eancia de Alimentos traz egressos para celebrar anivers\u00e1rio<\/p>\n                                                        <p class=\"descricao\">Programa comemorou 50 anos de hist\u00f3ria com palestras de ex-alunos e apresenta\u00e7\u00f5es de trabalhos.<\/p>\n                                                    <\/article>\n                                                <\/a><\/div><button id=\"feed-noticias-perobal-load-moreevento\" type=\"button\" class=\"feed-noticias-button\" data-endpoint=\"https:\/\/operobal.uel.br\/wp-json\/wp-perobal\/v1\/posts\/tags\/evento?numberposts=50\" data-ppp=\"5\" data-pages=\"5\">Leia mais<\/button>","protected":false},"excerpt":{"rendered":"<p>Conhe\u00e7a os Eventos que est\u00e3o acontecendo na UEL e os que est\u00e3o para acontecer: V Jornada de Apresenta\u00e7\u00e3o de Trabalho de Conclus\u00e3o de Curso da Fisioterapia 05\/12\/2025. Inscri\u00e7\u00f5es em breve. Eventos diversos na UEL<\/p>\n","protected":false},"author":8,"featured_media":0,"parent":0,"menu_order":0,"comment_status":"closed","ping_status":"closed","template":"","meta":{"_acf_changed":false,"footnotes":""},"class_list":["post-17","page","type-page","status-publish","hentry"],"acf":[],"_links":{"self":[{"href":"https:\/\/graduacao.uel.br\/fisioterapia\/wp-json\/wp\/v2\/pages\/17","targetHints":{"allow":["GET"]}}],"collection":[{"href":"https:\/\/graduacao.uel.br\/fisioterapia\/wp-json\/wp\/v2\/pages"}],"about":[{"href":"https:\/\/graduacao.uel.br\/fisioterapia\/wp-json\/wp\/v2\/types\/page"}],"author":[{"embeddable":true,"href":"https:\/\/graduacao.uel.br\/fisioterapia\/wp-json\/wp\/v2\/users\/8"}],"replies":[{"embeddable":true,"href":"https:\/\/graduacao.uel.br\/fisioterapia\/wp-json\/wp\/v2\/comments?post=17"}],"version-history":[{"count":4,"href":"https:\/\/graduacao.uel.br\/fisioterapia\/wp-json\/wp\/v2\/pages\/17\/revisions"}],"predecessor-version":[{"id":103,"href":"https:\/\/graduacao.uel.br\/fisioterapia\/wp-json\/wp\/v2\/pages\/17\/revisions\/103"}],"wp:attachment":[{"href":"https:\/\/graduacao.uel.br\/fisioterapia\/wp-json\/wp\/v2\/media?parent=17"}],"curies":[{"name":"wp","href":"https:\/\/api.w.org\/{rel}","templated":true}]}}