{"id":23,"date":"2024-07-12T17:46:52","date_gmt":"2024-07-12T20:46:52","guid":{"rendered":"https:\/\/graduacao.uel.br\/fisioterapia\/?page_id=23"},"modified":"2024-07-12T20:14:54","modified_gmt":"2024-07-12T23:14:54","slug":"matriz-curricular","status":"publish","type":"page","link":"https:\/\/graduacao.uel.br\/fisioterapia\/matriz-curricular\/","title":{"rendered":"Matriz Curricular"},"content":{"rendered":"\n<p>Para os estudantes que\u00a0<strong>ingressaram antes de 2023<\/strong>, a Matriz Curricular vigente \u00e9 a seguinte:\u00a0<strong><a href=\"https:\/\/sites.uel.br\/prograd\/wp-content\/uploads\/catalogo_cursos\/2022\/organizacao_curricular\/fisioterapia.pdf\" target=\"_blank\" rel=\"noreferrer noopener\">Matriz Curricular<\/a><\/strong><\/p>\n\n\n\n<p>Para os&nbsp;<strong>ingressantes a partir de 2023<\/strong>, o curso passou por adapta\u00e7\u00e3o curricular para a credita\u00e7\u00e3o da extens\u00e3o, seguindo o disposto na&nbsp;Resolu\u00e7\u00e3o&nbsp;<a href=\"https:\/\/www.uel.br\/prograd\/documentos\/resolucoes\/2018\/resolucao_126_18.pdf\">CNE\/CES n.07 de 18 de dezembro de 2018<\/a>.<\/p>\n\n\n\n<p>Abaixo segue modelo da\u00a0<strong>Nova Matriz Curricular<\/strong>:<\/p>\n\n\n\n<div data-wp-interactive=\"core\/file\" class=\"wp-block-file\"><object data-wp-bind--hidden=\"!state.hasPdfPreview\" hidden class=\"wp-block-file__embed\" data=\"https:\/\/graduacao.uel.br\/fisioterapia\/wp-content\/uploads\/2024\/07\/fisioterapia-uel.pdf\" type=\"application\/pdf\" style=\"width:100%;height:600px\" aria-label=\"Incorporado de fisioterapia-uel.\"><\/object><a id=\"wp-block-file--media-7e15ae59-377f-413a-b138-e56abbea0b68\" href=\"https:\/\/graduacao.uel.br\/fisioterapia\/wp-content\/uploads\/2024\/07\/fisioterapia-uel.pdf\">fisioterapia-uel<\/a><a href=\"https:\/\/graduacao.uel.br\/fisioterapia\/wp-content\/uploads\/2024\/07\/fisioterapia-uel.pdf\" class=\"wp-block-file__button wp-element-button\" download aria-describedby=\"wp-block-file--media-7e15ae59-377f-413a-b138-e56abbea0b68\">Baixar<\/a><\/div>\n","protected":false},"excerpt":{"rendered":"<p>Para os estudantes que\u00a0ingressaram antes de 2023, a Matriz Curricular vigente \u00e9 a seguinte:\u00a0Matriz Curricular Para os&nbsp;ingressantes a partir de 2023, o curso passou por adapta\u00e7\u00e3o curricular para a credita\u00e7\u00e3o da extens\u00e3o, seguindo o disposto na&nbsp;Resolu\u00e7\u00e3o&nbsp;CNE\/CES n.07 de 18 de dezembro de 2018. Abaixo segue modelo da\u00a0Nova Matriz Curricular:<\/p>\n","protected":false},"author":8,"featured_media":0,"parent":0,"menu_order":0,"comment_status":"closed","ping_status":"closed","template":"","meta":{"_acf_changed":false,"footnotes":""},"class_list":["post-23","page","type-page","status-publish","hentry"],"acf":[],"_links":{"self":[{"href":"https:\/\/graduacao.uel.br\/fisioterapia\/wp-json\/wp\/v2\/pages\/23","targetHints":{"allow":["GET"]}}],"collection":[{"href":"https:\/\/graduacao.uel.br\/fisioterapia\/wp-json\/wp\/v2\/pages"}],"about":[{"href":"https:\/\/graduacao.uel.br\/fisioterapia\/wp-json\/wp\/v2\/types\/page"}],"author":[{"embeddable":true,"href":"https:\/\/graduacao.uel.br\/fisioterapia\/wp-json\/wp\/v2\/users\/8"}],"replies":[{"embeddable":true,"href":"https:\/\/graduacao.uel.br\/fisioterapia\/wp-json\/wp\/v2\/comments?post=23"}],"version-history":[{"count":2,"href":"https:\/\/graduacao.uel.br\/fisioterapia\/wp-json\/wp\/v2\/pages\/23\/revisions"}],"predecessor-version":[{"id":75,"href":"https:\/\/graduacao.uel.br\/fisioterapia\/wp-json\/wp\/v2\/pages\/23\/revisions\/75"}],"wp:attachment":[{"href":"https:\/\/graduacao.uel.br\/fisioterapia\/wp-json\/wp\/v2\/media?parent=23"}],"curies":[{"name":"wp","href":"https:\/\/api.w.org\/{rel}","templated":true}]}}