{"id":37,"date":"2024-07-12T17:49:37","date_gmt":"2024-07-12T20:49:37","guid":{"rendered":"https:\/\/graduacao.uel.br\/fisioterapia\/?page_id=37"},"modified":"2024-07-12T17:49:37","modified_gmt":"2024-07-12T20:49:37","slug":"infraestrutura","status":"publish","type":"page","link":"https:\/\/graduacao.uel.br\/fisioterapia\/infraestrutura\/","title":{"rendered":"Infraestrutura"},"content":{"rendered":"\n<p>O curso de Farm\u00e1cia da UEL faz parte da estrutura administrativa e f\u00edsica do Centro de Ci\u00eancias da Sa\u00fade (CCS). Al\u00e9m de salas de aulas, o curso se utiliza de laborat\u00f3rios e bibliotecas para as atividades acad\u00eamicas no pr\u00e9dio anexo ao Hospital Universit\u00e1rio (HU) e no Campus Universit\u00e1rio. <\/p>\n\n\n\n<iframe src=\"https:\/\/www.google.com\/maps\/embed?pb=!1m18!1m12!1m3!1d3663.689031757014!2d-51.13120242467691!3d-23.327038878961638!2m3!1f0!2f0!3f0!3m2!1i1024!2i768!4f13.1!3m3!1m2!1s0x94eb43a28a9ac085%3A0x151ac1eebbb119ea!2sCCS%20-%20Centro%20de%20Ci%C3%AAncias%20da%20Sa%C3%BAde!5e0!3m2!1spt-BR!2sbr!4v1720743247577!5m2!1spt-BR!2sbr\" width=\"1200\" height=\"600\" style=\"border:0;\" allowfullscreen=\"\" loading=\"lazy\" referrerpolicy=\"no-referrer-when-downgrade\"><\/iframe>\n","protected":false},"excerpt":{"rendered":"<p>O curso de Farm\u00e1cia da UEL faz parte da estrutura administrativa e f\u00edsica do Centro de Ci\u00eancias da Sa\u00fade (CCS). Al\u00e9m de salas de aulas, o curso se utiliza de laborat\u00f3rios e bibliotecas para as atividades acad\u00eamicas no pr\u00e9dio anexo ao Hospital Universit\u00e1rio (HU) e no Campus Universit\u00e1rio.<\/p>\n","protected":false},"author":8,"featured_media":0,"parent":0,"menu_order":0,"comment_status":"closed","ping_status":"closed","template":"","meta":{"_acf_changed":false,"footnotes":""},"class_list":["post-37","page","type-page","status-publish","hentry"],"acf":[],"_links":{"self":[{"href":"https:\/\/graduacao.uel.br\/fisioterapia\/wp-json\/wp\/v2\/pages\/37","targetHints":{"allow":["GET"]}}],"collection":[{"href":"https:\/\/graduacao.uel.br\/fisioterapia\/wp-json\/wp\/v2\/pages"}],"about":[{"href":"https:\/\/graduacao.uel.br\/fisioterapia\/wp-json\/wp\/v2\/types\/page"}],"author":[{"embeddable":true,"href":"https:\/\/graduacao.uel.br\/fisioterapia\/wp-json\/wp\/v2\/users\/8"}],"replies":[{"embeddable":true,"href":"https:\/\/graduacao.uel.br\/fisioterapia\/wp-json\/wp\/v2\/comments?post=37"}],"version-history":[{"count":1,"href":"https:\/\/graduacao.uel.br\/fisioterapia\/wp-json\/wp\/v2\/pages\/37\/revisions"}],"predecessor-version":[{"id":38,"href":"https:\/\/graduacao.uel.br\/fisioterapia\/wp-json\/wp\/v2\/pages\/37\/revisions\/38"}],"wp:attachment":[{"href":"https:\/\/graduacao.uel.br\/fisioterapia\/wp-json\/wp\/v2\/media?parent=37"}],"curies":[{"name":"wp","href":"https:\/\/api.w.org\/{rel}","templated":true}]}}