{"id":122,"date":"2024-05-21T11:01:02","date_gmt":"2024-05-21T14:01:02","guid":{"rendered":"https:\/\/graduacao.uel.br\/geografia\/?page_id=122"},"modified":"2024-05-21T11:02:13","modified_gmt":"2024-05-21T14:02:13","slug":"trabalho-de-campo","status":"publish","type":"page","link":"https:\/\/graduacao.uel.br\/geografia\/trabalho-de-campo\/","title":{"rendered":"Trabalho de Campo"},"content":{"rendered":"\n<p>A Matriz Curricular baseia-se no encadeamento das disciplinas formativas, levando em considera\u00e7\u00e3o suas interconex\u00f5es, pr\u00e9-requisitos, envolvendo o trabalho de campo como metodologia interdisciplinar na indissociabilidade da tr\u00edade ensino, pesquisa e extens\u00e3o. <\/p>\n\n\n\n<p>Salienta-se que <strong>o trabalho de campo \u00e9 indispens\u00e1vel \u00e0 forma\u00e7\u00e3o do ge\u00f3grafo<\/strong>, j\u00e1 que os fen\u00f4menos geogr\u00e1ficos s\u00e3o essencialmente captados e abordados em sua multidimensionalidade por meio desta atividade.<\/p>\n","protected":false},"excerpt":{"rendered":"<p>A Matriz Curricular baseia-se no encadeamento das disciplinas formativas, levando em considera\u00e7\u00e3o suas interconex\u00f5es, pr\u00e9-requisitos, envolvendo o trabalho de campo como metodologia interdisciplinar na indissociabilidade da tr\u00edade ensino, pesquisa e extens\u00e3o. Salienta-se que o trabalho de campo \u00e9 indispens\u00e1vel \u00e0 forma\u00e7\u00e3o do ge\u00f3grafo, j\u00e1 que os fen\u00f4menos geogr\u00e1ficos s\u00e3o essencialmente captados e abordados em sua [&hellip;]<\/p>\n","protected":false},"author":6,"featured_media":0,"parent":0,"menu_order":0,"comment_status":"closed","ping_status":"closed","template":"","meta":{"_acf_changed":false,"footnotes":""},"class_list":["post-122","page","type-page","status-publish","hentry"],"acf":[],"_links":{"self":[{"href":"https:\/\/graduacao.uel.br\/geografia\/wp-json\/wp\/v2\/pages\/122","targetHints":{"allow":["GET"]}}],"collection":[{"href":"https:\/\/graduacao.uel.br\/geografia\/wp-json\/wp\/v2\/pages"}],"about":[{"href":"https:\/\/graduacao.uel.br\/geografia\/wp-json\/wp\/v2\/types\/page"}],"author":[{"embeddable":true,"href":"https:\/\/graduacao.uel.br\/geografia\/wp-json\/wp\/v2\/users\/6"}],"replies":[{"embeddable":true,"href":"https:\/\/graduacao.uel.br\/geografia\/wp-json\/wp\/v2\/comments?post=122"}],"version-history":[{"count":2,"href":"https:\/\/graduacao.uel.br\/geografia\/wp-json\/wp\/v2\/pages\/122\/revisions"}],"predecessor-version":[{"id":125,"href":"https:\/\/graduacao.uel.br\/geografia\/wp-json\/wp\/v2\/pages\/122\/revisions\/125"}],"wp:attachment":[{"href":"https:\/\/graduacao.uel.br\/geografia\/wp-json\/wp\/v2\/media?parent=122"}],"curies":[{"name":"wp","href":"https:\/\/api.w.org\/{rel}","templated":true}]}}