{"id":13,"date":"2024-05-20T15:36:36","date_gmt":"2024-05-20T18:36:36","guid":{"rendered":"https:\/\/graduacao.uel.br\/geografia\/?page_id=13"},"modified":"2025-01-21T11:47:48","modified_gmt":"2025-01-21T14:47:48","slug":"o-curso","status":"publish","type":"page","link":"https:\/\/graduacao.uel.br\/geografia\/o-curso\/","title":{"rendered":"O curso"},"content":{"rendered":"\n<p>O <strong>Curso de Geografia, da UEL<\/strong>, est\u00e1 alocado no Centro de Ci\u00eancias Exatas (CCE), da Universidade Estadual de Londrina (UEL). O curso de Geografia est\u00e1 estruturado no sistema de matr\u00edcula por atividade. <\/p>\n\n\n\n<p>Anualmente, o curso de Geografia ofertar\u00e1 40 vagas para ingresso de novos estudantes para o turno matutino e 40 vagas para o curso noturno. O Curso de Geografia, em Londrina, teve in\u00edcio em mar\u00e7o de 1958 na ent\u00e3o Faculdade de Filosofia Ci\u00eancias e Letras, sendo o segundo curso de Geografia do Estado do Paran\u00e1 e o primeiro no interior do Estado. <\/p>\n\n\n\n<p>Em 1972, foi incorporado \u00e0 Universidade Estadual de Londrina, quando da sua instala\u00e7\u00e3o.<\/p>\n\n\n\n<p><\/p>\n\n\n\n<p><strong>Objetivo do Curso<\/strong><\/p>\n\n\n\n<p>A forma\u00e7\u00e3o do profissional em <strong>Geografia Licenciatura e Bacharelado deve<\/strong>: estar pautada na compreens\u00e3o dos pressupostos filos\u00f3ficos e epistemol\u00f3gicos da Ci\u00eancia como um referencial b\u00e1sico fundamental para a identifica\u00e7\u00e3o, an\u00e1lise, interpreta\u00e7\u00e3o e interven\u00e7\u00e3o na sociedade e na natureza; possibilitar a forma\u00e7\u00e3o integral do ge\u00f3grafo e do educador, desenvolvendo a capacidade de conex\u00e3o entre as \u00e1reas do conhecimento e suas repercuss\u00f5es no entendimento das intera\u00e7\u00f5es entre o espa\u00e7o f\u00edsico e o homem; ter qualidade e ser adequada \u00e0s necessidades e demandas atuais. <\/p>\n\n\n\n<p>Para atingir esses objetivos, o aluno do Curso de Geografia dever\u00e1 desenvolver compet\u00eancias e habilidades em tr\u00eas aspectos: <\/p>\n\n\n\n<p><strong>Conceitual<\/strong>: pressup\u00f5e-se o dom\u00ednio de categorias, conceitos e processos relativos \u00e0 Geografia como Ci\u00eancia e ao fazer pedag\u00f3gico e filos\u00f3fico; <\/p>\n\n\n\n<p><strong>T\u00e9cnico<\/strong>: espera-se o desenvolvimento da capacidade de investiga\u00e7\u00e3o, do uso de novas tecnologias, da interdisciplinaridade e da atua\u00e7\u00e3o em equipes, buscando superar a fragmenta\u00e7\u00e3o das disciplinas no cotidiano do curso e criando situa\u00e7\u00f5es curriculares de integra\u00e7\u00e3o e articula\u00e7\u00e3o de conhecimentos espec\u00edficos; <\/p>\n\n\n\n<p><strong>\u00c9tico-Pol\u00edtico<\/strong>: buscar-se-\u00e1 contemplar a multiculturalidade da sociedade brasileira, o ensino visando \u00e0 aprendizagem dos alunos, o compromisso com os recursos naturais e o patrim\u00f4nio hist\u00f3rico-cultural e com a justi\u00e7a social, a partir de uma atua\u00e7\u00e3o norteada pelos princ\u00edpios da transpar\u00eancia e do esp\u00edrito p\u00fablico.<\/p>\n\n\n\n<p><\/p>\n\n\n\n<p><strong>Conhe\u00e7a um pouco mais sobre o Curso de Geografia da UEL:<\/strong><\/p>\n\n\n\n<div class=\"wp-block-columns is-layout-flex wp-container-core-columns-is-layout-9d6595d7 wp-block-columns-is-layout-flex\">\n<div class=\"wp-block-column is-layout-flow wp-block-column-is-layout-flow\" style=\"flex-basis:66.66%\">\n<figure class=\"wp-block-embed is-type-video is-provider-youtube wp-block-embed-youtube wp-embed-aspect-16-9 wp-has-aspect-ratio\"><div class=\"wp-block-embed__wrapper\">\n<iframe loading=\"lazy\" title=\"Geografia - Cursos de A a Z\" width=\"640\" height=\"360\" src=\"https:\/\/www.youtube.com\/embed\/XP49rgciqzI?list=PLViP9rEFf1TMNC7bufHvtjh2ljFXM1hgz\" frameborder=\"0\" allow=\"accelerometer; autoplay; clipboard-write; encrypted-media; gyroscope; picture-in-picture; web-share\" referrerpolicy=\"strict-origin-when-cross-origin\" allowfullscreen><\/iframe>\n<\/div><\/figure>\n<\/div>\n\n\n\n<div class=\"wp-block-column is-layout-flow wp-block-column-is-layout-flow\" style=\"flex-basis:33.33%\">\n<p><strong>Perfil do Profissional<\/strong><\/p>\n\n\n\n<p>O graduado dever\u00e1 estar apto a:<\/p>\n\n\n\n<p>*Compreender os elementos e processos concernentes ao meio natural e ao espa\u00e7o socialmente produzido; <\/p>\n\n\n\n<p>*Dominar e aprimorar as abordagens cient\u00edficas pertinentes ao processo de produ\u00e7\u00e3o e aplica\u00e7\u00e3o do conhecimento geogr\u00e1fico; <\/p>\n\n\n\n<p>*Dominar t\u00e9cnicas de laborat\u00f3rio relativas \u00e0 aplica\u00e7\u00e3o de conhecimentos geogr\u00e1ficos; <\/p>\n\n\n\n<p><\/p>\n<\/div>\n<\/div>\n\n\n\n<p>*Propor, elaborar e desenvolver projetos de naturezas diversas relativas ao conhecimento geogr\u00e1fico;<\/p>\n\n\n\n<p>*Propor e realizar atividades de campo referentes \u00e0 investiga\u00e7\u00e3o geogr\u00e1fica; <\/p>\n\n\n\n<p>*Identificar e discutir as diferentes escalas em Geografia e selecionar a linguagem cient\u00edfica adequada para o tratamento e an\u00e1lise da informa\u00e7\u00e3o geogr\u00e1fica com \u00eanfase na elabora\u00e7\u00e3o de mapeamentos; <\/p>\n\n\n\n<p>*Atuar como professor em conformidade com a legisla\u00e7\u00e3o vigente.<\/p>\n\n\n\n<div class=\"wp-block-columns is-layout-flex wp-container-core-columns-is-layout-9d6595d7 wp-block-columns-is-layout-flex\">\n<div class=\"wp-block-column is-layout-flow wp-block-column-is-layout-flow\"><\/div>\n<\/div>\n","protected":false},"excerpt":{"rendered":"<p>O Curso de Geografia, da UEL, est\u00e1 alocado no Centro de Ci\u00eancias Exatas (CCE), da Universidade Estadual de Londrina (UEL). O curso de Geografia est\u00e1 estruturado no sistema de matr\u00edcula por atividade. Anualmente, o curso de Geografia ofertar\u00e1 40 vagas para ingresso de novos estudantes para o turno matutino e 40 vagas para o curso [&hellip;]<\/p>\n","protected":false},"author":6,"featured_media":0,"parent":0,"menu_order":0,"comment_status":"closed","ping_status":"closed","template":"","meta":{"_acf_changed":false,"footnotes":""},"class_list":["post-13","page","type-page","status-publish","hentry"],"acf":[],"_links":{"self":[{"href":"https:\/\/graduacao.uel.br\/geografia\/wp-json\/wp\/v2\/pages\/13","targetHints":{"allow":["GET"]}}],"collection":[{"href":"https:\/\/graduacao.uel.br\/geografia\/wp-json\/wp\/v2\/pages"}],"about":[{"href":"https:\/\/graduacao.uel.br\/geografia\/wp-json\/wp\/v2\/types\/page"}],"author":[{"embeddable":true,"href":"https:\/\/graduacao.uel.br\/geografia\/wp-json\/wp\/v2\/users\/6"}],"replies":[{"embeddable":true,"href":"https:\/\/graduacao.uel.br\/geografia\/wp-json\/wp\/v2\/comments?post=13"}],"version-history":[{"count":17,"href":"https:\/\/graduacao.uel.br\/geografia\/wp-json\/wp\/v2\/pages\/13\/revisions"}],"predecessor-version":[{"id":343,"href":"https:\/\/graduacao.uel.br\/geografia\/wp-json\/wp\/v2\/pages\/13\/revisions\/343"}],"wp:attachment":[{"href":"https:\/\/graduacao.uel.br\/geografia\/wp-json\/wp\/v2\/media?parent=13"}],"curies":[{"name":"wp","href":"https:\/\/api.w.org\/{rel}","templated":true}]}}