{"id":199,"date":"2024-05-21T15:49:20","date_gmt":"2024-05-21T18:49:20","guid":{"rendered":"https:\/\/graduacao.uel.br\/geografia\/?page_id=199"},"modified":"2024-05-21T15:53:40","modified_gmt":"2024-05-21T18:53:40","slug":"centro-academico-ca","status":"publish","type":"page","link":"https:\/\/graduacao.uel.br\/geografia\/centro-academico-ca\/","title":{"rendered":"Centro Acad\u00eamico (CA)"},"content":{"rendered":"\n<p>O <strong>Centro Acad\u00eamico de Geografia &#8211; CAGEO<\/strong> da Universidade Estadual de Londrina (UEL), teve seu in\u00edcio em meados dos anos de 1985, quando um grupo de alunos se reuniram para debater quest\u00f5es que envolviam a comunidade acad\u00eamica, de 1985 a 1991 o nome do Centro Acad\u00eamico era Representa\u00e7\u00e3o Estudantil, somente em 1991 com a regulariza\u00e7\u00e3o a representa\u00e7\u00e3o estudantil passa a se chamar Centro Acad\u00eamico de Geografia o famoso CAGEO, durante toda a sua vig\u00eancia o CAGEO teve suas representa\u00e7\u00f5es em conselhos de centro, reuni\u00f5es de departamento e de colegiado compondo 30% das cadeiras. <\/p>\n\n\n\n<p>Al\u00e9m de estar em contato direto com os alunos o Centro Acad\u00eamico \u00e9 de grande fun\u00e7\u00e3o no curso para os estudantes, pois atrav\u00e9s de seus representantes \u00e9 que a voz de cada um faz ser ouvida. <\/p>\n\n\n\n<p>Com o passar dos anos o Centro Acad\u00eamico foi ganhando mais for\u00e7a para as lutas, frente \u00e0s mobiliza\u00e7\u00f5es estudantis. <\/p>\n\n\n\n<p><strong>Gest\u00e3o 2024 <\/strong><\/p>\n\n\n\n<p>JHON LUCAS <\/p>\n\n\n\n<p>MALCOL FERNANDES VILERA <\/p>\n\n\n\n<p>RAUL MOURA GUIMARAES PENA <\/p>\n\n\n\n<p>WILLIAM FERNANDES DE SOUZA<\/p>\n","protected":false},"excerpt":{"rendered":"<p>O Centro Acad\u00eamico de Geografia &#8211; CAGEO da Universidade Estadual de Londrina (UEL), teve seu in\u00edcio em meados dos anos de 1985, quando um grupo de alunos se reuniram para debater quest\u00f5es que envolviam a comunidade acad\u00eamica, de 1985 a 1991 o nome do Centro Acad\u00eamico era Representa\u00e7\u00e3o Estudantil, somente em 1991 com a regulariza\u00e7\u00e3o [&hellip;]<\/p>\n","protected":false},"author":6,"featured_media":0,"parent":0,"menu_order":0,"comment_status":"closed","ping_status":"closed","template":"","meta":{"_acf_changed":false,"footnotes":""},"class_list":["post-199","page","type-page","status-publish","hentry"],"acf":[],"_links":{"self":[{"href":"https:\/\/graduacao.uel.br\/geografia\/wp-json\/wp\/v2\/pages\/199","targetHints":{"allow":["GET"]}}],"collection":[{"href":"https:\/\/graduacao.uel.br\/geografia\/wp-json\/wp\/v2\/pages"}],"about":[{"href":"https:\/\/graduacao.uel.br\/geografia\/wp-json\/wp\/v2\/types\/page"}],"author":[{"embeddable":true,"href":"https:\/\/graduacao.uel.br\/geografia\/wp-json\/wp\/v2\/users\/6"}],"replies":[{"embeddable":true,"href":"https:\/\/graduacao.uel.br\/geografia\/wp-json\/wp\/v2\/comments?post=199"}],"version-history":[{"count":2,"href":"https:\/\/graduacao.uel.br\/geografia\/wp-json\/wp\/v2\/pages\/199\/revisions"}],"predecessor-version":[{"id":212,"href":"https:\/\/graduacao.uel.br\/geografia\/wp-json\/wp\/v2\/pages\/199\/revisions\/212"}],"wp:attachment":[{"href":"https:\/\/graduacao.uel.br\/geografia\/wp-json\/wp\/v2\/media?parent=199"}],"curies":[{"name":"wp","href":"https:\/\/api.w.org\/{rel}","templated":true}]}}