{"id":201,"date":"2024-05-21T15:49:35","date_gmt":"2024-05-21T18:49:35","guid":{"rendered":"https:\/\/graduacao.uel.br\/geografia\/?page_id=201"},"modified":"2024-05-21T16:12:47","modified_gmt":"2024-05-21T19:12:47","slug":"empresa-junior","status":"publish","type":"page","link":"https:\/\/graduacao.uel.br\/geografia\/empresa-junior\/","title":{"rendered":"Empresa J\u00fanior"},"content":{"rendered":"\n<p>A <strong>TerGeo Consultoria Socioambiental &#8211; Empresa J\u00fanior de Geografia <\/strong>da Universidade Estadual de Londrina (UEL), \u00e9 uma associa\u00e7\u00e3o civil sem fins econ\u00f4micos, com fins educativos, e com prazo de dura\u00e7\u00e3o indeterminado, com sede no Departamento de Geoci\u00eancias da Universidade Estadual de Londrina &#8211; Rodovia Celso Garcia Cid &#8211; Pr 445 Km 380 e foro nesta cidade de Londrina. <\/p>\n\n\n\n<p>A TerGeo Consultoria Socioambiental tem por finalidade:<\/p>\n\n\n\n<p>a) Proporcionar a seus membros efetivos as condi\u00e7\u00f5es necess\u00e1rias \u00e0 aplica\u00e7\u00e3o pr\u00e1tica de seus conhecimentos te\u00f3ricos relativos \u00e0 sua \u00e1rea de forma\u00e7\u00e3o profissional; <\/p>\n\n\n\n<p>b) Dar \u00e0 sociedade um retorno dos investimentos que ela realiza na Universidade, atrav\u00e9s de servi\u00e7os de alta qualidade, realizados por futuros profissionais da \u00e1rea de Geografia do Curso de Gradua\u00e7\u00e3o da Universidade Estadual de Londrina; <\/p>\n\n\n\n<p>c) Incentivar a capacidade empreendedora do aluno, dando a ele uma vis\u00e3o profissional j\u00e1 no \u00e2mbito acad\u00eamico; <\/p>\n\n\n\n<p>d) Realizar estudos socioambientais e elaborar diagn\u00f3sticos e relat\u00f3rios sobre assuntos espec\u00edficos inseridos em sua \u00e1rea de atua\u00e7\u00e3o;<\/p>\n\n\n\n<p>e) Assessorar a implanta\u00e7\u00e3o de solu\u00e7\u00f5es indicadas para problemas diagnosticados; <\/p>\n\n\n\n<p>f) Valorizar alunos e professores da Universidade Estadual de Londrina no mercado de trabalho e no \u00e2mbito acad\u00eamico, bem como a referida institui\u00e7\u00e3o.<\/p>\n\n\n\n<div class=\"wp-block-columns is-layout-flex wp-container-core-columns-is-layout-9d6595d7 wp-block-columns-is-layout-flex\">\n<div class=\"wp-block-column is-layout-flow wp-block-column-is-layout-flow\"><\/div>\n<\/div>\n","protected":false},"excerpt":{"rendered":"<p>A TerGeo Consultoria Socioambiental &#8211; Empresa J\u00fanior de Geografia da Universidade Estadual de Londrina (UEL), \u00e9 uma associa\u00e7\u00e3o civil sem fins econ\u00f4micos, com fins educativos, e com prazo de dura\u00e7\u00e3o indeterminado, com sede no Departamento de Geoci\u00eancias da Universidade Estadual de Londrina &#8211; Rodovia Celso Garcia Cid &#8211; Pr 445 Km 380 e foro nesta [&hellip;]<\/p>\n","protected":false},"author":6,"featured_media":0,"parent":0,"menu_order":0,"comment_status":"closed","ping_status":"closed","template":"","meta":{"_acf_changed":false,"footnotes":""},"class_list":["post-201","page","type-page","status-publish","hentry"],"acf":[],"_links":{"self":[{"href":"https:\/\/graduacao.uel.br\/geografia\/wp-json\/wp\/v2\/pages\/201","targetHints":{"allow":["GET"]}}],"collection":[{"href":"https:\/\/graduacao.uel.br\/geografia\/wp-json\/wp\/v2\/pages"}],"about":[{"href":"https:\/\/graduacao.uel.br\/geografia\/wp-json\/wp\/v2\/types\/page"}],"author":[{"embeddable":true,"href":"https:\/\/graduacao.uel.br\/geografia\/wp-json\/wp\/v2\/users\/6"}],"replies":[{"embeddable":true,"href":"https:\/\/graduacao.uel.br\/geografia\/wp-json\/wp\/v2\/comments?post=201"}],"version-history":[{"count":2,"href":"https:\/\/graduacao.uel.br\/geografia\/wp-json\/wp\/v2\/pages\/201\/revisions"}],"predecessor-version":[{"id":214,"href":"https:\/\/graduacao.uel.br\/geografia\/wp-json\/wp\/v2\/pages\/201\/revisions\/214"}],"wp:attachment":[{"href":"https:\/\/graduacao.uel.br\/geografia\/wp-json\/wp\/v2\/media?parent=201"}],"curies":[{"name":"wp","href":"https:\/\/api.w.org\/{rel}","templated":true}]}}