{"id":203,"date":"2024-05-21T15:50:15","date_gmt":"2024-05-21T18:50:15","guid":{"rendered":"https:\/\/graduacao.uel.br\/geografia\/?page_id=203"},"modified":"2024-09-05T17:22:06","modified_gmt":"2024-09-05T20:22:06","slug":"atletica","status":"publish","type":"page","link":"https:\/\/graduacao.uel.br\/geografia\/atletica\/","title":{"rendered":"Atl\u00e9tica"},"content":{"rendered":"\n<p><strong>Associa\u00e7\u00e3o Atl\u00e9tica Acad\u00eamica Exatas &#8211; UEL<\/strong> <\/p>\n\n\n\n<p>A Atl\u00e9tica \u00e9 formada atrav\u00e9s de uma sele\u00e7\u00e3o de discentes que representam os cursos de Biotecnologia, Ci\u00eancia da Computa\u00e7\u00e3o, F\u00edsica, Geografia, Matem\u00e1tica e Qu\u00edmica. <\/p>\n\n\n\n<p>Atl\u00e9tica Exatas UEL no <strong><a href=\"https:\/\/www.instagram.com\/exatasuel\/\">Instagran<\/a><\/strong><\/p>\n\n\n\n<p>Atl\u00e9tica Exatas UEL no <strong><a href=\"https:\/\/www.facebook.com\/AtleticaExatasUEL\">FaceBook<\/a><\/strong><\/p>\n\n\n\n<p>Atl\u00e9tica Exatas UEL no <strong><a href=\"https:\/\/www.tiktok.com\/@exatasuel\">tiktok<\/a><\/strong><\/p>\n\n\n\n<p><\/p>\n","protected":false},"excerpt":{"rendered":"<p>Associa\u00e7\u00e3o Atl\u00e9tica Acad\u00eamica Exatas &#8211; UEL A Atl\u00e9tica \u00e9 formada atrav\u00e9s de uma sele\u00e7\u00e3o de discentes que representam os cursos de Biotecnologia, Ci\u00eancia da Computa\u00e7\u00e3o, F\u00edsica, Geografia, Matem\u00e1tica e Qu\u00edmica. Atl\u00e9tica Exatas UEL no Instagran Atl\u00e9tica Exatas UEL no FaceBook Atl\u00e9tica Exatas UEL no tiktok<\/p>\n","protected":false},"author":6,"featured_media":0,"parent":0,"menu_order":0,"comment_status":"closed","ping_status":"closed","template":"","meta":{"_acf_changed":false,"footnotes":""},"class_list":["post-203","page","type-page","status-publish","hentry"],"acf":[],"_links":{"self":[{"href":"https:\/\/graduacao.uel.br\/geografia\/wp-json\/wp\/v2\/pages\/203","targetHints":{"allow":["GET"]}}],"collection":[{"href":"https:\/\/graduacao.uel.br\/geografia\/wp-json\/wp\/v2\/pages"}],"about":[{"href":"https:\/\/graduacao.uel.br\/geografia\/wp-json\/wp\/v2\/types\/page"}],"author":[{"embeddable":true,"href":"https:\/\/graduacao.uel.br\/geografia\/wp-json\/wp\/v2\/users\/6"}],"replies":[{"embeddable":true,"href":"https:\/\/graduacao.uel.br\/geografia\/wp-json\/wp\/v2\/comments?post=203"}],"version-history":[{"count":6,"href":"https:\/\/graduacao.uel.br\/geografia\/wp-json\/wp\/v2\/pages\/203\/revisions"}],"predecessor-version":[{"id":333,"href":"https:\/\/graduacao.uel.br\/geografia\/wp-json\/wp\/v2\/pages\/203\/revisions\/333"}],"wp:attachment":[{"href":"https:\/\/graduacao.uel.br\/geografia\/wp-json\/wp\/v2\/media?parent=203"}],"curies":[{"name":"wp","href":"https:\/\/api.w.org\/{rel}","templated":true}]}}