{"id":205,"date":"2024-05-21T15:50:29","date_gmt":"2024-05-21T18:50:29","guid":{"rendered":"https:\/\/graduacao.uel.br\/geografia\/?page_id=205"},"modified":"2024-05-21T16:46:23","modified_gmt":"2024-05-21T19:46:23","slug":"grupo-pet","status":"publish","type":"page","link":"https:\/\/graduacao.uel.br\/geografia\/grupo-pet\/","title":{"rendered":"Grupo PET"},"content":{"rendered":"\n<p>O <strong>Programa PET-Geografia<\/strong> busca o envolvimento e o desenvolvimento integral dos acad\u00eamicos, desde a sua implanta\u00e7\u00e3o, em 1994, atingindo quase 3 d\u00e9cadas de exist\u00eancia, buscando trabalhar a tr\u00edade do ensino, pesquisa e extens\u00e3o. <\/p>\n\n\n\n<p>O grupo planeja as atividades de forma horizontal, se organizando em comiss\u00f5es que desenvolvem atividades com relev\u00e2ncia educativa e social. <\/p>\n\n\n\n<p><strong>Tutora<\/strong>: Jeani Delgado Paschoal<\/p>\n\n\n\n<p><strong>Professores<\/strong>: Edilson Luis de Oliveira; Ideni Terezinha Antonello; Eloiza Cristiane Torres; Patr\u00edcia Fernandes Paula-Shinobu; Jaqueline Telma Vercezi; Marciel Lohmann; S\u00e9rgio Aparecido Nabarro.<\/p>\n\n\n\n<p><strong>Colaboradores<\/strong>: Jos\u00e9 Rafael Vilela da Silva; Felipe Costa Aguiar; Rodrigo Batista da Silva; Victor Casagrande Duarte Santana.<\/p>\n\n\n\n<p><strong>Bolsistas<\/strong>: Marcelo Correa Porto; Luis Gustavo Pozzobom; Jhon Lucas Thomaz Romanini; Gubert Gustavo Costa da Fonseca; Pedro Augusto Emiliano de Souza; Luciano de Oliveira Garcia; Marigo Malcol Fernandes Viler\u00e1; Raul Moura Guimaraes Pena; Alan Victor da Silva Nogueira; Lydi Barbieri da Silva.<\/p>\n","protected":false},"excerpt":{"rendered":"<p>O Programa PET-Geografia busca o envolvimento e o desenvolvimento integral dos acad\u00eamicos, desde a sua implanta\u00e7\u00e3o, em 1994, atingindo quase 3 d\u00e9cadas de exist\u00eancia, buscando trabalhar a tr\u00edade do ensino, pesquisa e extens\u00e3o. O grupo planeja as atividades de forma horizontal, se organizando em comiss\u00f5es que desenvolvem atividades com relev\u00e2ncia educativa e social. Tutora: Jeani [&hellip;]<\/p>\n","protected":false},"author":6,"featured_media":0,"parent":0,"menu_order":0,"comment_status":"closed","ping_status":"closed","template":"","meta":{"_acf_changed":false,"footnotes":""},"class_list":["post-205","page","type-page","status-publish","hentry"],"acf":[],"_links":{"self":[{"href":"https:\/\/graduacao.uel.br\/geografia\/wp-json\/wp\/v2\/pages\/205","targetHints":{"allow":["GET"]}}],"collection":[{"href":"https:\/\/graduacao.uel.br\/geografia\/wp-json\/wp\/v2\/pages"}],"about":[{"href":"https:\/\/graduacao.uel.br\/geografia\/wp-json\/wp\/v2\/types\/page"}],"author":[{"embeddable":true,"href":"https:\/\/graduacao.uel.br\/geografia\/wp-json\/wp\/v2\/users\/6"}],"replies":[{"embeddable":true,"href":"https:\/\/graduacao.uel.br\/geografia\/wp-json\/wp\/v2\/comments?post=205"}],"version-history":[{"count":5,"href":"https:\/\/graduacao.uel.br\/geografia\/wp-json\/wp\/v2\/pages\/205\/revisions"}],"predecessor-version":[{"id":230,"href":"https:\/\/graduacao.uel.br\/geografia\/wp-json\/wp\/v2\/pages\/205\/revisions\/230"}],"wp:attachment":[{"href":"https:\/\/graduacao.uel.br\/geografia\/wp-json\/wp\/v2\/media?parent=205"}],"curies":[{"name":"wp","href":"https:\/\/api.w.org\/{rel}","templated":true}]}}