{"id":52,"date":"2024-05-20T16:05:35","date_gmt":"2024-05-20T19:05:35","guid":{"rendered":"https:\/\/graduacao.uel.br\/geografia\/?page_id=52"},"modified":"2025-02-20T11:36:19","modified_gmt":"2025-02-20T14:36:19","slug":"aex","status":"publish","type":"page","link":"https:\/\/graduacao.uel.br\/geografia\/aex\/","title":{"rendered":"AEX"},"content":{"rendered":"\n<p><strong>Bacharelado e Licenciatura&nbsp;<\/strong>\u2013 Com a publica\u00e7\u00e3o da Resolu\u00e7\u00e3o n\u00ba. 7, de 18 de dezembro de 2018, que estabelece as Diretrizes para a Extens\u00e3o na Educa\u00e7\u00e3o Superior Brasileira e regimento o disposto na Meta 12,7 da Lei n\u00b0. 13.005\/2014, os cursos de gradua\u00e7\u00e3o de todo o pa\u00eds est\u00e3o sendo obrigados a curricularizar atividades de extens\u00e3o. De acordo com o artigo 4\u00b0 dessa Resolu\u00e7\u00e3o, \u201cas atividades de extens\u00e3o devem compor, no m\u00ednimo, 10% (dez por cento) do total da carga hor\u00e1ria curricular estudantil dos cursos de gradua\u00e7\u00e3o, as quais dever\u00e3o fazer parte da matriz curricular dos cursos\u201d. De modo sint\u00e9tico, os objetivos primordiais dessa curriculariza\u00e7\u00e3o s\u00e3o a melhor articula\u00e7\u00e3o entre teoria e pr\u00e1tica na forma\u00e7\u00e3o de graduandos, o aumento das atividades interdisciplinares nos cursos e o maior intera\u00e7\u00e3o de estudantes e docentes com a comunidade externa.<\/p>\n\n\n\n<p>Para mais informa\u00e7\u00f5es para&nbsp;<strong>Atividades de Extens\u00e3o<\/strong>&nbsp;clique em&nbsp;<strong><a href=\"https:\/\/sites.uel.br\/proex\/atividades-academicas-de-extensao-aex\/\">saiba mais<\/a><\/strong>.<\/p>\n\n\n\n<p><strong>INSTRU\u00c7\u00d5ES PARA CREDITA\u00c7\u00c3O DE CARGA HOR\u00c1RIA<\/strong><\/p>\n\n\n\n<div data-wp-interactive=\"core\/file\" class=\"wp-block-file\"><object data-wp-bind--hidden=\"!state.hasPdfPreview\" hidden class=\"wp-block-file__embed\" data=\"https:\/\/graduacao.uel.br\/geografia\/wp-content\/uploads\/2025\/02\/Instrucoes-para-creditacao-de-carga-horaria-de-AEX-DGEO.pdf\" type=\"application\/pdf\" style=\"width:100%;height:600px\" aria-label=\"Incorporado de Instru\u00e7\u00f5es para credita\u00e7\u00e3o de carga hor\u00e1ria de AEX - DGEO.\"><\/object><a id=\"wp-block-file--media-f508657d-706d-49e6-ac31-ec063e4f5e6d\" href=\"https:\/\/graduacao.uel.br\/geografia\/wp-content\/uploads\/2025\/02\/Instrucoes-para-creditacao-de-carga-horaria-de-AEX-DGEO.pdf\">Instru\u00e7\u00f5es para credita\u00e7\u00e3o de carga hor\u00e1ria de AEX &#8211; DGEO<\/a><a href=\"https:\/\/graduacao.uel.br\/geografia\/wp-content\/uploads\/2025\/02\/Instrucoes-para-creditacao-de-carga-horaria-de-AEX-DGEO.pdf\" class=\"wp-block-file__button wp-element-button\" download aria-describedby=\"wp-block-file--media-f508657d-706d-49e6-ac31-ec063e4f5e6d\">Baixar<\/a><\/div>\n\n\n\n<p><strong>CRIT\u00c9ROS DE CREDITA\u00c7\u00c3O CURRICULAR DAS ATIVIDADES DE EXTENS\u00c3O (AEX)<\/strong><\/p>\n\n\n\n<div data-wp-interactive=\"core\/file\" class=\"wp-block-file\"><object data-wp-bind--hidden=\"!state.hasPdfPreview\" hidden class=\"wp-block-file__embed\" data=\"https:\/\/graduacao.uel.br\/geografia\/wp-content\/uploads\/2025\/02\/Criterios-de-Creditacao-AEX-GRADE-2023.pdf\" type=\"application\/pdf\" style=\"width:100%;height:600px\" aria-label=\"Incorporado de Crit\u00e9rios de Credita\u00e7\u00e3o AEX - GRADE 2023.\"><\/object><a id=\"wp-block-file--media-7de0ea30-70fd-4686-be2b-5a06b6f22f21\" href=\"https:\/\/graduacao.uel.br\/geografia\/wp-content\/uploads\/2025\/02\/Criterios-de-Creditacao-AEX-GRADE-2023.pdf\">Crit\u00e9rios de Credita\u00e7\u00e3o AEX &#8211; GRADE 2023<\/a><a href=\"https:\/\/graduacao.uel.br\/geografia\/wp-content\/uploads\/2025\/02\/Criterios-de-Creditacao-AEX-GRADE-2023.pdf\" class=\"wp-block-file__button wp-element-button\" download aria-describedby=\"wp-block-file--media-7de0ea30-70fd-4686-be2b-5a06b6f22f21\">Baixar<\/a><\/div>\n\n\n\n<p><\/p>\n","protected":false},"excerpt":{"rendered":"<p>Bacharelado e Licenciatura&nbsp;\u2013 Com a publica\u00e7\u00e3o da Resolu\u00e7\u00e3o n\u00ba. 7, de 18 de dezembro de 2018, que estabelece as Diretrizes para a Extens\u00e3o na Educa\u00e7\u00e3o Superior Brasileira e regimento o disposto na Meta 12,7 da Lei n\u00b0. 13.005\/2014, os cursos de gradua\u00e7\u00e3o de todo o pa\u00eds est\u00e3o sendo obrigados a curricularizar atividades de extens\u00e3o. De [&hellip;]<\/p>\n","protected":false},"author":6,"featured_media":0,"parent":0,"menu_order":0,"comment_status":"closed","ping_status":"closed","template":"","meta":{"_acf_changed":false,"footnotes":""},"class_list":["post-52","page","type-page","status-publish","hentry"],"acf":[],"_links":{"self":[{"href":"https:\/\/graduacao.uel.br\/geografia\/wp-json\/wp\/v2\/pages\/52","targetHints":{"allow":["GET"]}}],"collection":[{"href":"https:\/\/graduacao.uel.br\/geografia\/wp-json\/wp\/v2\/pages"}],"about":[{"href":"https:\/\/graduacao.uel.br\/geografia\/wp-json\/wp\/v2\/types\/page"}],"author":[{"embeddable":true,"href":"https:\/\/graduacao.uel.br\/geografia\/wp-json\/wp\/v2\/users\/6"}],"replies":[{"embeddable":true,"href":"https:\/\/graduacao.uel.br\/geografia\/wp-json\/wp\/v2\/comments?post=52"}],"version-history":[{"count":9,"href":"https:\/\/graduacao.uel.br\/geografia\/wp-json\/wp\/v2\/pages\/52\/revisions"}],"predecessor-version":[{"id":353,"href":"https:\/\/graduacao.uel.br\/geografia\/wp-json\/wp\/v2\/pages\/52\/revisions\/353"}],"wp:attachment":[{"href":"https:\/\/graduacao.uel.br\/geografia\/wp-json\/wp\/v2\/media?parent=52"}],"curies":[{"name":"wp","href":"https:\/\/api.w.org\/{rel}","templated":true}]}}