{"id":57,"date":"2024-05-20T16:16:35","date_gmt":"2024-05-20T19:16:35","guid":{"rendered":"https:\/\/graduacao.uel.br\/geografia\/?page_id=57"},"modified":"2024-05-24T09:16:17","modified_gmt":"2024-05-24T12:16:17","slug":"tcc","status":"publish","type":"page","link":"https:\/\/graduacao.uel.br\/geografia\/tcc\/","title":{"rendered":"TCC"},"content":{"rendered":"\n<p><strong>Bacharelado&nbsp;e Licenciatura<\/strong> \u2013 O trabalho de conclus\u00e3o do curso (TCC) de Geografia \u00e9 uma atividade obrigat\u00f3ria para obten\u00e7\u00e3o do t\u00edtulo de gradua\u00e7\u00e3o. Caracteriza-se como trabalho escrito sobre objeto de pesquisa delimitado e com escopo te\u00f3rico-metodol\u00f3gico relacionado a uma das \u00e1reas de conhecimento do curso:<\/p>\n\n\n\n<p>O TCC de Geografia deve ser elaborado individualmente pelo estudante regularmente matriculado no Curso de Geografia, devendo seguir a forma textual de car\u00e1ter monogr\u00e1fico e atender aos seguintes objetivos:<\/p>\n\n\n\n<p>1 ) capacitar o estudante para a elabora\u00e7\u00e3o de pesquisas;<\/p>\n\n\n\n<p>2) levar o estudante a correlacionar e aprofundar os conhecimentos te\u00f3ricos e pr\u00e1ticos adquiridos no curso;<\/p>\n\n\n\n<p>3) propiciar ao estudante o contato com o processo de investiga\u00e7\u00e3o, auxiliando-o em todas as etapas da pesquisa tais como: formula\u00e7\u00e3o do problema de an\u00e1lise, localiza\u00e7\u00e3o do referencial te\u00f3rico, escolha de metodologias de pesquisa \u2013 quando se tratar de coleta e an\u00e1lise de dados, formula\u00e7\u00e3o coerente da conclus\u00e3o da pesquisa e apresenta\u00e7\u00e3o final do trabalho;<\/p>\n\n\n\n<p>4) contribuir para o enriquecimento das atividades acad\u00eamicas do Curso de Geografia, estimulando a produ\u00e7\u00e3o cient\u00edfica que poder\u00e1 estar articulada \u00e0s necessidades da comunidade local, nacional e internacional.<\/p>\n\n\n\n<div class=\"wp-block-columns is-layout-flex wp-container-core-columns-is-layout-9d6595d7 wp-block-columns-is-layout-flex\">\n<div class=\"wp-block-column is-layout-flow wp-block-column-is-layout-flow\"><\/div>\n<\/div>\n\n\n\n<div class=\"wp-block-buttons is-content-justification-center is-layout-flex wp-container-core-buttons-is-layout-16018d1d wp-block-buttons-is-layout-flex\">\n<div class=\"wp-block-button\"><a class=\"wp-block-button__link has-primary-accent-background-color has-background wp-element-button\" href=\"https:\/\/sites.uel.br\/prograd\/wp-content\/uploads\/documentos\/deliberacoes\/2007\/deliberacao_79_07.pdf\">Regulamento<\/a><\/div>\n<\/div>\n\n\n\n<div class=\"wp-block-columns is-layout-flex wp-container-core-columns-is-layout-9d6595d7 wp-block-columns-is-layout-flex\">\n<div class=\"wp-block-column is-layout-flow wp-block-column-is-layout-flow\"><\/div>\n<\/div>\n","protected":false},"excerpt":{"rendered":"<p>Bacharelado&nbsp;e Licenciatura \u2013 O trabalho de conclus\u00e3o do curso (TCC) de Geografia \u00e9 uma atividade obrigat\u00f3ria para obten\u00e7\u00e3o do t\u00edtulo de gradua\u00e7\u00e3o. Caracteriza-se como trabalho escrito sobre objeto de pesquisa delimitado e com escopo te\u00f3rico-metodol\u00f3gico relacionado a uma das \u00e1reas de conhecimento do curso: O TCC de Geografia deve ser elaborado individualmente pelo estudante regularmente [&hellip;]<\/p>\n","protected":false},"author":6,"featured_media":0,"parent":0,"menu_order":0,"comment_status":"closed","ping_status":"closed","template":"","meta":{"_acf_changed":false,"footnotes":""},"class_list":["post-57","page","type-page","status-publish","hentry"],"acf":[],"_links":{"self":[{"href":"https:\/\/graduacao.uel.br\/geografia\/wp-json\/wp\/v2\/pages\/57","targetHints":{"allow":["GET"]}}],"collection":[{"href":"https:\/\/graduacao.uel.br\/geografia\/wp-json\/wp\/v2\/pages"}],"about":[{"href":"https:\/\/graduacao.uel.br\/geografia\/wp-json\/wp\/v2\/types\/page"}],"author":[{"embeddable":true,"href":"https:\/\/graduacao.uel.br\/geografia\/wp-json\/wp\/v2\/users\/6"}],"replies":[{"embeddable":true,"href":"https:\/\/graduacao.uel.br\/geografia\/wp-json\/wp\/v2\/comments?post=57"}],"version-history":[{"count":11,"href":"https:\/\/graduacao.uel.br\/geografia\/wp-json\/wp\/v2\/pages\/57\/revisions"}],"predecessor-version":[{"id":302,"href":"https:\/\/graduacao.uel.br\/geografia\/wp-json\/wp\/v2\/pages\/57\/revisions\/302"}],"wp:attachment":[{"href":"https:\/\/graduacao.uel.br\/geografia\/wp-json\/wp\/v2\/media?parent=57"}],"curies":[{"name":"wp","href":"https:\/\/api.w.org\/{rel}","templated":true}]}}