{"id":76,"date":"2024-05-21T09:29:52","date_gmt":"2024-05-21T12:29:52","guid":{"rendered":"https:\/\/graduacao.uel.br\/geografia\/?page_id=76"},"modified":"2024-05-21T13:50:46","modified_gmt":"2024-05-21T16:50:46","slug":"bacharelado","status":"publish","type":"page","link":"https:\/\/graduacao.uel.br\/geografia\/bacharelado\/","title":{"rendered":"Bacharelado"},"content":{"rendered":"\n<p>O curso de <strong>Bacharelado em Geografia da UEL<\/strong>, est\u00e1 alocado no Centro de Ci\u00eancias Exalas (CCE), da Universidade Estadual de Londrina (UEL). O curso de Geografia est\u00e1 estruturado no sistema de matr\u00edcula por atividade. Anualmente, o curso de Geografia ofertar\u00e1 40 vagas para ingresso de novos estudantes para o turno noturno e 40 vagas para o turno diurno.<\/p>\n\n\n\n<p><strong>Abaixo temos o modelo da Matriz Curricular com habilita\u00e7\u00e3o Bacharelado para Geografia:<\/strong><\/p>\n\n\n\n<div data-wp-interactive=\"core\/file\" class=\"wp-block-file\"><object data-wp-bind--hidden=\"!state.hasPdfPreview\" hidden class=\"wp-block-file__embed\" data=\"https:\/\/graduacao.uel.br\/geografia\/wp-content\/uploads\/2024\/05\/geografia_bacharelado_matutino.pdf\" type=\"application\/pdf\" style=\"width:100%;height:600px\" aria-label=\"Incorporado de geografia_bacharelado_matutino.\"><\/object><a id=\"wp-block-file--media-9d54db08-195e-4487-8e4c-d33087d698d6\" href=\"https:\/\/graduacao.uel.br\/geografia\/wp-content\/uploads\/2024\/05\/geografia_bacharelado_matutino.pdf\">geografia_bacharelado_matutino<\/a><a href=\"https:\/\/graduacao.uel.br\/geografia\/wp-content\/uploads\/2024\/05\/geografia_bacharelado_matutino.pdf\" class=\"wp-block-file__button wp-element-button\" download aria-describedby=\"wp-block-file--media-9d54db08-195e-4487-8e4c-d33087d698d6\">Baixar<\/a><\/div>\n","protected":false},"excerpt":{"rendered":"<p>O curso de Bacharelado em Geografia da UEL, est\u00e1 alocado no Centro de Ci\u00eancias Exalas (CCE), da Universidade Estadual de Londrina (UEL). O curso de Geografia est\u00e1 estruturado no sistema de matr\u00edcula por atividade. Anualmente, o curso de Geografia ofertar\u00e1 40 vagas para ingresso de novos estudantes para o turno noturno e 40 vagas para [&hellip;]<\/p>\n","protected":false},"author":6,"featured_media":0,"parent":0,"menu_order":0,"comment_status":"closed","ping_status":"closed","template":"","meta":{"_acf_changed":false,"footnotes":""},"class_list":["post-76","page","type-page","status-publish","hentry"],"acf":[],"_links":{"self":[{"href":"https:\/\/graduacao.uel.br\/geografia\/wp-json\/wp\/v2\/pages\/76","targetHints":{"allow":["GET"]}}],"collection":[{"href":"https:\/\/graduacao.uel.br\/geografia\/wp-json\/wp\/v2\/pages"}],"about":[{"href":"https:\/\/graduacao.uel.br\/geografia\/wp-json\/wp\/v2\/types\/page"}],"author":[{"embeddable":true,"href":"https:\/\/graduacao.uel.br\/geografia\/wp-json\/wp\/v2\/users\/6"}],"replies":[{"embeddable":true,"href":"https:\/\/graduacao.uel.br\/geografia\/wp-json\/wp\/v2\/comments?post=76"}],"version-history":[{"count":4,"href":"https:\/\/graduacao.uel.br\/geografia\/wp-json\/wp\/v2\/pages\/76\/revisions"}],"predecessor-version":[{"id":143,"href":"https:\/\/graduacao.uel.br\/geografia\/wp-json\/wp\/v2\/pages\/76\/revisions\/143"}],"wp:attachment":[{"href":"https:\/\/graduacao.uel.br\/geografia\/wp-json\/wp\/v2\/media?parent=76"}],"curies":[{"name":"wp","href":"https:\/\/api.w.org\/{rel}","templated":true}]}}