{"id":54,"date":"2024-04-26T11:52:33","date_gmt":"2024-04-26T14:52:33","guid":{"rendered":"https:\/\/graduacao.uel.br\/historia\/?page_id=54"},"modified":"2024-04-30T15:44:13","modified_gmt":"2024-04-30T18:44:13","slug":"tcc","status":"publish","type":"page","link":"https:\/\/graduacao.uel.br\/historia\/tcc\/","title":{"rendered":"TCC"},"content":{"rendered":"\n<p>O trabalho de Conclus\u00e3o do Curso de Hist\u00f3ria \u2013 TCC constitui-se na elabora\u00e7\u00e3o de uma Monografia descrita como Atividade Acad\u00eamica Obrigat\u00f3ria na matriz curricular respectiva.<\/p>\n\n\n\n<p>O TCC \u00e9 uma atividade acad\u00eamica obrigat\u00f3ria que tem como objetivo correlacionar e aprofundar os conhecimentos te\u00f3rico-pr\u00e1ticos adquiridos na vida acad\u00eamica. <\/p>\n\n\n\n<p>\u00c9 um trabalho de natureza acad\u00eamico-cient\u00edfica elaborado individualmente pelo estudante concluinte do Curso de Gradua\u00e7\u00e3o em Hist\u00f3ria.<br><br>O TCC pode ser de natureza:<\/p>\n\n\n\n<p>I \u2013 te\u00f3rica, em que o estudante discute um tema relevante com o objetivo de rever a bibliografia produzida at\u00e9 ent\u00e3o, devendo analisar conceitos de v\u00e1rios autores e propor ou apontar novas formula\u00e7\u00f5es que elucidem melhor o tema em quest\u00e3o;<br>II \u2013 te\u00f3rica-emp\u00edrica, em que o estudante elabora, juntamente com a pesquisa te\u00f3rica, uma pesquisa das evid\u00eancias ou de campo, levantando os dados prim\u00e1rios e secund\u00e1rios, entrando em contato direto com o universo do seu objeto de estudo e fundamentando assim a discuss\u00e3o te\u00f3rica a partir da an\u00e1lise do material coletado;<br>III \u2013 os trabalhos, tanto de natureza te\u00f3rica, quanto te\u00f3rica-emp\u00edrica, dever\u00e3o apresentar um objeto de investiga\u00e7\u00e3o que configure o campo de pesquisa do historiador.<\/p>\n\n\n\n<p><\/p>\n\n\n\n<div class=\"wp-block-buttons is-content-justification-center is-layout-flex wp-container-core-buttons-is-layout-16018d1d wp-block-buttons-is-layout-flex\">\n<div class=\"wp-block-button\"><a class=\"wp-block-button__link has-primary-accent-background-color has-background wp-element-button\" href=\"https:\/\/sites.uel.br\/prograd\/wp-content\/uploads\/documentos\/deliberacoes\/2007\/deliberacao_51_07.pdf\">Regulamento TCC<\/a><\/div>\n<\/div>\n\n\n\n<div class=\"wp-block-columns is-layout-flex wp-container-core-columns-is-layout-9d6595d7 wp-block-columns-is-layout-flex\">\n<div class=\"wp-block-column is-layout-flow wp-block-column-is-layout-flow\"><\/div>\n<\/div>\n","protected":false},"excerpt":{"rendered":"<p>O trabalho de Conclus\u00e3o do Curso de Hist\u00f3ria \u2013 TCC constitui-se na elabora\u00e7\u00e3o de uma Monografia descrita como Atividade Acad\u00eamica Obrigat\u00f3ria na matriz curricular respectiva. O TCC \u00e9 uma atividade acad\u00eamica obrigat\u00f3ria que tem como objetivo correlacionar e aprofundar os conhecimentos te\u00f3rico-pr\u00e1ticos adquiridos na vida acad\u00eamica. \u00c9 um trabalho de natureza acad\u00eamico-cient\u00edfica elaborado individualmente pelo [&hellip;]<\/p>\n","protected":false},"author":6,"featured_media":0,"parent":0,"menu_order":0,"comment_status":"closed","ping_status":"closed","template":"","meta":{"_acf_changed":false,"footnotes":""},"class_list":["post-54","page","type-page","status-publish","hentry"],"acf":[],"_links":{"self":[{"href":"https:\/\/graduacao.uel.br\/historia\/wp-json\/wp\/v2\/pages\/54","targetHints":{"allow":["GET"]}}],"collection":[{"href":"https:\/\/graduacao.uel.br\/historia\/wp-json\/wp\/v2\/pages"}],"about":[{"href":"https:\/\/graduacao.uel.br\/historia\/wp-json\/wp\/v2\/types\/page"}],"author":[{"embeddable":true,"href":"https:\/\/graduacao.uel.br\/historia\/wp-json\/wp\/v2\/users\/6"}],"replies":[{"embeddable":true,"href":"https:\/\/graduacao.uel.br\/historia\/wp-json\/wp\/v2\/comments?post=54"}],"version-history":[{"count":5,"href":"https:\/\/graduacao.uel.br\/historia\/wp-json\/wp\/v2\/pages\/54\/revisions"}],"predecessor-version":[{"id":254,"href":"https:\/\/graduacao.uel.br\/historia\/wp-json\/wp\/v2\/pages\/54\/revisions\/254"}],"wp:attachment":[{"href":"https:\/\/graduacao.uel.br\/historia\/wp-json\/wp\/v2\/media?parent=54"}],"curies":[{"name":"wp","href":"https:\/\/api.w.org\/{rel}","templated":true}]}}