{"id":101,"date":"2024-06-25T17:43:26","date_gmt":"2024-06-25T20:43:26","guid":{"rendered":"https:\/\/graduacao.uel.br\/jornalismo\/?page_id=101"},"modified":"2024-06-25T17:59:05","modified_gmt":"2024-06-25T20:59:05","slug":"tcc","status":"publish","type":"page","link":"https:\/\/graduacao.uel.br\/jornalismo\/tcc\/","title":{"rendered":"TCC"},"content":{"rendered":"\n<p>O trabalho de conclus\u00e3o do curso (TCC) de Jornalismo \u00e9 uma atividade obrigat\u00f3ria para obten\u00e7\u00e3o do t\u00edtulo de gradua\u00e7\u00e3o. Caracteriza-se como trabalho escrito sobre objeto de pesquisa da \u00e1rea de conhecimento do curso.<\/p>\n\n\n\n<p>O TCC de Jornalismo deve ser elaborado individualmente pelo estudante regularmente matriculado no Curso de Jornalismo, devendo seguir a forma textual de car\u00e1ter monogr\u00e1fico e atender aos seguintes objetivos:<\/p>\n\n\n\n<p>1 ) capacitar o estudante para a elabora\u00e7\u00e3o de pesquisas;<\/p>\n\n\n\n<p>2) levar o estudante a correlacionar e aprofundar os conhecimentos te\u00f3ricos e pr\u00e1ticos adquiridos no curso;<\/p>\n\n\n\n<p>3) propiciar ao estudante o contato com o processo de investiga\u00e7\u00e3o, auxiliando-o em todas as etapas da pesquisa.<\/p>\n\n\n\n<p>4) contribuir para o enriquecimento das atividades acad\u00eamicas do Curso de Jornalismo, estimulando a investiga\u00e7\u00e3o, narra\u00e7\u00e3o, pesquisa que poder\u00e1 estar articulada \u00e0s necessidades da comunidade local, nacional e internacional.<\/p>\n\n\n\n<div class=\"wp-block-columns is-layout-flex wp-container-core-columns-is-layout-9d6595d7 wp-block-columns-is-layout-flex\">\n<div class=\"wp-block-column is-layout-flow wp-block-column-is-layout-flow\"><\/div>\n<\/div>\n","protected":false},"excerpt":{"rendered":"<p>O trabalho de conclus\u00e3o do curso (TCC) de Jornalismo \u00e9 uma atividade obrigat\u00f3ria para obten\u00e7\u00e3o do t\u00edtulo de gradua\u00e7\u00e3o. Caracteriza-se como trabalho escrito sobre objeto de pesquisa da \u00e1rea de conhecimento do curso. O TCC de Jornalismo deve ser elaborado individualmente pelo estudante regularmente matriculado no Curso de Jornalismo, devendo seguir a forma textual de [&hellip;]<\/p>\n","protected":false},"author":6,"featured_media":0,"parent":0,"menu_order":0,"comment_status":"closed","ping_status":"closed","template":"","meta":{"_acf_changed":false,"_themeisle_gutenberg_block_has_review":false,"footnotes":""},"class_list":["post-101","page","type-page","status-publish","hentry"],"acf":[],"_links":{"self":[{"href":"https:\/\/graduacao.uel.br\/jornalismo\/wp-json\/wp\/v2\/pages\/101","targetHints":{"allow":["GET"]}}],"collection":[{"href":"https:\/\/graduacao.uel.br\/jornalismo\/wp-json\/wp\/v2\/pages"}],"about":[{"href":"https:\/\/graduacao.uel.br\/jornalismo\/wp-json\/wp\/v2\/types\/page"}],"author":[{"embeddable":true,"href":"https:\/\/graduacao.uel.br\/jornalismo\/wp-json\/wp\/v2\/users\/6"}],"replies":[{"embeddable":true,"href":"https:\/\/graduacao.uel.br\/jornalismo\/wp-json\/wp\/v2\/comments?post=101"}],"version-history":[{"count":6,"href":"https:\/\/graduacao.uel.br\/jornalismo\/wp-json\/wp\/v2\/pages\/101\/revisions"}],"predecessor-version":[{"id":110,"href":"https:\/\/graduacao.uel.br\/jornalismo\/wp-json\/wp\/v2\/pages\/101\/revisions\/110"}],"wp:attachment":[{"href":"https:\/\/graduacao.uel.br\/jornalismo\/wp-json\/wp\/v2\/media?parent=101"}],"curies":[{"name":"wp","href":"https:\/\/api.w.org\/{rel}","templated":true}]}}