{"id":11,"date":"2024-06-25T11:23:45","date_gmt":"2024-06-25T14:23:45","guid":{"rendered":"https:\/\/graduacao.uel.br\/jornalismo\/?page_id=11"},"modified":"2024-06-25T14:41:55","modified_gmt":"2024-06-25T17:41:55","slug":"o-curso","status":"publish","type":"page","link":"https:\/\/graduacao.uel.br\/jornalismo\/o-curso\/","title":{"rendered":"O curso"},"content":{"rendered":"\n<p><strong>Perfil do Profissional<\/strong><br>O profissional de Jornalismo deve estar apto a desenvolver as seguintes atividades: Reportagem (para ve\u00edculos impressos e eletr\u00f4nicos), reportagem fotogr\u00e1fica, diagrama\u00e7\u00e3o, reda\u00e7\u00e3o, edi\u00e7\u00e3o (t\u00edtulo, legendas, adequa\u00e7\u00e3o de mat\u00e9ria jornal\u00edstica visando publica\u00e7\u00e3o), coordena\u00e7\u00e3o de equipes de cobertura, produ\u00e7\u00e3o e edi\u00e7\u00e3o de artigos, cr\u00f4nicas e coment\u00e1rios, titula\u00e7\u00e3o, interpreta\u00e7\u00e3o, corre\u00e7\u00e3o e coordena\u00e7\u00e3o de mat\u00e9ria a ser divulgada; entrevista e reportagem; planejamento; organiza\u00e7\u00e3o e dire\u00e7\u00e3o de servi\u00e7os t\u00e9cnicos de jornalismo; revis\u00e3o de originais; organiza\u00e7\u00e3o e conserva\u00e7\u00e3o de arquivo jornal\u00edstico e de pesquisa; diagrama\u00e7\u00e3o; execu\u00e7\u00e3o de pesquisa em comunica\u00e7\u00e3o; ensino da Comunica\u00e7\u00e3o Social\/Jornalismo.<\/p>\n\n\n\n<p><strong>Objetivo do Curso<\/strong><br>Formar profissionais que desenvolvam a comunica\u00e7\u00e3o como pr\u00e1tica social, utilizando-se da reflex\u00e3o te\u00f3rica da criatividade e do esp\u00edrito cr\u00edtico. Aperfei\u00e7oar t\u00e9cnicas de produ\u00e7\u00e3o de mensagens jornal\u00edsticas tratando a linguagem como a\u00e7\u00e3o e a comunica\u00e7\u00e3o como ato social; desenvolver a pesquisa e a reflex\u00e3o sobre a comunica\u00e7\u00e3o e seu impacto na sociedade; explorar os novos usos para a comunica\u00e7\u00e3o na sociedade.<\/p>\n\n\n\n<p><strong>Campos de Atua\u00e7\u00e3o<\/strong><br>O jornalista tem amplo campo de trabalho nos diversos meios e sistemas de comunica\u00e7\u00e3o como: jornal, revista, r\u00e1dio, televis\u00e3o, assessoria de imprensa, Internet, novas tecnologias de comunica\u00e7\u00e3o, consultorias de comunica\u00e7\u00e3o, assessorias pol\u00edticas etc. A profiss\u00e3o \u00e9 regulamentada pelo Decreto n.\u00ba 83.284, de 13\/03\/79.<\/p>\n\n\n\n<p><strong>Sistema&nbsp;Acad\u00eamico<\/strong><br>Matr\u00edcula por Atividade Acad\u00eamica<\/p>\n\n\n\n<p><strong>Dura\u00e7\u00e3o M\u00ednima e M\u00e1xima<\/strong><br>4\/8 anos<\/p>\n\n\n\n<div class=\"wp-block-columns is-layout-flex wp-container-core-columns-is-layout-9d6595d7 wp-block-columns-is-layout-flex\">\n<div class=\"wp-block-column is-layout-flow wp-block-column-is-layout-flow\"><\/div>\n<\/div>\n","protected":false},"excerpt":{"rendered":"<p>Perfil do ProfissionalO profissional de Jornalismo deve estar apto a desenvolver as seguintes atividades: Reportagem (para ve\u00edculos impressos e eletr\u00f4nicos), reportagem fotogr\u00e1fica, diagrama\u00e7\u00e3o, reda\u00e7\u00e3o, edi\u00e7\u00e3o (t\u00edtulo, legendas, adequa\u00e7\u00e3o de mat\u00e9ria jornal\u00edstica visando publica\u00e7\u00e3o), coordena\u00e7\u00e3o de equipes de cobertura, produ\u00e7\u00e3o e edi\u00e7\u00e3o de artigos, cr\u00f4nicas e coment\u00e1rios, titula\u00e7\u00e3o, interpreta\u00e7\u00e3o, corre\u00e7\u00e3o e coordena\u00e7\u00e3o de mat\u00e9ria a ser [&hellip;]<\/p>\n","protected":false},"author":6,"featured_media":0,"parent":0,"menu_order":0,"comment_status":"closed","ping_status":"closed","template":"","meta":{"_acf_changed":false,"_themeisle_gutenberg_block_has_review":false,"footnotes":""},"class_list":["post-11","page","type-page","status-publish","hentry"],"acf":[],"_links":{"self":[{"href":"https:\/\/graduacao.uel.br\/jornalismo\/wp-json\/wp\/v2\/pages\/11","targetHints":{"allow":["GET"]}}],"collection":[{"href":"https:\/\/graduacao.uel.br\/jornalismo\/wp-json\/wp\/v2\/pages"}],"about":[{"href":"https:\/\/graduacao.uel.br\/jornalismo\/wp-json\/wp\/v2\/types\/page"}],"author":[{"embeddable":true,"href":"https:\/\/graduacao.uel.br\/jornalismo\/wp-json\/wp\/v2\/users\/6"}],"replies":[{"embeddable":true,"href":"https:\/\/graduacao.uel.br\/jornalismo\/wp-json\/wp\/v2\/comments?post=11"}],"version-history":[{"count":3,"href":"https:\/\/graduacao.uel.br\/jornalismo\/wp-json\/wp\/v2\/pages\/11\/revisions"}],"predecessor-version":[{"id":84,"href":"https:\/\/graduacao.uel.br\/jornalismo\/wp-json\/wp\/v2\/pages\/11\/revisions\/84"}],"wp:attachment":[{"href":"https:\/\/graduacao.uel.br\/jornalismo\/wp-json\/wp\/v2\/media?parent=11"}],"curies":[{"name":"wp","href":"https:\/\/api.w.org\/{rel}","templated":true}]}}