{"id":131,"date":"2024-06-26T15:59:42","date_gmt":"2024-06-26T18:59:42","guid":{"rendered":"https:\/\/graduacao.uel.br\/jornalismo\/?page_id=131"},"modified":"2024-06-26T16:05:07","modified_gmt":"2024-06-26T19:05:07","slug":"centro-academico-ca","status":"publish","type":"page","link":"https:\/\/graduacao.uel.br\/jornalismo\/centro-academico-ca\/","title":{"rendered":"Centro Acad\u00eamico (CA)"},"content":{"rendered":"\n<p>Um dos pontos mais cr\u00edticos levantados na recente pesquisa promovida pelo Cacom&nbsp;\u00e9 a quest\u00e3o da integra\u00e7\u00e3o entre os estudantes.<\/p>\n\n\n\n<p>Como qualquer Centro Acad\u00eamico, \u00e9 fun\u00e7\u00e3o do&nbsp;<strong>CACOM<\/strong>&nbsp;(Centro Acad\u00eamico de Comunica\u00e7\u00e3o) incitar e organizar o maior n\u00famero poss\u00edvel de eventos, desde os mais formais, como palestras ou oficinas, at\u00e9 os mais leves com o prop\u00f3sito de lazer entre os colegas de curso.<\/p>\n\n\n\n<p>Conhe\u00e7a a&nbsp;<strong><a href=\"https:\/\/cacomuel.blogspot.com\/\">CACOM<\/a><\/strong>.<\/p>\n","protected":false},"excerpt":{"rendered":"<p>Um dos pontos mais cr\u00edticos levantados na recente pesquisa promovida pelo Cacom&nbsp;\u00e9 a quest\u00e3o da integra\u00e7\u00e3o entre os estudantes. Como qualquer Centro Acad\u00eamico, \u00e9 fun\u00e7\u00e3o do&nbsp;CACOM&nbsp;(Centro Acad\u00eamico de Comunica\u00e7\u00e3o) incitar e organizar o maior n\u00famero poss\u00edvel de eventos, desde os mais formais, como palestras ou oficinas, at\u00e9 os mais leves com o prop\u00f3sito de lazer [&hellip;]<\/p>\n","protected":false},"author":6,"featured_media":0,"parent":0,"menu_order":0,"comment_status":"closed","ping_status":"closed","template":"","meta":{"_acf_changed":false,"_themeisle_gutenberg_block_has_review":false,"footnotes":""},"class_list":["post-131","page","type-page","status-publish","hentry"],"acf":[],"_links":{"self":[{"href":"https:\/\/graduacao.uel.br\/jornalismo\/wp-json\/wp\/v2\/pages\/131","targetHints":{"allow":["GET"]}}],"collection":[{"href":"https:\/\/graduacao.uel.br\/jornalismo\/wp-json\/wp\/v2\/pages"}],"about":[{"href":"https:\/\/graduacao.uel.br\/jornalismo\/wp-json\/wp\/v2\/types\/page"}],"author":[{"embeddable":true,"href":"https:\/\/graduacao.uel.br\/jornalismo\/wp-json\/wp\/v2\/users\/6"}],"replies":[{"embeddable":true,"href":"https:\/\/graduacao.uel.br\/jornalismo\/wp-json\/wp\/v2\/comments?post=131"}],"version-history":[{"count":2,"href":"https:\/\/graduacao.uel.br\/jornalismo\/wp-json\/wp\/v2\/pages\/131\/revisions"}],"predecessor-version":[{"id":133,"href":"https:\/\/graduacao.uel.br\/jornalismo\/wp-json\/wp\/v2\/pages\/131\/revisions\/133"}],"wp:attachment":[{"href":"https:\/\/graduacao.uel.br\/jornalismo\/wp-json\/wp\/v2\/media?parent=131"}],"curies":[{"name":"wp","href":"https:\/\/api.w.org\/{rel}","templated":true}]}}