{"id":135,"date":"2024-06-26T16:06:49","date_gmt":"2024-06-26T19:06:49","guid":{"rendered":"https:\/\/graduacao.uel.br\/jornalismo\/?page_id=135"},"modified":"2024-06-26T16:06:49","modified_gmt":"2024-06-26T19:06:49","slug":"atletica","status":"publish","type":"page","link":"https:\/\/graduacao.uel.br\/jornalismo\/atletica\/","title":{"rendered":"Atl\u00e9tica"},"content":{"rendered":"\n<p>A&nbsp;<strong>ASCOF<\/strong>&nbsp;\u00e9 a Associa\u00e7\u00e3o Atl\u00e9tica Professor Waldyr Gutierres Fortes, do CECA.<\/p>\n\n\n\n<p>Ela engloba todos os cursos de Educa\u00e7\u00e3o, Comunica\u00e7\u00e3o e Artes da UEL: Rela\u00e7\u00f5es P\u00fablicas, Jornalismo, Arquivologia, Artes C\u00eanicas, Artes Visuais, Biblioteconomia, Design Gr\u00e1fico, Design de Moda, Pedagogia e M\u00fasica.<\/p>\n\n\n\n<p>Todos esses cursos tem a possibilidade de participar de todas as atividades.<\/p>\n\n\n\n<p>A ASCOF tamb\u00e9m conta com sua bateria universit\u00e1ria que \u00e9 a PIORTERIA, onde todos os alunos que quiserem participar podem se inscrever como ritmistas.<\/p>\n\n\n\n<p>A Atl\u00e9tica conta tamb\u00e9m com um time de cheerleaders da UEL que s\u00e3o as PERRYCATS, as mais belas animadoras de torcida do centro.<\/p>\n\n\n\n<p>Todos os alunos e alunas podem tamb\u00e9m se inscrever e participar das atividades das Cheerleaders.<\/p>\n\n\n\n<p>S\u00e3o abertos processos seletivos para escolha das pessoas que realmente est\u00e3o interessadas em participar das atividades da diretoria executiva.<\/p>\n\n\n\n<p>A atl\u00e9tica sempre muito receptiva chama a todos que tem e que n\u00e3o tem o sangue verde roxo, que venham conhecer e participar das atividades da ASCOF.<\/p>\n\n\n\n<p>Para conhecer mais sobre a ASCOF clique em&nbsp;<strong><a href=\"https:\/\/www.instagram.com\/sedentletica\/?igsh=MTQ0a2Z4enRwNGZoNA%3D%3D\">saiba mais<\/a><\/strong>.<\/p>\n","protected":false},"excerpt":{"rendered":"<p>A&nbsp;ASCOF&nbsp;\u00e9 a Associa\u00e7\u00e3o Atl\u00e9tica Professor Waldyr Gutierres Fortes, do CECA. Ela engloba todos os cursos de Educa\u00e7\u00e3o, Comunica\u00e7\u00e3o e Artes da UEL: Rela\u00e7\u00f5es P\u00fablicas, Jornalismo, Arquivologia, Artes C\u00eanicas, Artes Visuais, Biblioteconomia, Design Gr\u00e1fico, Design de Moda, Pedagogia e M\u00fasica. Todos esses cursos tem a possibilidade de participar de todas as atividades. A ASCOF tamb\u00e9m conta [&hellip;]<\/p>\n","protected":false},"author":6,"featured_media":0,"parent":0,"menu_order":0,"comment_status":"closed","ping_status":"closed","template":"","meta":{"_acf_changed":false,"_themeisle_gutenberg_block_has_review":false,"footnotes":""},"class_list":["post-135","page","type-page","status-publish","hentry"],"acf":[],"_links":{"self":[{"href":"https:\/\/graduacao.uel.br\/jornalismo\/wp-json\/wp\/v2\/pages\/135","targetHints":{"allow":["GET"]}}],"collection":[{"href":"https:\/\/graduacao.uel.br\/jornalismo\/wp-json\/wp\/v2\/pages"}],"about":[{"href":"https:\/\/graduacao.uel.br\/jornalismo\/wp-json\/wp\/v2\/types\/page"}],"author":[{"embeddable":true,"href":"https:\/\/graduacao.uel.br\/jornalismo\/wp-json\/wp\/v2\/users\/6"}],"replies":[{"embeddable":true,"href":"https:\/\/graduacao.uel.br\/jornalismo\/wp-json\/wp\/v2\/comments?post=135"}],"version-history":[{"count":1,"href":"https:\/\/graduacao.uel.br\/jornalismo\/wp-json\/wp\/v2\/pages\/135\/revisions"}],"predecessor-version":[{"id":136,"href":"https:\/\/graduacao.uel.br\/jornalismo\/wp-json\/wp\/v2\/pages\/135\/revisions\/136"}],"wp:attachment":[{"href":"https:\/\/graduacao.uel.br\/jornalismo\/wp-json\/wp\/v2\/media?parent=135"}],"curies":[{"name":"wp","href":"https:\/\/api.w.org\/{rel}","templated":true}]}}