{"id":178,"date":"2025-04-23T16:52:25","date_gmt":"2025-04-23T19:52:25","guid":{"rendered":"https:\/\/graduacao.uel.br\/jornalismo\/?page_id=178"},"modified":"2025-04-24T15:18:12","modified_gmt":"2025-04-24T18:18:12","slug":"assessoria-de-imprensa","status":"publish","type":"page","link":"https:\/\/graduacao.uel.br\/jornalismo\/assessoria-de-imprensa\/","title":{"rendered":"Not\u00edcias do curso"},"content":{"rendered":"\n<p>Produ\u00e7\u00e3o dos estudantes do curso de Jornalismo da UEL<\/p>\n\n\n\n<p><\/p>\n\n\n<div class=\" is-style-boxed wp-block-themeisle-blocks-posts-grid\" id=\"wp-block-themeisle-blocks-posts-grid-25ec7386\"><div class=\"is-grid o-posts-grid-columns-3\"><div class=\"o-posts-grid-post-blog o-posts-grid-post-plain\"><div class=\"o-posts-grid-post\"><div class=\"o-posts-grid-post-image\"><a href=\"https:\/\/graduacao.uel.br\/jornalismo\/assessoria\/2025\/06\/10\/comunicacao-da-uel-bate-recorde-e-leva-30-trabalhos-para-final-do-expocom-sul-2025\/\"><img loading=\"lazy\" decoding=\"async\" width=\"225\" height=\"300\" src=\"https:\/\/graduacao.uel.br\/jornalismo\/wp-content\/uploads\/2025\/06\/image-2-225x300.png\" class=\"attachment-medium size-medium\" alt=\"Comunica\u00e7\u00e3o da UEL bate recorde e leva 30 trabalhos para final do Expocom Sul 2025\" srcset=\"https:\/\/graduacao.uel.br\/jornalismo\/wp-content\/uploads\/2025\/06\/image-2-225x300.png 225w, https:\/\/graduacao.uel.br\/jornalismo\/wp-content\/uploads\/2025\/06\/image-2.png 601w\" sizes=\"(max-width: 225px) 100vw, 225px\" \/><\/a><\/div><div class=\"o-posts-grid-post-body\"><span class=\"o-posts-grid-post-category\"><a href=\"https:\/\/graduacao.uel.br\/jornalismo\/categoria\/assessoria\/\">Assessoria<\/a><\/span><h4 class=\"o-posts-grid-post-title\"><a href=\"https:\/\/graduacao.uel.br\/jornalismo\/assessoria\/2025\/06\/10\/comunicacao-da-uel-bate-recorde-e-leva-30-trabalhos-para-final-do-expocom-sul-2025\/\">Comunica\u00e7\u00e3o da UEL bate recorde e leva 30 trabalhos para final do Expocom Sul 2025<\/a><\/h4><div class=\"o-posts-grid-post-description\"><p>N\u00famero marca retomada da UEL na principal premia\u00e7\u00e3o da \u00e1rea de Comunica\u00e7\u00e3o: em quatro anos foram 83 finalistas\u2026<\/p><\/div><\/div><\/div><\/div><div class=\"o-posts-grid-post-blog o-posts-grid-post-plain\"><div class=\"o-posts-grid-post\"><div class=\"o-posts-grid-post-image\"><a href=\"https:\/\/graduacao.uel.br\/jornalismo\/assessoria\/2025\/05\/28\/programa-produzido-por-alunos-mostra-projetos-de-extensao-na-radio-uel\/\"><img loading=\"lazy\" decoding=\"async\" width=\"300\" height=\"225\" src=\"https:\/\/graduacao.uel.br\/jornalismo\/wp-content\/uploads\/2025\/05\/WhatsApp-Image-2025-05-27-at-10.40.04-300x225.jpeg\" class=\"attachment-medium size-medium\" alt=\"Programa produzido por alunos mostra projetos de extens\u00e3o na R\u00e1dio UEL\" srcset=\"https:\/\/graduacao.uel.br\/jornalismo\/wp-content\/uploads\/2025\/05\/WhatsApp-Image-2025-05-27-at-10.40.04-300x225.jpeg 300w, https:\/\/graduacao.uel.br\/jornalismo\/wp-content\/uploads\/2025\/05\/WhatsApp-Image-2025-05-27-at-10.40.04-1024x768.jpeg 1024w, https:\/\/graduacao.uel.br\/jornalismo\/wp-content\/uploads\/2025\/05\/WhatsApp-Image-2025-05-27-at-10.40.04-768x576.jpeg 768w, https:\/\/graduacao.uel.br\/jornalismo\/wp-content\/uploads\/2025\/05\/WhatsApp-Image-2025-05-27-at-10.40.04.jpeg 1280w\" sizes=\"(max-width: 300px) 100vw, 300px\" \/><\/a><\/div><div class=\"o-posts-grid-post-body\"><span class=\"o-posts-grid-post-category\"><a href=\"https:\/\/graduacao.uel.br\/jornalismo\/categoria\/assessoria\/\">Assessoria<\/a><\/span><h4 class=\"o-posts-grid-post-title\"><a href=\"https:\/\/graduacao.uel.br\/jornalismo\/assessoria\/2025\/05\/28\/programa-produzido-por-alunos-mostra-projetos-de-extensao-na-radio-uel\/\">Programa produzido por alunos mostra projetos de extens\u00e3o na R\u00e1dio UEL<\/a><\/h4><div class=\"o-posts-grid-post-description\"><p>&#8220;Frequ\u00eancia UEL\u201d, produzido na disciplina Produ\u00e7\u00e3o Sonora em Jornalismo, estreou em 24 de maio; primeiro\u2026<\/p><\/div><\/div><\/div><\/div><div class=\"o-posts-grid-post-blog o-posts-grid-post-plain\"><div class=\"o-posts-grid-post\"><div class=\"o-posts-grid-post-image\"><a href=\"https:\/\/graduacao.uel.br\/jornalismo\/assessoria\/2025\/05\/20\/estudantes-vencem-concurso-na-europa-com-foto-que-retrata-fe-e-resistencia\/\"><img loading=\"lazy\" decoding=\"async\" width=\"300\" height=\"200\" src=\"https:\/\/graduacao.uel.br\/jornalismo\/wp-content\/uploads\/2025\/05\/IMG_7018-300x200.jpg\" class=\"attachment-medium size-medium\" alt=\"Estudantes vencem concurso na Europa com foto que retrata f\u00e9 e resist\u00eancia\" srcset=\"https:\/\/graduacao.uel.br\/jornalismo\/wp-content\/uploads\/2025\/05\/IMG_7018-300x200.jpg 300w, https:\/\/graduacao.uel.br\/jornalismo\/wp-content\/uploads\/2025\/05\/IMG_7018-1024x683.jpg 1024w, https:\/\/graduacao.uel.br\/jornalismo\/wp-content\/uploads\/2025\/05\/IMG_7018-768x512.jpg 768w, https:\/\/graduacao.uel.br\/jornalismo\/wp-content\/uploads\/2025\/05\/IMG_7018-1536x1024.jpg 1536w, https:\/\/graduacao.uel.br\/jornalismo\/wp-content\/uploads\/2025\/05\/IMG_7018-2048x1365.jpg 2048w\" sizes=\"(max-width: 300px) 100vw, 300px\" \/><\/a><\/div><div class=\"o-posts-grid-post-body\"><span class=\"o-posts-grid-post-category\"><a href=\"https:\/\/graduacao.uel.br\/jornalismo\/categoria\/assessoria\/\">Assessoria<\/a><\/span><h4 class=\"o-posts-grid-post-title\"><a href=\"https:\/\/graduacao.uel.br\/jornalismo\/assessoria\/2025\/05\/20\/estudantes-vencem-concurso-na-europa-com-foto-que-retrata-fe-e-resistencia\/\">Estudantes vencem concurso na Europa com foto que retrata f\u00e9 e resist\u00eancia<\/a><\/h4><div class=\"o-posts-grid-post-description\"><p>Foto produzida por alunos do 3\u00ba ano de Jornalismo da UEL retrata cavalgada no Assentamento Eli Vive; pr\u00eamio fo\u2026<\/p><\/div><\/div><\/div><\/div><div class=\"o-posts-grid-post-blog o-posts-grid-post-plain\"><div class=\"o-posts-grid-post\"><div class=\"o-posts-grid-post-image\"><a href=\"https:\/\/graduacao.uel.br\/jornalismo\/assessoria\/2025\/05\/20\/jornalista-cubana-fala-sobre-a-experiencia-do-jornal-granma\/\"><img loading=\"lazy\" decoding=\"async\" width=\"300\" height=\"169\" src=\"https:\/\/graduacao.uel.br\/jornalismo\/wp-content\/uploads\/2025\/05\/WhatsApp-Image-2025-05-20-at-09.16.41-300x169.jpeg\" class=\"attachment-medium size-medium\" alt=\"Jornalista cubana fala sobre a experi\u00eancia do jornal Granma\" srcset=\"https:\/\/graduacao.uel.br\/jornalismo\/wp-content\/uploads\/2025\/05\/WhatsApp-Image-2025-05-20-at-09.16.41-300x169.jpeg 300w, https:\/\/graduacao.uel.br\/jornalismo\/wp-content\/uploads\/2025\/05\/WhatsApp-Image-2025-05-20-at-09.16.41-1024x576.jpeg 1024w, https:\/\/graduacao.uel.br\/jornalismo\/wp-content\/uploads\/2025\/05\/WhatsApp-Image-2025-05-20-at-09.16.41-768x432.jpeg 768w, https:\/\/graduacao.uel.br\/jornalismo\/wp-content\/uploads\/2025\/05\/WhatsApp-Image-2025-05-20-at-09.16.41-1536x864.jpeg 1536w, https:\/\/graduacao.uel.br\/jornalismo\/wp-content\/uploads\/2025\/05\/WhatsApp-Image-2025-05-20-at-09.16.41-2048x1152.jpeg 2048w\" sizes=\"(max-width: 300px) 100vw, 300px\" \/><\/a><\/div><div class=\"o-posts-grid-post-body\"><span class=\"o-posts-grid-post-category\"><a href=\"https:\/\/graduacao.uel.br\/jornalismo\/categoria\/assessoria\/\">Assessoria<\/a><\/span><h4 class=\"o-posts-grid-post-title\"><a href=\"https:\/\/graduacao.uel.br\/jornalismo\/assessoria\/2025\/05\/20\/jornalista-cubana-fala-sobre-a-experiencia-do-jornal-granma\/\">Jornalista cubana fala sobre a experi\u00eancia do jornal Granma<\/a><\/h4><div class=\"o-posts-grid-post-description\"><p>A editora Arlin Alberty Loforte falou sobre o jornal cubano que faz a defesa da revolu\u00e7\u00e3o e discutiu pr\u00e1ticas \u2026<\/p><\/div><\/div><\/div><\/div><div class=\"o-posts-grid-post-blog o-posts-grid-post-plain\"><div class=\"o-posts-grid-post\"><div class=\"o-posts-grid-post-body is-full\"><span class=\"o-posts-grid-post-category\"><a href=\"https:\/\/graduacao.uel.br\/jornalismo\/categoria\/assessoria\/\">Assessoria<\/a><\/span><h4 class=\"o-posts-grid-post-title\"><a href=\"https:\/\/graduacao.uel.br\/jornalismo\/assessoria\/2025\/05\/13\/movimentos-populares-discutem-politicas-de-comunicacao\/\">Movimentos populares discutem pol\u00edticas de comunica\u00e7\u00e3o<\/a><\/h4><div class=\"o-posts-grid-post-description\"><p>Mesa de encerramento do VI Simp\u00f3sio de Comunica\u00e7\u00e3o Popular e Comunit\u00e1ria reuniu movimentos sociais Pedro Henri\u2026<\/p><\/div><\/div><\/div><\/div><div class=\"o-posts-grid-post-blog o-posts-grid-post-plain\"><div class=\"o-posts-grid-post\"><div class=\"o-posts-grid-post-image\"><a href=\"https:\/\/graduacao.uel.br\/jornalismo\/assessoria\/2025\/05\/13\/pesquisadores-desenvolvem-metodologias-em-dialogo-com-a-sociedade\/\"><img loading=\"lazy\" decoding=\"async\" width=\"300\" height=\"225\" src=\"https:\/\/graduacao.uel.br\/jornalismo\/wp-content\/uploads\/2025\/05\/IMG_82671-300x225.jpg\" class=\"attachment-medium size-medium\" alt=\"Pesquisadores &#8220;desenvolvem metodologias em di\u00e1logo com a sociedade\u201d\" srcset=\"https:\/\/graduacao.uel.br\/jornalismo\/wp-content\/uploads\/2025\/05\/IMG_82671-300x225.jpg 300w, https:\/\/graduacao.uel.br\/jornalismo\/wp-content\/uploads\/2025\/05\/IMG_82671-1024x768.jpg 1024w, https:\/\/graduacao.uel.br\/jornalismo\/wp-content\/uploads\/2025\/05\/IMG_82671-768x576.jpg 768w, https:\/\/graduacao.uel.br\/jornalismo\/wp-content\/uploads\/2025\/05\/IMG_82671-1536x1152.jpg 1536w, https:\/\/graduacao.uel.br\/jornalismo\/wp-content\/uploads\/2025\/05\/IMG_82671-2048x1536.jpg 2048w\" sizes=\"(max-width: 300px) 100vw, 300px\" \/><\/a><\/div><div class=\"o-posts-grid-post-body\"><span class=\"o-posts-grid-post-category\"><a href=\"https:\/\/graduacao.uel.br\/jornalismo\/categoria\/assessoria\/\">Assessoria<\/a><\/span><h4 class=\"o-posts-grid-post-title\"><a href=\"https:\/\/graduacao.uel.br\/jornalismo\/assessoria\/2025\/05\/13\/pesquisadores-desenvolvem-metodologias-em-dialogo-com-a-sociedade\/\">Pesquisadores &#8220;desenvolvem metodologias em di\u00e1logo com a sociedade\u201d<\/a><\/h4><div class=\"o-posts-grid-post-description\"><p>A produ\u00e7\u00e3o de conhecimento em comunica\u00e7\u00e3o popular e comunit\u00e1ria foi tema de mesa redonda com coordenadoras de \u2026<\/p><\/div><\/div><\/div><\/div><div class=\"o-posts-grid-post-blog o-posts-grid-post-plain\"><div class=\"o-posts-grid-post\"><div class=\"o-posts-grid-post-image\"><a href=\"https:\/\/graduacao.uel.br\/jornalismo\/assessoria\/2025\/05\/06\/mesa-redonda-debate-formas-de-comunicacao-alternativa-no-cotidiano\/\"><img loading=\"lazy\" decoding=\"async\" width=\"300\" height=\"225\" src=\"https:\/\/graduacao.uel.br\/jornalismo\/wp-content\/uploads\/2025\/05\/image-300x225.jpeg\" class=\"attachment-medium size-medium\" alt=\"Mesa redonda debate formas de comunica\u00e7\u00e3o alternativa no cotidiano\" srcset=\"https:\/\/graduacao.uel.br\/jornalismo\/wp-content\/uploads\/2025\/05\/image-300x225.jpeg 300w, https:\/\/graduacao.uel.br\/jornalismo\/wp-content\/uploads\/2025\/05\/image-1024x768.jpeg 1024w, https:\/\/graduacao.uel.br\/jornalismo\/wp-content\/uploads\/2025\/05\/image-768x576.jpeg 768w, https:\/\/graduacao.uel.br\/jornalismo\/wp-content\/uploads\/2025\/05\/image-1536x1152.jpeg 1536w, https:\/\/graduacao.uel.br\/jornalismo\/wp-content\/uploads\/2025\/05\/image.jpeg 1600w\" sizes=\"(max-width: 300px) 100vw, 300px\" \/><\/a><\/div><div class=\"o-posts-grid-post-body\"><span class=\"o-posts-grid-post-category\"><a href=\"https:\/\/graduacao.uel.br\/jornalismo\/categoria\/assessoria\/\">Assessoria<\/a><\/span><h4 class=\"o-posts-grid-post-title\"><a href=\"https:\/\/graduacao.uel.br\/jornalismo\/assessoria\/2025\/05\/06\/mesa-redonda-debate-formas-de-comunicacao-alternativa-no-cotidiano\/\">Mesa redonda debate formas de comunica\u00e7\u00e3o alternativa no cotidiano<\/a><\/h4><div class=\"o-posts-grid-post-description\"><p>Conversa ocorreu no VI Simp\u00f3sio de Comunica\u00e7\u00e3o Popular e Comunit\u00e1ria, realizado na UEL Juliano Quirino, Gabrie\u2026<\/p><\/div><\/div><\/div><\/div><div class=\"o-posts-grid-post-blog o-posts-grid-post-plain\"><div class=\"o-posts-grid-post\"><div class=\"o-posts-grid-post-image\"><a href=\"https:\/\/graduacao.uel.br\/jornalismo\/assessoria\/2025\/05\/06\/peruzzo-abre-simposio-e-propoe-nova-perspectiva-para-as-relacoes-publicas\/\"><img loading=\"lazy\" decoding=\"async\" width=\"300\" height=\"225\" src=\"https:\/\/graduacao.uel.br\/jornalismo\/wp-content\/uploads\/2025\/05\/image-300x225.png\" class=\"attachment-medium size-medium\" alt=\"Peruzzo abre Simp\u00f3sio e prop\u00f5e nova perspectiva para as rela\u00e7\u00f5es p\u00fablicas\" srcset=\"https:\/\/graduacao.uel.br\/jornalismo\/wp-content\/uploads\/2025\/05\/image-300x225.png 300w, https:\/\/graduacao.uel.br\/jornalismo\/wp-content\/uploads\/2025\/05\/image-1024x768.png 1024w, https:\/\/graduacao.uel.br\/jornalismo\/wp-content\/uploads\/2025\/05\/image-768x576.png 768w, https:\/\/graduacao.uel.br\/jornalismo\/wp-content\/uploads\/2025\/05\/image-1536x1152.png 1536w, https:\/\/graduacao.uel.br\/jornalismo\/wp-content\/uploads\/2025\/05\/image.png 1600w\" sizes=\"(max-width: 300px) 100vw, 300px\" \/><\/a><\/div><div class=\"o-posts-grid-post-body\"><span class=\"o-posts-grid-post-category\"><a href=\"https:\/\/graduacao.uel.br\/jornalismo\/categoria\/assessoria\/\">Assessoria<\/a><\/span><h4 class=\"o-posts-grid-post-title\"><a href=\"https:\/\/graduacao.uel.br\/jornalismo\/assessoria\/2025\/05\/06\/peruzzo-abre-simposio-e-propoe-nova-perspectiva-para-as-relacoes-publicas\/\">Peruzzo abre Simp\u00f3sio e prop\u00f5e nova perspectiva para as rela\u00e7\u00f5es p\u00fablicas<\/a><\/h4><div class=\"o-posts-grid-post-description\"><p>Professora prop\u00f5e vis\u00e3o cr\u00edtica e human\u00edstica em sociedade marcada pelas contradi\u00e7\u00f5es do capitalismo Gabriel S\u2026<\/p><\/div><\/div><\/div><\/div><div class=\"o-posts-grid-post-blog o-posts-grid-post-plain\"><div class=\"o-posts-grid-post\"><div class=\"o-posts-grid-post-image\"><a href=\"https:\/\/graduacao.uel.br\/jornalismo\/assessoria\/2025\/04\/23\/jornalista-cubana-abre-evento-de-comunicacao-na-uel\/\"><img loading=\"lazy\" decoding=\"async\" width=\"300\" height=\"215\" src=\"https:\/\/graduacao.uel.br\/jornalismo\/wp-content\/uploads\/2025\/04\/Arlin-Alberty-Loforte-entrega-Medalla-Felix-Elmusa-Jornada-de-la-Prensa-2025-300x215.jpg\" class=\"attachment-medium size-medium\" alt=\"Jornalista cubana abre evento de comunica\u00e7\u00e3o na UEL\" srcset=\"https:\/\/graduacao.uel.br\/jornalismo\/wp-content\/uploads\/2025\/04\/Arlin-Alberty-Loforte-entrega-Medalla-Felix-Elmusa-Jornada-de-la-Prensa-2025-300x215.jpg 300w, https:\/\/graduacao.uel.br\/jornalismo\/wp-content\/uploads\/2025\/04\/Arlin-Alberty-Loforte-entrega-Medalla-Felix-Elmusa-Jornada-de-la-Prensa-2025-768x551.jpg 768w, https:\/\/graduacao.uel.br\/jornalismo\/wp-content\/uploads\/2025\/04\/Arlin-Alberty-Loforte-entrega-Medalla-Felix-Elmusa-Jornada-de-la-Prensa-2025.jpg 1020w\" sizes=\"(max-width: 300px) 100vw, 300px\" \/><\/a><\/div><div class=\"o-posts-grid-post-body\"><span class=\"o-posts-grid-post-category\"><a href=\"https:\/\/graduacao.uel.br\/jornalismo\/categoria\/assessoria\/\">Assessoria<\/a><\/span><h4 class=\"o-posts-grid-post-title\"><a href=\"https:\/\/graduacao.uel.br\/jornalismo\/assessoria\/2025\/04\/23\/jornalista-cubana-abre-evento-de-comunicacao-na-uel\/\">Jornalista cubana abre evento de comunica\u00e7\u00e3o na UEL<\/a><\/h4><div class=\"o-posts-grid-post-description\"><p>Simp\u00f3sio de Comunica\u00e7\u00e3o Popular e Comunit\u00e1ria chega \u00e0 sexta edi\u00e7\u00e3o com foco na luta contra a barb\u00e1rie e na con\u2026<\/p><\/div><\/div><\/div><\/div><div class=\"o-posts-grid-post-blog o-posts-grid-post-plain\"><div class=\"o-posts-grid-post\"><div class=\"o-posts-grid-post-image\"><a href=\"https:\/\/graduacao.uel.br\/jornalismo\/assessoria\/2025\/04\/14\/cobertura-da-expolondrina-e-um-divisor-de-aguas\/\"><img loading=\"lazy\" decoding=\"async\" width=\"300\" height=\"225\" src=\"https:\/\/graduacao.uel.br\/jornalismo\/wp-content\/uploads\/2025\/04\/Foto-3-300x225.jpeg\" class=\"attachment-medium size-medium\" alt=\"Cobertura da ExpoLondrina \u00e9 um \u201cdivisor de \u00e1guas\u201d\" srcset=\"https:\/\/graduacao.uel.br\/jornalismo\/wp-content\/uploads\/2025\/04\/Foto-3-300x225.jpeg 300w, https:\/\/graduacao.uel.br\/jornalismo\/wp-content\/uploads\/2025\/04\/Foto-3-1024x768.jpeg 1024w, https:\/\/graduacao.uel.br\/jornalismo\/wp-content\/uploads\/2025\/04\/Foto-3-768x576.jpeg 768w, https:\/\/graduacao.uel.br\/jornalismo\/wp-content\/uploads\/2025\/04\/Foto-3-1536x1152.jpeg 1536w, https:\/\/graduacao.uel.br\/jornalismo\/wp-content\/uploads\/2025\/04\/Foto-3.jpeg 1600w\" sizes=\"(max-width: 300px) 100vw, 300px\" \/><\/a><\/div><div class=\"o-posts-grid-post-body\"><span class=\"o-posts-grid-post-category\"><a href=\"https:\/\/graduacao.uel.br\/jornalismo\/categoria\/assessoria\/\">Assessoria<\/a><\/span><h4 class=\"o-posts-grid-post-title\"><a href=\"https:\/\/graduacao.uel.br\/jornalismo\/assessoria\/2025\/04\/14\/cobertura-da-expolondrina-e-um-divisor-de-aguas\/\">Cobertura da ExpoLondrina \u00e9 um \u201cdivisor de \u00e1guas\u201d<\/a><\/h4><div class=\"o-posts-grid-post-description\"><p>A atua\u00e7\u00e3o dos estudantes na cobertura jornal\u00edstica da ExpoLondrina 2025 \u00e9 importante na forma\u00e7\u00e3o acad\u00eamica. \u00c9 \u2026<\/p><\/div><\/div><\/div><\/div><div class=\"o-posts-grid-post-blog o-posts-grid-post-plain\"><div class=\"o-posts-grid-post\"><div class=\"o-posts-grid-post-image\"><a href=\"https:\/\/graduacao.uel.br\/jornalismo\/assessoria\/2025\/04\/04\/alunos-de-jornalismo-atuam-na-cobertura-da-expolondrina\/\"><img loading=\"lazy\" decoding=\"async\" width=\"300\" height=\"139\" src=\"https:\/\/graduacao.uel.br\/jornalismo\/wp-content\/uploads\/2025\/04\/Foto-1-300x139.jpeg\" class=\"attachment-medium size-medium\" alt=\"Alunos de jornalismo atuam na cobertura da ExpoLondrina\" srcset=\"https:\/\/graduacao.uel.br\/jornalismo\/wp-content\/uploads\/2025\/04\/Foto-1-300x139.jpeg 300w, https:\/\/graduacao.uel.br\/jornalismo\/wp-content\/uploads\/2025\/04\/Foto-1-1024x473.jpeg 1024w, https:\/\/graduacao.uel.br\/jornalismo\/wp-content\/uploads\/2025\/04\/Foto-1-768x355.jpeg 768w, https:\/\/graduacao.uel.br\/jornalismo\/wp-content\/uploads\/2025\/04\/Foto-1.jpeg 1280w\" sizes=\"(max-width: 300px) 100vw, 300px\" \/><\/a><\/div><div class=\"o-posts-grid-post-body\"><span class=\"o-posts-grid-post-category\"><a href=\"https:\/\/graduacao.uel.br\/jornalismo\/categoria\/assessoria\/\">Assessoria<\/a><\/span><h4 class=\"o-posts-grid-post-title\"><a href=\"https:\/\/graduacao.uel.br\/jornalismo\/assessoria\/2025\/04\/04\/alunos-de-jornalismo-atuam-na-cobertura-da-expolondrina\/\">Alunos de jornalismo atuam na cobertura da ExpoLondrina<\/a><\/h4><div class=\"o-posts-grid-post-description\"><p>Vinte e nove estudantes do curso de Jornalismo da Universidade Estadual de Londrina (UEL) foram selecionados p\u2026<\/p><\/div><\/div><\/div><\/div><\/div> <\/div>\n\n\n<p><\/p>\n","protected":false},"excerpt":{"rendered":"<p>Produ\u00e7\u00e3o dos estudantes do curso de Jornalismo da UEL<\/p>\n","protected":false},"author":8,"featured_media":0,"parent":0,"menu_order":0,"comment_status":"closed","ping_status":"closed","template":"","meta":{"_acf_changed":false,"_themeisle_gutenberg_block_has_review":false,"footnotes":""},"class_list":["post-178","page","type-page","status-publish","hentry"],"acf":[],"_links":{"self":[{"href":"https:\/\/graduacao.uel.br\/jornalismo\/wp-json\/wp\/v2\/pages\/178","targetHints":{"allow":["GET"]}}],"collection":[{"href":"https:\/\/graduacao.uel.br\/jornalismo\/wp-json\/wp\/v2\/pages"}],"about":[{"href":"https:\/\/graduacao.uel.br\/jornalismo\/wp-json\/wp\/v2\/types\/page"}],"author":[{"embeddable":true,"href":"https:\/\/graduacao.uel.br\/jornalismo\/wp-json\/wp\/v2\/users\/8"}],"replies":[{"embeddable":true,"href":"https:\/\/graduacao.uel.br\/jornalismo\/wp-json\/wp\/v2\/comments?post=178"}],"version-history":[{"count":35,"href":"https:\/\/graduacao.uel.br\/jornalismo\/wp-json\/wp\/v2\/pages\/178\/revisions"}],"predecessor-version":[{"id":280,"href":"https:\/\/graduacao.uel.br\/jornalismo\/wp-json\/wp\/v2\/pages\/178\/revisions\/280"}],"wp:attachment":[{"href":"https:\/\/graduacao.uel.br\/jornalismo\/wp-json\/wp\/v2\/media?parent=178"}],"curies":[{"name":"wp","href":"https:\/\/api.w.org\/{rel}","templated":true}]}}