{"id":167,"date":"2024-05-09T15:18:38","date_gmt":"2024-05-09T18:18:38","guid":{"rendered":"https:\/\/graduacao.uel.br\/letras-frances\/?page_id=167"},"modified":"2024-05-09T15:20:28","modified_gmt":"2024-05-09T18:20:28","slug":"tcc","status":"publish","type":"page","link":"https:\/\/graduacao.uel.br\/letras-frances\/tcc\/","title":{"rendered":"TCC"},"content":{"rendered":"\n<p>O TCC em Letras-Franc\u00eas \u00e9 um trabalho de natureza acad\u00eamico-cient\u00edfica, cujo objetivo \u00e9 desenvolver um olhar cient\u00edfico e cr\u00edtico para os temas ligados \u00e0 l\u00edngua, \u00e0 literatura e aos estudos tradutol\u00f3gicos em franc\u00eas. <\/p>\n\n\n\n<p>Nos primeiros meses do primeiro ano de TCC, o estudante poder\u00e1 escolher seu tema e, neste momento, ser\u00e1 indicado um professor da \u00e1rea de franc\u00eas do Departamento de Letras Estrangeiras Modernas que o orientar\u00e1 em todas as etapas da pesquisa. <\/p>\n\n\n\n<p>No geral, o primeiro ano de TCC (3\u00aa s\u00e9rie) \u00e9 mais focado na constru\u00e7\u00e3o do projeto e o segundo ano (4\u00aa s\u00e9rie) \u00e9 destinado \u00e0 execu\u00e7\u00e3o do projeto elaborado com o aux\u00edlio do orientador. <\/p>\n\n\n\n<p>As orienta\u00e7\u00f5es ocorrem de duas formas: <\/p>\n\n\n\n<p>a) reuni\u00f5es individuais com o orientador e <\/p>\n\n\n\n<p>b) reuni\u00f5es coletivas com o coordenador de TCC. <\/p>\n\n\n\n<p>Essa segunda modalidade de reuni\u00e3o \u00e9 parte de uma forma\u00e7\u00e3o complementar intitulada \u201cAprendizagem e desenvolvimento da escrita do TCC em Letras\u201d, tendo os seguintes objetivos: <\/p>\n\n\n\n<p>\u00b7 Fazer os estudantes conhecerem as possibilidades de pesquisas em l\u00edngua, literatura e tradu\u00e7\u00e3o em l\u00edngua francesa <\/p>\n\n\n\n<p>\u00b7 Buscar temas relevantes para o estudo <\/p>\n\n\n\n<p>\u00b7 Se preparar para a escrita acad\u00eamica <\/p>\n\n\n\n<p>\u00b7 Construir objetivos e perguntas de pesquisa <\/p>\n\n\n\n<p>\u00b7 Aprender a fazer um levantamento bibliogr\u00e1fico do tema escolhido para estudo <\/p>\n\n\n\n<p>\u00b7 Compreender as partes de um trabalho cient\u00edfico: a introdu\u00e7\u00e3o, o quadro te\u00f3rico, a metodologia, as an\u00e1lises, a discuss\u00e3o dos resultados e as contribui\u00e7\u00f5es do estudo. <\/p>\n\n\n\n<p>\u00b7 Se preparar para apresenta\u00e7\u00f5es orais e a argui\u00e7\u00e3o da defesa. <\/p>\n\n\n\n<p>A estudante de TCC do curso de Letras-franc\u00eas recebe todo amparo necess\u00e1rio para que ele possa construir uma postura cient\u00edfica e um letramento acad\u00eamico para prosseguir e aprofundar seus estudos em Programas de p\u00f3s-gradua\u00e7\u00e3o. <\/p>\n\n\n\n<p>Sempre que necess\u00e1rio, o estudante poder\u00e1 entrar em contato com a Coordena\u00e7\u00e3o de TCC que, atualmente, \u00e9 composta pela Prof\u00aa. Dra. Suelen Maria Rocha, Coordenadora de TCC de Letras &#8211; Franc\u00eas.<\/p>\n","protected":false},"excerpt":{"rendered":"<p>O TCC em Letras-Franc\u00eas \u00e9 um trabalho de natureza acad\u00eamico-cient\u00edfica, cujo objetivo \u00e9 desenvolver um olhar cient\u00edfico e cr\u00edtico para os temas ligados \u00e0 l\u00edngua, \u00e0 literatura e aos estudos tradutol\u00f3gicos em franc\u00eas. Nos primeiros meses do primeiro ano de TCC, o estudante poder\u00e1 escolher seu tema e, neste momento, ser\u00e1 indicado um professor da [&hellip;]<\/p>\n","protected":false},"author":6,"featured_media":0,"parent":0,"menu_order":0,"comment_status":"closed","ping_status":"closed","template":"","meta":{"_acf_changed":false,"footnotes":""},"class_list":["post-167","page","type-page","status-publish","hentry"],"acf":[],"_links":{"self":[{"href":"https:\/\/graduacao.uel.br\/letras-frances\/wp-json\/wp\/v2\/pages\/167","targetHints":{"allow":["GET"]}}],"collection":[{"href":"https:\/\/graduacao.uel.br\/letras-frances\/wp-json\/wp\/v2\/pages"}],"about":[{"href":"https:\/\/graduacao.uel.br\/letras-frances\/wp-json\/wp\/v2\/types\/page"}],"author":[{"embeddable":true,"href":"https:\/\/graduacao.uel.br\/letras-frances\/wp-json\/wp\/v2\/users\/6"}],"replies":[{"embeddable":true,"href":"https:\/\/graduacao.uel.br\/letras-frances\/wp-json\/wp\/v2\/comments?post=167"}],"version-history":[{"count":2,"href":"https:\/\/graduacao.uel.br\/letras-frances\/wp-json\/wp\/v2\/pages\/167\/revisions"}],"predecessor-version":[{"id":169,"href":"https:\/\/graduacao.uel.br\/letras-frances\/wp-json\/wp\/v2\/pages\/167\/revisions\/169"}],"wp:attachment":[{"href":"https:\/\/graduacao.uel.br\/letras-frances\/wp-json\/wp\/v2\/media?parent=167"}],"curies":[{"name":"wp","href":"https:\/\/api.w.org\/{rel}","templated":true}]}}