{"id":19,"date":"2024-05-08T10:19:11","date_gmt":"2024-05-08T13:19:11","guid":{"rendered":"https:\/\/graduacao.uel.br\/letras-frances\/?page_id=19"},"modified":"2024-05-08T16:10:42","modified_gmt":"2024-05-08T19:10:42","slug":"o-curso","status":"publish","type":"page","link":"https:\/\/graduacao.uel.br\/letras-frances\/o-curso\/","title":{"rendered":"O curso"},"content":{"rendered":"\n<p>Resolu\u00e7\u00e3o de cria\u00e7\u00e3o do curso: Resolu\u00e7\u00e3o CEPE\/CA n\u00b0 110\/2009 (anterior) <a href=\"https:\/\/www.uel.br\/prograd\/documentos\/resolucoes\/2023\/resolucao_07_23.pdf\">RESOLU\u00c7\u00c3O CEPE\/CA 007\/2023<\/a> <strong>(atual)<\/strong>. <\/p>\n\n\n\n<p><strong>Objetivos do curso de Letras-Franc\u00eas s\u00e3o<\/strong>: formar profissionais que atuem com \u00e9tica e compromisso segundo os valores de uma sociedade justa, democr\u00e1tica, igualit\u00e1ria e plural, capazes de dominar as teorias lingu\u00edsticas, liter\u00e1rias e de tradu\u00e7\u00e3o de forma a empreg\u00e1-las, de maneira cr\u00edtica, em sua atividade profissional como revisores, tradutores, cr\u00edticos liter\u00e1rios, bem como em atividades ligadas \u00e0 assessoria cultural e art\u00edstica. <\/p>\n\n\n\n<p>O <strong>perfil do concluinte<\/strong> do curso de Letras-Franc\u00eas da Universidade Estadual de Londrina: estar\u00e1 apto a desenvolver atividades de ensino, pesquisa e extens\u00e3o, assumindo a responsabilidade social de desenvolvimento da sua comunidade e al\u00e9m dela, propondo, assim, analisar, interpretar e resolver problemas que se colocam na vida pr\u00e1tica, de maneira inovadora, criativa, com respaldo na ci\u00eancia e no respeito \u00e0 diversidade cultural. <\/p>\n\n\n\n<p>Nosso curso forma profissionais com dom\u00ednio da linguagem em registros formal e informal, aptos a refletir sobre ela como um fen\u00f4meno semi\u00f3tico, psicol\u00f3gico, social, pol\u00edtico e hist\u00f3rico. <\/p>\n\n\n\n<p>A forma\u00e7\u00e3o em Bacharelado permite que atuem como revisores, tradutores, bem como em atividades ligadas \u00e0 assessoria cultural e art\u00edstica e de cr\u00edtica liter\u00e1ria. <\/p>\n\n\n\n<p>Ele ainda estar\u00e1 preparado para ingressar na p\u00f3s-gradua\u00e7\u00e3o lato e stricto sensu, nas \u00e1reas de Letras e Lingu\u00edstica e em \u00e1reas afins, com o objetivo de dar seguimento \u00e0 sua forma\u00e7\u00e3o, por meio de atividades de pesquisa em estudos lingu\u00edsticos, liter\u00e1rios e tradutol\u00f3gicos, bem como em \u00e1reas relacionadas ao ensino de l\u00edngua e literatura estrangeiras.<\/p>\n\n\n\n<div class=\"wp-block-columns is-layout-flex wp-container-core-columns-is-layout-9d6595d7 wp-block-columns-is-layout-flex\">\n<div class=\"wp-block-column is-layout-flow wp-block-column-is-layout-flow\"><\/div>\n<\/div>\n","protected":false},"excerpt":{"rendered":"<p>Resolu\u00e7\u00e3o de cria\u00e7\u00e3o do curso: Resolu\u00e7\u00e3o CEPE\/CA n\u00b0 110\/2009 (anterior) RESOLU\u00c7\u00c3O CEPE\/CA 007\/2023 (atual). Objetivos do curso de Letras-Franc\u00eas s\u00e3o: formar profissionais que atuem com \u00e9tica e compromisso segundo os valores de uma sociedade justa, democr\u00e1tica, igualit\u00e1ria e plural, capazes de dominar as teorias lingu\u00edsticas, liter\u00e1rias e de tradu\u00e7\u00e3o de forma a empreg\u00e1-las, de maneira [&hellip;]<\/p>\n","protected":false},"author":6,"featured_media":0,"parent":0,"menu_order":0,"comment_status":"closed","ping_status":"closed","template":"","meta":{"_acf_changed":false,"footnotes":""},"class_list":["post-19","page","type-page","status-publish","hentry"],"acf":[],"_links":{"self":[{"href":"https:\/\/graduacao.uel.br\/letras-frances\/wp-json\/wp\/v2\/pages\/19","targetHints":{"allow":["GET"]}}],"collection":[{"href":"https:\/\/graduacao.uel.br\/letras-frances\/wp-json\/wp\/v2\/pages"}],"about":[{"href":"https:\/\/graduacao.uel.br\/letras-frances\/wp-json\/wp\/v2\/types\/page"}],"author":[{"embeddable":true,"href":"https:\/\/graduacao.uel.br\/letras-frances\/wp-json\/wp\/v2\/users\/6"}],"replies":[{"embeddable":true,"href":"https:\/\/graduacao.uel.br\/letras-frances\/wp-json\/wp\/v2\/comments?post=19"}],"version-history":[{"count":4,"href":"https:\/\/graduacao.uel.br\/letras-frances\/wp-json\/wp\/v2\/pages\/19\/revisions"}],"predecessor-version":[{"id":102,"href":"https:\/\/graduacao.uel.br\/letras-frances\/wp-json\/wp\/v2\/pages\/19\/revisions\/102"}],"wp:attachment":[{"href":"https:\/\/graduacao.uel.br\/letras-frances\/wp-json\/wp\/v2\/media?parent=19"}],"curies":[{"name":"wp","href":"https:\/\/api.w.org\/{rel}","templated":true}]}}