{"id":39,"date":"2024-05-08T10:21:51","date_gmt":"2024-05-08T13:21:51","guid":{"rendered":"https:\/\/graduacao.uel.br\/letras-frances\/?page_id=39"},"modified":"2024-05-09T10:48:58","modified_gmt":"2024-05-09T13:48:58","slug":"projeto-pedagogico","status":"publish","type":"page","link":"https:\/\/graduacao.uel.br\/letras-frances\/projeto-pedagogico\/","title":{"rendered":"Projeto Pedag\u00f3gico (PPC)"},"content":{"rendered":"\n<p>A l\u00edngua francesa na Universidade Estadual de Londrina \u00e9 objeto de trabalho do Departamento de Letras desde 06\/10\/1960, com sua atua\u00e7\u00e3o no curso de Letras Portugu\u00eas\/Franc\u00eas. <\/p>\n\n\n\n<p>Em 1991, houve o desmembramento do Departamento de Letras em Departamento de Letras Vern\u00e1culas e Cl\u00e1ssicas e Departamento de Letras Estrangeiras Modernas. <\/p>\n\n\n\n<p>A cria\u00e7\u00e3o do Bacharelado em L\u00edngua e Cultura Francesas, que atualmente \u00e9 denominado Curso de Letras-Franc\u00eas, se soma \u00e0s iniciativas de outras institui\u00e7\u00f5es que visam a implementa\u00e7\u00e3o de pol\u00edticas governamentais de aproxima\u00e7\u00e3o entre o Brasil e a Fran\u00e7a e outros pa\u00edses franc\u00f3fonos, com avan\u00e7o destacado no governo do Estado do Paran\u00e1, altamente interessado pela busca de projetos entre universidades francesas e paranaenses. <\/p>\n\n\n\n<p>Al\u00e9m da curriculariza\u00e7\u00e3o da extens\u00e3o, alguns ajustes foram necess\u00e1rios para desenvolver as potencialidades do Bacharelado em Letras-Franc\u00eas em uma dire\u00e7\u00e3o mais humanista, plural e inclusiva, como o entendemos. <\/p>\n\n\n\n<p>Com o novo PPC, foi poss\u00edvel: <\/p>\n\n\n\n<p>1) Atualizar ementas de algumas disciplinas, adequando-as \u00e0s perspectivas mais inovadoras e plurais no \u00e2mbito do ensino de l\u00ednguas e culturas estrangeiras; <\/p>\n\n\n\n<p>2) Ampliar o percurso pluril\u00edngue dos alunos, incorporando \u00e0 grade obrigat\u00f3ria uma disciplina de Portugu\u00eas para Falantes de Outras L\u00ednguas (PFOL), bem como disciplinas que abordam os textos liter\u00e1rios de uma perspectiva comparatista; <\/p>\n\n\n\n<p>3) Propor disciplinas de l\u00edngua francesa com enfoque na produ\u00e7\u00e3o escrita e na produ\u00e7\u00e3o oral, bem como para o letramento acad\u00e9mico em franc\u00eas e an\u00e1lise do discurso de textos em franc\u00eas; <\/p>\n\n\n\n<p>4) Alterar a temporalidade do aprendizado dos conte\u00fados propostos, saindo do ciclo seriado anual para o de cr\u00e9ditos, dividido em ciclos semestrais, o que permite que o percurso formativo ganhe dinamismo; <\/p>\n\n\n\n<p>5) Incluir em ementas de disciplinas as diretrizes relativas \u00e0 Educa\u00e7\u00e3o Ambiental, Educa\u00e7\u00e3o para Direitos Humanos, Educa\u00e7\u00e3o das Rela\u00e7\u00f5es \u00c9tnico-Raciais e para o Ensino de Hist\u00f3ria e Cultura Afro-Brasileira e Africana, em respeito \u00e0 legisla\u00e7\u00e3o descrita no item 4.<\/p>\n\n\n\n<p>6) Legisla\u00e7\u00e3o B\u00e1sica deste PPC.<\/p>\n\n\n\n<div class=\"wp-block-buttons is-content-justification-center is-layout-flex wp-container-core-buttons-is-layout-16018d1d wp-block-buttons-is-layout-flex\">\n<div class=\"wp-block-button\"><a class=\"wp-block-button__link has-primary-accent-background-color has-background wp-element-button\" href=\"https:\/\/sites.uel.br\/prograd\/graduacao\/projetos-pedagogicos\/projetos-pedagogicos-letras-frances\/\">Resolu\u00e7\u00f5es e Delibera\u00e7\u00f5es<\/a><\/div>\n<\/div>\n\n\n\n<div class=\"wp-block-pb-accordion-item c-accordion__item js-accordion-item no-js\" data-initially-open=\"false\" data-click-to-close=\"true\" data-auto-close=\"true\" data-scroll=\"false\" data-scroll-offset=\"0\"><h6 id=\"at-390\" class=\"c-accordion__title js-accordion-controller\" role=\"button\">DEPARTAMENTO<\/h6><div id=\"ac-390\" class=\"c-accordion__content\">\n<p>O Departamento, subunidade dos Centros de Estudos, constitui-se na menor estrutura de organiza\u00e7\u00e3o administrativa, did\u00e1tico cient\u00edfica e de lota\u00e7\u00e3o de pessoal.<br>No Departamento s\u00e3o reunidas atividades acad\u00eamicas afins e nele est\u00e3o integrados docentes e t\u00e9cnico administrativos para objetivos comuns. (Art. 122 do Regimento Geral da UEL).<\/p>\n<\/div><\/div>\n\n\n\n<div class=\"wp-block-pb-accordion-item c-accordion__item js-accordion-item no-js\" data-initially-open=\"false\" data-click-to-close=\"true\" data-auto-close=\"true\" data-scroll=\"false\" data-scroll-offset=\"0\"><h6 id=\"at-391\" class=\"c-accordion__title js-accordion-controller\" role=\"button\">COLEGIADO<\/h6><div id=\"ac-391\" class=\"c-accordion__content\">\n<p>Os Colegiados de cursos de gradua\u00e7\u00e3o exercem a coordena\u00e7\u00e3o pedag\u00f3gica dos cursos e ser\u00e3o constitu\u00eddos por representantes docentes da \u00e1rea principal de conhecimento e da \u00e1rea b\u00e1sica e\/ou complementar de conhecimento, estudantes e servidores, na forma prevista nos \u00a72\u00ba e \u00a73\u00ba do Art. 27 do Estatuto da Universidade. (Art. alterado atrav\u00e9s da Resolu\u00e7\u00e3o CU 168\/2007).<\/p>\n<\/div><\/div>\n\n\n\n<div class=\"wp-block-pb-accordion-item c-accordion__item js-accordion-item no-js\" data-initially-open=\"false\" data-click-to-close=\"true\" data-auto-close=\"true\" data-scroll=\"false\" data-scroll-offset=\"0\"><h6 id=\"at-392\" class=\"c-accordion__title js-accordion-controller\" role=\"button\"><strong>N\u00daCLEO DOCENTE ESTRUTURANTE (NDE)<\/strong><\/h6><div id=\"ac-392\" class=\"c-accordion__content\">\n<p>O NDE institui-se como parte da estrutura de gest\u00e3o acad\u00eamica do curso com atribui\u00e7\u00f5es consultivas, propositivas e de assessoria, acerca de mat\u00e9rias de natureza acad\u00eamica e pedag\u00f3gica, sendo correspons\u00e1vel pela elabora\u00e7\u00e3o, implementa\u00e7\u00e3o e consolida\u00e7\u00e3o do Projeto Pedag\u00f3gico do Curso (PPC), al\u00e9m de zelar pelo cumprimento das Diretrizes Curriculares Nacionais (DCNs). Tem como objetivos:<\/p>\n\n\n\n<p>1 \u2013 Levantar dificuldades na atua\u00e7\u00e3o do corpo docente do Curso;<\/p>\n\n\n\n<p>2 \u2013 Auxiliar na elabora\u00e7\u00e3o e no acompanhamento do PPC;<\/p>\n\n\n\n<p>3 \u2013 Propor programas ou outras formas de capacita\u00e7\u00e3o docente;<\/p>\n\n\n\n<p>4 \u2013 Acompanhar as avalia\u00e7\u00f5es do Curso definidas pelo Colegiado;<\/p>\n\n\n\n<p>5 \u2013 Analisar e propor modifica\u00e7\u00f5es, quando necess\u00e1rias;<\/p>\n\n\n\n<p>6 \u2013 Indicar formas de incentivo ao desenvolvimento de atividades de pesquisa;<\/p>\n\n\n\n<p>7 \u2013 Contribuir para a concretiza\u00e7\u00e3o do perfil profissional;<\/p>\n\n\n\n<p>8 \u2013 Zelar pelo cumprimento das DCNs aplic\u00e1veis ao Curso de Letras-Franc\u00eas.<\/p>\n<\/div><\/div>\n","protected":false},"excerpt":{"rendered":"<p>A l\u00edngua francesa na Universidade Estadual de Londrina \u00e9 objeto de trabalho do Departamento de Letras desde 06\/10\/1960, com sua atua\u00e7\u00e3o no curso de Letras Portugu\u00eas\/Franc\u00eas. Em 1991, houve o desmembramento do Departamento de Letras em Departamento de Letras Vern\u00e1culas e Cl\u00e1ssicas e Departamento de Letras Estrangeiras Modernas. A cria\u00e7\u00e3o do Bacharelado em L\u00edngua e [&hellip;]<\/p>\n","protected":false},"author":6,"featured_media":0,"parent":0,"menu_order":0,"comment_status":"closed","ping_status":"closed","template":"","meta":{"_acf_changed":false,"footnotes":""},"class_list":["post-39","page","type-page","status-publish","hentry"],"acf":[],"_links":{"self":[{"href":"https:\/\/graduacao.uel.br\/letras-frances\/wp-json\/wp\/v2\/pages\/39","targetHints":{"allow":["GET"]}}],"collection":[{"href":"https:\/\/graduacao.uel.br\/letras-frances\/wp-json\/wp\/v2\/pages"}],"about":[{"href":"https:\/\/graduacao.uel.br\/letras-frances\/wp-json\/wp\/v2\/types\/page"}],"author":[{"embeddable":true,"href":"https:\/\/graduacao.uel.br\/letras-frances\/wp-json\/wp\/v2\/users\/6"}],"replies":[{"embeddable":true,"href":"https:\/\/graduacao.uel.br\/letras-frances\/wp-json\/wp\/v2\/comments?post=39"}],"version-history":[{"count":5,"href":"https:\/\/graduacao.uel.br\/letras-frances\/wp-json\/wp\/v2\/pages\/39\/revisions"}],"predecessor-version":[{"id":116,"href":"https:\/\/graduacao.uel.br\/letras-frances\/wp-json\/wp\/v2\/pages\/39\/revisions\/116"}],"wp:attachment":[{"href":"https:\/\/graduacao.uel.br\/letras-frances\/wp-json\/wp\/v2\/media?parent=39"}],"curies":[{"name":"wp","href":"https:\/\/api.w.org\/{rel}","templated":true}]}}