{"id":125,"date":"2024-05-13T14:27:03","date_gmt":"2024-05-13T17:27:03","guid":{"rendered":"https:\/\/graduacao.uel.br\/letras-ingles\/?page_id=125"},"modified":"2024-05-13T15:17:34","modified_gmt":"2024-05-13T18:17:34","slug":"centro-academico","status":"publish","type":"page","link":"https:\/\/graduacao.uel.br\/letras-ingles\/centro-academico\/","title":{"rendered":"Centro Acad\u00eamico"},"content":{"rendered":"\n<p>O Centro Acad\u00eamico (CA) \u00e9 um espa\u00e7o fundamental para a viv\u00eancia universit\u00e1ria, indo al\u00e9m das salas de aula. <\/p>\n\n\n\n<p>Seu papel principal \u00e9 representar politicamente os estudantes do curso em v\u00e1rias inst\u00e2ncias da universidade. <\/p>\n\n\n\n<p>O Centro Acad\u00eamico \u00e9 um espa\u00e7o onde os estudantes podem pensar, discutir e agir para promover uma universidade mais inclusiva, participativa e comprometida com o desenvolvimento social. <\/p>\n\n\n\n<p class=\"has-primary-accent-color has-text-color has-link-color wp-elements-20eed161fc93401e6a32d4923f152906\"><strong>Centro Acad\u00eamico de Letras &#8211; UEL. Gest\u00e3o 2024\/2025<\/strong> <strong>&#8211; Chapa Frantz Fanon.<\/strong> <\/p>\n\n\n\n<p><strong>Coordena\u00e7\u00e3o de Administra\u00e7\u00e3o:<\/strong> Juliana Teixeira Letras Portugu\u00eas (2\u2070 ano &#8211; vespertino)<\/p>\n\n\n\n<p><strong>Coordena\u00e7\u00e3o de Cultura, Esportes e Eventos:<\/strong> Michele Cristina foga\u00e7a Letras Franc\u00eas (2\u2070 ano &#8211; noturno) e Gabriel Teschima Letras Ingl\u00eas (2\u2070 ano &#8211; Noturno)<\/p>\n\n\n\n<p><strong>Coordena\u00e7\u00e3o Ensino, Pesquisa e Extens\u00e3o:<\/strong> Daniel Lotz Tavares Letras Ingl\u00eas (3\u00ba ano &#8211; Noturno) e Laura Bittencourt Domingues Bugatti Letras Ingl\u00eas (2\u00b0 ano &#8211; Noturno) <\/p>\n\n\n\n<p><strong>Coordena\u00e7\u00e3o de Finan\u00e7as:<\/strong> Ana Paula Queiroz Freitas Letras Ingl\u00eas (2\u00ba ano &#8211; Noturno) e Igor Diniz Pereira Letras Ingl\u00eas (3\u00ba ano &#8211; Noturno) <\/p>\n\n\n\n<p><strong>Coordena\u00e7\u00e3o de Comunica\u00e7\u00e3o:<\/strong> Hector Matheus Teodoro dos Santos Letras Ingl\u00eas (1\u2070 ano &#8211; Noturno), Gabriel Ver\u00edssimo dos Santos Letras Portugu\u00eas (1\u2070 ano &#8211; Vespertino) e P\u00e2mela Gomes de Ramos Letras Portugu\u00eas (2\u00b0 ano &#8211; Noturno) <\/p>\n\n\n\n<p class=\"has-primary-accent-color has-text-color has-link-color wp-elements-df9986470eabfbe7fba06b772317c1f5\"><strong>PROPOSTAS DA CHAPA Frantz Fanon: <\/strong><\/p>\n\n\n\n<p><strong>1.<\/strong> <strong>REUNI\u00d5ES MENSAIS:<\/strong><\/p>\n\n\n\n<p>       a) Realiza\u00e7\u00e3o de reuni\u00f5es mensais para integra\u00e7\u00e3o e est\u00edmulo \u00e0 participa\u00e7\u00e3o de todos os estudantes de Letras, estabelecendo um di\u00e1logo direto e cont\u00ednuo entre os cursos. <\/p>\n\n\n\n<p>       b) Cria\u00e7\u00e3o de um espa\u00e7o aberto e seguro para cr\u00edticas, opini\u00f5es, problemas e solu\u00e7\u00f5es de todos os estudantes.<\/p>\n\n\n\n<p><strong>2.<\/strong> <strong>REPRESENTA\u00c7\u00c3O DISCENTE: <\/strong>Garantia de representa\u00e7\u00e3o estudantil em reuni\u00f5es com secretarias e \u00f3rg\u00e3os relacionados, assegurando que as decis\u00f5es reflitam as perspectivas coletivas dos estudantes.<\/p>\n\n\n\n<p><strong>3.<\/strong> <strong>ESPA\u00c7O F\u00cdSICO DO CENTRO ACAD\u00caMICO:<\/strong> Melhoria da estrutura f\u00edsica do CA para torn\u00e1-lo mais acolhedor.<\/p>\n\n\n\n<p><strong>4.<\/strong> <strong>ATIVIDADES CULTURAIS E DE ESTUDO:<\/strong> Promo\u00e7\u00e3o de atividades culturais e educativas, como rodas de conversa, exibi\u00e7\u00f5es de filmes, e a\u00e7\u00f5es coletivas envolvendo todos os estudantes do curso, visando o compartilhamento cont\u00ednuo de experi\u00eancias e conhecimentos.<\/p>\n\n\n\n<p><strong>5.<\/strong> <strong>APOIO \u00c0S LUTAS SOCIAIS:<\/strong> Compromisso em apoiar ativamente as lutas coletivas dos estudantes, moradores e trabalhadores, reconhecendo a educa\u00e7\u00e3o como um pilar fundamental para a transforma\u00e7\u00e3o social e a melhoria de vida.<\/p>\n\n\n\n<p><strong>CONTATO<\/strong>: caletrasuel24@gmail.com<\/p>\n\n\n\n<p><\/p>\n","protected":false},"excerpt":{"rendered":"<p>O Centro Acad\u00eamico (CA) \u00e9 um espa\u00e7o fundamental para a viv\u00eancia universit\u00e1ria, indo al\u00e9m das salas de aula. Seu papel principal \u00e9 representar politicamente os estudantes do curso em v\u00e1rias inst\u00e2ncias da universidade. O Centro Acad\u00eamico \u00e9 um espa\u00e7o onde os estudantes podem pensar, discutir e agir para promover uma universidade mais inclusiva, participativa e [&hellip;]<\/p>\n","protected":false},"author":6,"featured_media":0,"parent":0,"menu_order":0,"comment_status":"closed","ping_status":"closed","template":"","meta":{"_acf_changed":false,"footnotes":""},"class_list":["post-125","page","type-page","status-publish","hentry"],"acf":[],"_links":{"self":[{"href":"https:\/\/graduacao.uel.br\/letras-ingles\/wp-json\/wp\/v2\/pages\/125","targetHints":{"allow":["GET"]}}],"collection":[{"href":"https:\/\/graduacao.uel.br\/letras-ingles\/wp-json\/wp\/v2\/pages"}],"about":[{"href":"https:\/\/graduacao.uel.br\/letras-ingles\/wp-json\/wp\/v2\/types\/page"}],"author":[{"embeddable":true,"href":"https:\/\/graduacao.uel.br\/letras-ingles\/wp-json\/wp\/v2\/users\/6"}],"replies":[{"embeddable":true,"href":"https:\/\/graduacao.uel.br\/letras-ingles\/wp-json\/wp\/v2\/comments?post=125"}],"version-history":[{"count":15,"href":"https:\/\/graduacao.uel.br\/letras-ingles\/wp-json\/wp\/v2\/pages\/125\/revisions"}],"predecessor-version":[{"id":151,"href":"https:\/\/graduacao.uel.br\/letras-ingles\/wp-json\/wp\/v2\/pages\/125\/revisions\/151"}],"wp:attachment":[{"href":"https:\/\/graduacao.uel.br\/letras-ingles\/wp-json\/wp\/v2\/media?parent=125"}],"curies":[{"name":"wp","href":"https:\/\/api.w.org\/{rel}","templated":true}]}}