{"id":21,"date":"2024-05-10T11:26:35","date_gmt":"2024-05-10T14:26:35","guid":{"rendered":"https:\/\/graduacao.uel.br\/letras-ingles\/?page_id=21"},"modified":"2024-06-11T13:47:53","modified_gmt":"2024-06-11T16:47:53","slug":"o-curso","status":"publish","type":"page","link":"https:\/\/graduacao.uel.br\/letras-ingles\/o-curso\/","title":{"rendered":"O curso"},"content":{"rendered":"\n<p>Autoriza\u00e7\u00e3o: Cria\u00e7\u00e3o do Curso Resolu\u00e7\u00e3o CEPE\/CA n.\u00b0 363 de 15\/12\/2005. Renova\u00e7\u00e3o de Reconhecimento de Curso: Resolu\u00e7\u00e3o 13\/2024 &#8211; SETI Projeto pedag\u00f3gico : <a href=\"https:\/\/sites.uel.br\/prograd\/wp-content\/uploads\/documentos\/resolucoes\/2023\/resolucao_10_23.pdf\">Resolu\u00e7\u00e3o CEPE\/CA 10\/2023<\/a>. O curso de Letras-Ingl\u00eas, como licenciatura \u00fanica, entrou em vigor no ano de 2006.<\/p>\n\n\n\n<p>Desde ent\u00e3o, o curso tem constantemente buscado a melhoria curricular. A mais recente reformula\u00e7\u00e3o curricular entrou em vigor em 2023 quando o curso passou a oferecer ao estudante a possibilidade de escolher entre dois percursos formativos: <\/p>\n\n\n\n<p>* Percurso com \u00eanfase em Educa\u00e7\u00e3o Bil\u00edngue e <\/p>\n\n\n\n<p>* Percurso com \u00eanfase em Ensino de Ingl\u00eas para Crian\u00e7as. <\/p>\n\n\n\n<p>O curso de Letras Ingl\u00eas da UEL tem a responsabilidade de atender \u00e0s demandas nacionais e regionais, inserindo profissionais capacitados para atuarem na educa\u00e7\u00e3o infantil, anos iniciais do ensino fundamental (1\u00b0 a 5\u00b0 ano), anos finais do Ensino Fundamental (6\u00b0 a 9\u00b0 ano) e Ensino M\u00e9dio, com base em uma forma\u00e7\u00e3o human\u00edstica e cr\u00edtica em rela\u00e7\u00e3o \u00e0s pr\u00e1ticas educacionais brasileiras. <\/p>\n\n\n\n<p>Assim sendo, o objetivo geral do curso \u00e9 formar professores para atuar nas \u00e1reas de l\u00edngua inglesa e de literaturas em l\u00edngua inglesa, na Educa\u00e7\u00e3o B\u00e1sica, capazes de aliar a forma\u00e7\u00e3o te\u00f3rica com a pr\u00e1tica profissional, de forma cr\u00edtica e reflexiva. <\/p>\n\n\n\n<p>O curso de Letras Ingl\u00eas busca a forma\u00e7\u00e3o de profissionais<strong> interculturalmente competentes<\/strong> e eticamente respons\u00e1veis, comprometidos com a equidade e inclus\u00e3o no ensino, capazes de lidar, de forma cr\u00edtica, com as linguagens, especialmente a verbal, nos contextos oral e escrito, conscientes de sua inser\u00e7\u00e3o na sociedade e das rela\u00e7\u00f5es com outro.<\/p>\n\n\n\n<p>* com dom\u00ednio da l\u00edngua inglesa e de sua diversidade em termos de sua estrutura, funcionamento e manifesta\u00e7\u00f5es culturais, a ela associadas.<\/p>\n\n\n\n<p>* com capacidade de reflex\u00e3o cr\u00edtica sobre temas e quest\u00f5es relativas aos conhecimentos lingu\u00edsticos, liter\u00e1rios e aos processos de ensino-aprendizagem de l\u00edngua inglesa <\/p>\n\n\n\n<p>* com capacidade de refletir teoricamente sobre a linguagem, de ser usu\u00e1rio proficiente de ingl\u00eas, compreendendo sua forma\u00e7\u00e3o profissional como processo cont\u00ednuo, aut\u00f4nomo e permanente.<\/p>\n\n\n\n<div class=\"wp-block-columns is-layout-flex wp-container-core-columns-is-layout-9d6595d7 wp-block-columns-is-layout-flex\">\n<div class=\"wp-block-column is-layout-flow wp-block-column-is-layout-flow\"><\/div>\n<\/div>\n","protected":false},"excerpt":{"rendered":"<p>Autoriza\u00e7\u00e3o: Cria\u00e7\u00e3o do Curso Resolu\u00e7\u00e3o CEPE\/CA n.\u00b0 363 de 15\/12\/2005. Renova\u00e7\u00e3o de Reconhecimento de Curso: Resolu\u00e7\u00e3o 13\/2024 &#8211; SETI Projeto pedag\u00f3gico : Resolu\u00e7\u00e3o CEPE\/CA 10\/2023. O curso de Letras-Ingl\u00eas, como licenciatura \u00fanica, entrou em vigor no ano de 2006. Desde ent\u00e3o, o curso tem constantemente buscado a melhoria curricular. A mais recente reformula\u00e7\u00e3o curricular entrou [&hellip;]<\/p>\n","protected":false},"author":6,"featured_media":0,"parent":0,"menu_order":0,"comment_status":"closed","ping_status":"closed","template":"","meta":{"_acf_changed":false,"footnotes":""},"class_list":["post-21","page","type-page","status-publish","hentry"],"acf":[],"_links":{"self":[{"href":"https:\/\/graduacao.uel.br\/letras-ingles\/wp-json\/wp\/v2\/pages\/21","targetHints":{"allow":["GET"]}}],"collection":[{"href":"https:\/\/graduacao.uel.br\/letras-ingles\/wp-json\/wp\/v2\/pages"}],"about":[{"href":"https:\/\/graduacao.uel.br\/letras-ingles\/wp-json\/wp\/v2\/types\/page"}],"author":[{"embeddable":true,"href":"https:\/\/graduacao.uel.br\/letras-ingles\/wp-json\/wp\/v2\/users\/6"}],"replies":[{"embeddable":true,"href":"https:\/\/graduacao.uel.br\/letras-ingles\/wp-json\/wp\/v2\/comments?post=21"}],"version-history":[{"count":4,"href":"https:\/\/graduacao.uel.br\/letras-ingles\/wp-json\/wp\/v2\/pages\/21\/revisions"}],"predecessor-version":[{"id":199,"href":"https:\/\/graduacao.uel.br\/letras-ingles\/wp-json\/wp\/v2\/pages\/21\/revisions\/199"}],"wp:attachment":[{"href":"https:\/\/graduacao.uel.br\/letras-ingles\/wp-json\/wp\/v2\/media?parent=21"}],"curies":[{"name":"wp","href":"https:\/\/api.w.org\/{rel}","templated":true}]}}