{"id":39,"date":"2024-05-10T11:37:27","date_gmt":"2024-05-10T14:37:27","guid":{"rendered":"https:\/\/graduacao.uel.br\/letras-ingles\/?page_id=39"},"modified":"2024-06-04T16:12:49","modified_gmt":"2024-06-04T19:12:49","slug":"projeto-pedagogico-ppc","status":"publish","type":"page","link":"https:\/\/graduacao.uel.br\/letras-ingles\/projeto-pedagogico-ppc\/","title":{"rendered":"Projeto Pedag\u00f3gico (PPC)"},"content":{"rendered":"\n<p>O curso de Letras da Universidade Estadual de Londrina (UEL) foi fundado em 1969, evoluindo ao longo dos anos para se adaptar \u00e0s demandas do cen\u00e1rio educacional. <\/p>\n\n\n\n<p>Entre 1997 e 2004, os cursos de Letras foram ofertados como licenciaturas duplas (Ingl\u00eas-Portugu\u00eas, Espanhol-Portugu\u00eas ou Franc\u00eas-Portugu\u00eas).<\/p>\n\n\n\n<p>Contudo, tal configura\u00e7\u00e3o n\u00e3o atendia \u00e0s especificidades do ensino de l\u00ednguas estrangeiras e da aprendizagem da l\u00edngua portuguesa e suas express\u00f5es liter\u00e1rias. <\/p>\n\n\n\n<p>Assim, em 2005 foi criado o curso de Letras-Ingl\u00eas, uma licenciatura \u00fanica voltada para a forma\u00e7\u00e3o de professores de l\u00edngua inglesa. <\/p>\n\n\n\n<p>Desde ent\u00e3o o curso de Letras-Ingl\u00eas tem passado por constantes movimentos de aprimoramento. Em 2023, uma nova reformula\u00e7\u00e3o foi implementada, concentrando-se na atualiza\u00e7\u00e3o do curr\u00edculo para atender \u00e0s mais recentes Diretrizes Curriculares Nacionais para a Forma\u00e7\u00e3o Inicial de Professores. <\/p>\n\n\n\n<p>Essa atualiza\u00e7\u00e3o incluiu uma revis\u00e3o da carga hor\u00e1ria total do curso, garantindo conformidade com os requisitos estabelecidos e a integra\u00e7\u00e3o de atividades de extens\u00e3o na matriz curricular, conforme previsto na Resolu\u00e7\u00e3o CNE\/CES n\u00b0 7 de 2018. <\/p>\n\n\n\n<p>Al\u00e9m disso, a reformula\u00e7\u00e3o de 2023 enfatizou a forma\u00e7\u00e3o dos estudantes para atuarem em diversos contextos educacionais, com destaque para o ensino de ingl\u00eas para crian\u00e7as e a educa\u00e7\u00e3o bil\u00edngue. <\/p>\n\n\n\n<p>Essa mudan\u00e7a reflete a necessidade de preparar os futuros profissionais da \u00e1rea de Letras para os desafios do mercado de trabalho contempor\u00e2neo, onde essas habilidades s\u00e3o cada vez mais valorizadas. <\/p>\n\n\n\n<p>Essas altera\u00e7\u00f5es no curr\u00edculo demonstram o compromisso da UEL em oferecer uma forma\u00e7\u00e3o de qualidade e atualizada, alinhada com as demandas do mercado educacional. <\/p>\n\n\n\n<p>Ao adaptar-se \u00e0s \u00faltimas diretrizes e necessidades da sociedade, o curso de Letras da UEL, busca garantir que seus graduados estejam preparados para enfrentar os desafios e contribuir de forma significativa para a educa\u00e7\u00e3o e a cultura em suas comunidades e al\u00e9m.<\/p>\n\n\n\n<div class=\"wp-block-columns is-layout-flex wp-container-core-columns-is-layout-9d6595d7 wp-block-columns-is-layout-flex\">\n<div class=\"wp-block-column is-layout-flow wp-block-column-is-layout-flow\"><\/div>\n<\/div>\n\n\n\n<div class=\"wp-block-buttons is-content-justification-center is-layout-flex wp-container-core-buttons-is-layout-16018d1d wp-block-buttons-is-layout-flex\">\n<div class=\"wp-block-button\"><a class=\"wp-block-button__link has-primary-accent-background-color has-background wp-element-button\" href=\"https:\/\/sites.uel.br\/prograd\/graduacao\/projetos-pedagogicos\/projetos-pedagogicos-letras-ingles\/\" target=\"_blank\" rel=\"noreferrer noopener\">Resolu\u00e7\u00f5es e Delibera\u00e7\u00f5es<\/a><\/div>\n<\/div>\n\n\n\n<div class=\"wp-block-pb-accordion-item c-accordion__item js-accordion-item no-js\" data-initially-open=\"false\" data-click-to-close=\"true\" data-auto-close=\"true\" data-scroll=\"false\" data-scroll-offset=\"0\"><h6 id=\"at-390\" class=\"c-accordion__title js-accordion-controller\" role=\"button\">DEPARTAMENTO<\/h6><div id=\"ac-390\" class=\"c-accordion__content\">\n<p>O Departamento, subunidade dos Centros de Estudos, constitui-se na menor estrutura de organiza\u00e7\u00e3o administrativa, did\u00e1tico cient\u00edfica e de lota\u00e7\u00e3o de pessoal.<br>No Departamento s\u00e3o reunidas atividades acad\u00eamicas afins e nele est\u00e3o integrados docentes e t\u00e9cnico administrativos para objetivos comuns. (Art. 122 do Regimento Geral da UEL).<\/p>\n<\/div><\/div>\n\n\n\n<div class=\"wp-block-pb-accordion-item c-accordion__item js-accordion-item no-js\" data-initially-open=\"false\" data-click-to-close=\"true\" data-auto-close=\"true\" data-scroll=\"false\" data-scroll-offset=\"0\"><h6 id=\"at-391\" class=\"c-accordion__title js-accordion-controller\" role=\"button\">COLEGIADO<\/h6><div id=\"ac-391\" class=\"c-accordion__content\">\n<p>Os Colegiados de cursos de gradua\u00e7\u00e3o exercem a coordena\u00e7\u00e3o pedag\u00f3gica dos cursos e ser\u00e3o constitu\u00eddos por representantes docentes da \u00e1rea principal de conhecimento e da \u00e1rea b\u00e1sica e\/ou complementar de conhecimento, estudantes e servidores, na forma prevista nos \u00a72\u00ba e \u00a73\u00ba do Art. 27 do Estatuto da Universidade. (Art. alterado atrav\u00e9s da Resolu\u00e7\u00e3o CU 168\/2007).<\/p>\n<\/div><\/div>\n\n\n\n<div class=\"wp-block-pb-accordion-item c-accordion__item js-accordion-item no-js\" data-initially-open=\"false\" data-click-to-close=\"true\" data-auto-close=\"true\" data-scroll=\"false\" data-scroll-offset=\"0\"><h6 id=\"at-392\" class=\"c-accordion__title js-accordion-controller\" role=\"button\"><strong>N\u00daCLEO DOCENTE ESTRUTURANTE (NDE)<\/strong><\/h6><div id=\"ac-392\" class=\"c-accordion__content\">\n<p>O NDE institui-se como parte da estrutura de gest\u00e3o acad\u00eamica do curso com atribui\u00e7\u00f5es consultivas, propositivas e de assessoria, acerca de mat\u00e9rias de natureza acad\u00eamica e pedag\u00f3gica, sendo correspons\u00e1vel pela elabora\u00e7\u00e3o, implementa\u00e7\u00e3o e consolida\u00e7\u00e3o do Projeto Pedag\u00f3gico do Curso (PPC), al\u00e9m de zelar pelo cumprimento das Diretrizes Curriculares Nacionais (DCNs). Tem como objetivos:<\/p>\n\n\n\n<p>1 \u2013 Levantar dificuldades na atua\u00e7\u00e3o do corpo docente do Curso;<\/p>\n\n\n\n<p>2 \u2013 Auxiliar na elabora\u00e7\u00e3o e no acompanhamento do PPC;<\/p>\n\n\n\n<p>3 \u2013 Propor programas ou outras formas de capacita\u00e7\u00e3o docente;<\/p>\n\n\n\n<p>4 \u2013 Acompanhar as avalia\u00e7\u00f5es do Curso definidas pelo Colegiado;<\/p>\n\n\n\n<p>5 \u2013 Analisar e propor modifica\u00e7\u00f5es, quando necess\u00e1rias;<\/p>\n\n\n\n<p>6 \u2013 Indicar formas de incentivo ao desenvolvimento de atividades de pesquisa;<\/p>\n\n\n\n<p>7 \u2013 Contribuir para a concretiza\u00e7\u00e3o do perfil profissional;<\/p>\n\n\n\n<p>8 \u2013 Zelar pelo cumprimento das DCNs aplic\u00e1veis ao Curso de Letras-Ingl\u00eas.<\/p>\n\n\n\n<div class=\"wp-block-columns is-layout-flex wp-container-core-columns-is-layout-9d6595d7 wp-block-columns-is-layout-flex\">\n<div class=\"wp-block-column is-layout-flow wp-block-column-is-layout-flow\"><\/div>\n<\/div>\n<\/div><\/div>\n","protected":false},"excerpt":{"rendered":"<p>O curso de Letras da Universidade Estadual de Londrina (UEL) foi fundado em 1969, evoluindo ao longo dos anos para se adaptar \u00e0s demandas do cen\u00e1rio educacional. Entre 1997 e 2004, os cursos de Letras foram ofertados como licenciaturas duplas (Ingl\u00eas-Portugu\u00eas, Espanhol-Portugu\u00eas ou Franc\u00eas-Portugu\u00eas). Contudo, tal configura\u00e7\u00e3o n\u00e3o atendia \u00e0s especificidades do ensino de l\u00ednguas [&hellip;]<\/p>\n","protected":false},"author":6,"featured_media":0,"parent":0,"menu_order":0,"comment_status":"closed","ping_status":"closed","template":"","meta":{"_acf_changed":false,"footnotes":""},"class_list":["post-39","page","type-page","status-publish","hentry"],"acf":[],"_links":{"self":[{"href":"https:\/\/graduacao.uel.br\/letras-ingles\/wp-json\/wp\/v2\/pages\/39","targetHints":{"allow":["GET"]}}],"collection":[{"href":"https:\/\/graduacao.uel.br\/letras-ingles\/wp-json\/wp\/v2\/pages"}],"about":[{"href":"https:\/\/graduacao.uel.br\/letras-ingles\/wp-json\/wp\/v2\/types\/page"}],"author":[{"embeddable":true,"href":"https:\/\/graduacao.uel.br\/letras-ingles\/wp-json\/wp\/v2\/users\/6"}],"replies":[{"embeddable":true,"href":"https:\/\/graduacao.uel.br\/letras-ingles\/wp-json\/wp\/v2\/comments?post=39"}],"version-history":[{"count":8,"href":"https:\/\/graduacao.uel.br\/letras-ingles\/wp-json\/wp\/v2\/pages\/39\/revisions"}],"predecessor-version":[{"id":191,"href":"https:\/\/graduacao.uel.br\/letras-ingles\/wp-json\/wp\/v2\/pages\/39\/revisions\/191"}],"wp:attachment":[{"href":"https:\/\/graduacao.uel.br\/letras-ingles\/wp-json\/wp\/v2\/media?parent=39"}],"curies":[{"name":"wp","href":"https:\/\/api.w.org\/{rel}","templated":true}]}}