{"id":76,"date":"2024-05-10T16:46:55","date_gmt":"2024-05-10T19:46:55","guid":{"rendered":"https:\/\/graduacao.uel.br\/letras-ingles\/?page_id=76"},"modified":"2024-05-13T15:18:53","modified_gmt":"2024-05-13T18:18:53","slug":"percursos-formativos","status":"publish","type":"page","link":"https:\/\/graduacao.uel.br\/letras-ingles\/percursos-formativos\/","title":{"rendered":"Percursos Formativos"},"content":{"rendered":"\n<p>Com objetivo de ampliar as possibilidades de atua\u00e7\u00e3o dos egressos, por meio da inclus\u00e3o de \u00e1reas do conhecimento que t\u00eam sido exigidas pelo mercado de trabalho do profissional da \u00e1rea de Letras, o curso de Letras-Ingl\u00eas oferece aos estudantes dois percursos formativos, organizados em duas \u00eanfases:<\/p>\n\n\n\n<p>* <strong>Letras Ingl\u00eas &#8211; Licenciatura: Percurso com \u00eanfase em Educa\u00e7\u00e3o Bil\u00edngue<\/strong>.<\/p>\n\n\n\n<p>* <strong>Letras Ingl\u00eas &#8211; Licenciatura: Percurso com \u00eanfase em Ensino de Ingl\u00eas para Crian\u00e7as.<\/strong><\/p>\n\n\n\n<p>Os percursos com \u00eanfase se constroem por meio de disciplinas e atividades de extens\u00e3o indicadas. <\/p>\n\n\n\n<p>Ser\u00e3o tr\u00eas disciplinas anuais de 90 horas, dispostas na matriz curricular do segundo, terceiro e quarto anos. <\/p>\n\n\n\n<p>A op\u00e7\u00e3o pelo percurso formativo ser\u00e1 de livre escolha do estudante, n\u00e3o havendo n\u00famero m\u00ednimo ou m\u00e1ximo de vagas nas disciplinas da \u00eanfase. <\/p>\n\n\n\n<p>A escolha pelo percurso formativo ser\u00e1 feita ao t\u00e9rmino do primeiro ano.<\/p>\n","protected":false},"excerpt":{"rendered":"<p>Com objetivo de ampliar as possibilidades de atua\u00e7\u00e3o dos egressos, por meio da inclus\u00e3o de \u00e1reas do conhecimento que t\u00eam sido exigidas pelo mercado de trabalho do profissional da \u00e1rea de Letras, o curso de Letras-Ingl\u00eas oferece aos estudantes dois percursos formativos, organizados em duas \u00eanfases: * Letras Ingl\u00eas &#8211; Licenciatura: Percurso com \u00eanfase em [&hellip;]<\/p>\n","protected":false},"author":6,"featured_media":0,"parent":0,"menu_order":0,"comment_status":"closed","ping_status":"closed","template":"","meta":{"_acf_changed":false,"footnotes":""},"class_list":["post-76","page","type-page","status-publish","hentry"],"acf":[],"_links":{"self":[{"href":"https:\/\/graduacao.uel.br\/letras-ingles\/wp-json\/wp\/v2\/pages\/76","targetHints":{"allow":["GET"]}}],"collection":[{"href":"https:\/\/graduacao.uel.br\/letras-ingles\/wp-json\/wp\/v2\/pages"}],"about":[{"href":"https:\/\/graduacao.uel.br\/letras-ingles\/wp-json\/wp\/v2\/types\/page"}],"author":[{"embeddable":true,"href":"https:\/\/graduacao.uel.br\/letras-ingles\/wp-json\/wp\/v2\/users\/6"}],"replies":[{"embeddable":true,"href":"https:\/\/graduacao.uel.br\/letras-ingles\/wp-json\/wp\/v2\/comments?post=76"}],"version-history":[{"count":5,"href":"https:\/\/graduacao.uel.br\/letras-ingles\/wp-json\/wp\/v2\/pages\/76\/revisions"}],"predecessor-version":[{"id":153,"href":"https:\/\/graduacao.uel.br\/letras-ingles\/wp-json\/wp\/v2\/pages\/76\/revisions\/153"}],"wp:attachment":[{"href":"https:\/\/graduacao.uel.br\/letras-ingles\/wp-json\/wp\/v2\/media?parent=76"}],"curies":[{"name":"wp","href":"https:\/\/api.w.org\/{rel}","templated":true}]}}