{"id":15,"date":"2024-05-03T09:28:50","date_gmt":"2024-05-03T12:28:50","guid":{"rendered":"https:\/\/graduacao.uel.br\/letras-portugues\/?page_id=15"},"modified":"2025-10-22T23:45:08","modified_gmt":"2025-10-23T02:45:08","slug":"projetos","status":"publish","type":"page","link":"https:\/\/graduacao.uel.br\/letras-portugues\/projetos\/","title":{"rendered":"Projetos"},"content":{"rendered":"\n<p>Projetos de pesquisa, ensino e extens\u00e3o fazem parte do trip\u00e9 da Universidade Estadual de Londrina (UEL), s\u00e3o componentes fundamentais da miss\u00e3o das universidades p\u00fablicas, desempenhando pap\u00e9is distintos na forma\u00e7\u00e3o dos estudantes, no desenvolvimento da sociedade e s\u00e3o vistos como essenciais para uma forma\u00e7\u00e3o acad\u00eamica completa.<\/p>\n\n\n\n<div class=\"wp-block-pb-accordion-item c-accordion__item js-accordion-item no-js\" data-initially-open=\"false\" data-click-to-close=\"true\" data-auto-close=\"true\" data-scroll=\"false\" data-scroll-offset=\"0\"><h5 id=\"at-150\" class=\"c-accordion__title js-accordion-controller\" role=\"button\">Projetos de Pesquisa<\/h5><div id=\"ac-150\" class=\"c-accordion__content\">\n<p>Estes projetos, devem ser entendidos como um conjunto de procedimentos temporalmente situados, com a finalidade de garantir a consecu\u00e7\u00e3o de pesquisa que contemple a promo\u00e7\u00e3o, a atualiza\u00e7\u00e3o, o aprimoramento e produ\u00e7\u00e3o do conhecimento cient\u00edfico, cultural, art\u00edstico e tecnol\u00f3gico.<\/p>\n\n\n\n<p>Para acessar todos os projetos de pesquisa do departamento (em andamento, conclu\u00eddo, desativado, interrompido ou em tr\u00e2mite),&nbsp;<strong><a href=\"https:\/\/www.sistemasweb.uel.br\/index.php?contents=system\/prj\/pes\/index.php&amp;pagina=pes_qry_departamento2.php&amp;p_cod_centro=01000000\">clique aqui<\/a><\/strong>.<\/p>\n\n\n\n<p><strong>Obs.<\/strong>: Recomendado o uso do Mozilla Firefox (vers\u00e3o 18 ou superior), Google Chrome (vers\u00e3o 24 ou superior). Alguns usu\u00e1rios relatam problemas utilizando Internet Explorer.<\/p>\n\n\n\n<p><strong><strong>Projetos de Pesquisa em andamento<\/strong>:<\/strong><\/p>\n\n\n\n<p><a href=\"https:\/\/graduacao.uel.br\/letras-portugues\/wp-content\/uploads\/2025\/02\/AVALES-\u2013-AVALIACAO-NO-ESTAGIO-DE-LINGUA-PORTUGUESA.pdf\">AVALES \u2013 Avalia\u00e7\u00e3o no est\u00e1gio de l\u00edngua portuguesa<\/a><\/p>\n\n\n\n<p><a href=\"https:\/\/graduacao.uel.br\/letras-portugues\/wp-content\/uploads\/2025\/02\/CARTAS-COMO-ACERVO-LITERARIO-MANUSCRITOS-RABISCOS-E-PROCESSOS-CRIATIVOS.pdf\">Cartas como acervo liter\u00e1rio: manuscritos, rabiscos e processos criativos<\/a><\/p>\n\n\n\n<p><a href=\"https:\/\/graduacao.uel.br\/letras-portugues\/wp-content\/uploads\/2025\/02\/DRAMATURGIA-ESCRITA-POR-MULHERES-EM-LONDRINA-PESQUISA-ESTUDO-E-DIVULGACAO.pdf\">Dramaturgia escrita por mulheres em Londrina: pesquisa, estudo e divulga\u00e7\u00e3o<\/a><\/p>\n\n\n\n<p><a href=\"https:\/\/graduacao.uel.br\/letras-portugues\/wp-content\/uploads\/2025\/02\/ECELP-ESCRITA-COLABORATIVA-E-ENSINO-APRENDIZAGEM-DE-LINGUA-PORTUGUESA-NA-EDUCACAO-PRESENCIAL-E-ONLINE.pdf\">ECELP: Escrita colaborativa e ensino-aprendizagem de l\u00edngua portuguesa na educa\u00e7\u00e3o presencial e online<\/a><\/p>\n\n\n\n<p><a href=\"https:\/\/graduacao.uel.br\/letras-portugues\/wp-content\/uploads\/2025\/02\/ESCUTAR-LEITORES-ABORDAGENS-DIDATICAS-NA-FORMACAO-DOS-DOCENTES-DE-LEITURA-E-LITERATURA.pdf\">Escutar leitores: abordagens did\u00e1ticas na forma\u00e7\u00e3o dos docentes de leitura e literatura<\/a><\/p>\n\n\n\n<p><a href=\"https:\/\/graduacao.uel.br\/letras-portugues\/wp-content\/uploads\/2025\/02\/ESTUDOS-DA-PAISAGEM-NA-PROSA-E-NA-POESIA-NO-CONTEXTO-DA-LITERATURA-BRASILEIRA-CONTEMPORANEA.pdf\">Estudos da paisagem na prosa e na poesia no contexto da literatura brasileira contempor\u00e2nea<\/a><\/p>\n\n\n\n<p><a href=\"https:\/\/graduacao.uel.br\/letras-portugues\/wp-content\/uploads\/2025\/03\/Formas-fixas-na-poesia-brasileira-contemporanea.pdf\">Formas fixas na poesia brasileira contempor\u00e2nea<\/a><\/p>\n\n\n\n<p><a href=\"https:\/\/graduacao.uel.br\/letras-portugues\/wp-content\/uploads\/2025\/02\/HISTORIAS-EM-QUADRINHOS-MANIFESTACOES-E-REPRESENTACOES-DO-SOFRIMENTO-UM-ESTUDO-SOBRE-AS-PERSONAGENS-EM-NOVELAS-GRAFICAS.pdf\">Hist\u00f3rias em quadrinhos, manifesta\u00e7\u00f5es e representa\u00e7\u00f5es do sofrimento: um estudo sobre as personagens em novelas gr\u00e1ficas<\/a><\/p>\n\n\n\n<p><a href=\"https:\/\/graduacao.uel.br\/letras-portugues\/wp-content\/uploads\/2025\/02\/INTERARTES-E-INTERMIDIAS-EM-TRANSITO-O-CORPO-COMO-POTENCIA-NAS-REPRESENTACOES-DO-FEMININO-EM-ALINE-BEI-LOUISE-BOURGEOIS-E-ADRIANA-VAREJAO.pdf\">Interartes e interm\u00eddias em tr\u00e2nsito: o corpo como pot\u00eancia nas representa\u00e7\u00f5es do feminino em Aline Bei, Louise Bourgeois e Adriana Varej\u00e3o<\/a><\/p>\n\n\n\n<p><a href=\"https:\/\/graduacao.uel.br\/letras-portugues\/wp-content\/uploads\/2025\/02\/LABORATORIO-DE-ESTUDOS-DO-TEXTO-LABESTE.pdf\">Laborat\u00f3rio de estudos do texto (LABESTE)<\/a><\/p>\n\n\n\n<p><a href=\"https:\/\/graduacao.uel.br\/letras-portugues\/wp-content\/uploads\/2025\/02\/LITERATURA-AFRO-BRASILEIRA-E-IDENTIDADE-VOZES-TRANSBORDAM-INFANCIAS.pdf\">Literatura afro-brasileira e identidade: vozes (trans)bordam inf\u00e2ncias<\/a><\/p>\n\n\n\n<p><a href=\"https:\/\/graduacao.uel.br\/letras-portugues\/wp-content\/uploads\/2025\/02\/Materialidades-textuais-digitais-em-perspectiva-semiotica.pdf\">Materialidades textuais digitais em perspectiva semi\u00f3tica<\/a><\/p>\n\n\n\n<p><a href=\"https:\/\/graduacao.uel.br\/letras-portugues\/wp-content\/uploads\/2025\/02\/O-LIVRO-DIDATICO-DE-LINGUA-MATERNA-MULTIPLOS-OLHARES.pdf\">O livro did\u00e1tico de l\u00edngua materna: m\u00faltiplos olhares<\/a><\/p>\n\n\n\n<p><a href=\"https:\/\/graduacao.uel.br\/letras-portugues\/wp-content\/uploads\/2025\/02\/PROCESSOS-DISCURSIVOS-E-A-DEFESA-DA-VERDADE-PRODUCAO-CIRCULACAO-E-CONTROLE-DE-FAKE-NEWS-NA-CONTEMPORANEIDADE.pdf\">Processos discursivos e a defesa da verdade: produ\u00e7\u00e3o, circula\u00e7\u00e3o e controle de <em>fake news <\/em>na contemporaneidade<\/a><\/p>\n\n\n\n<p><a href=\"https:\/\/graduacao.uel.br\/letras-portugues\/wp-content\/uploads\/2025\/02\/RELEITURAS-DO-MODERNISMO.pdf\">Releituras do Modernismo<\/a><\/p>\n\n\n\n<p><a href=\"https:\/\/graduacao.uel.br\/letras-portugues\/wp-content\/uploads\/2025\/02\/PROJETO-13424-1.pdf\">Representa\u00e7\u00f5es de g\u00eanero em contos de autoria feminina elencados nas obras O Conto Brasileiro Contempor\u00e2neo (1985), Gera\u00e7\u00e3o 90: os transgressores (2003) e Hist\u00f3ria da Literatura Brasileira (2004)<\/a><\/p>\n\n\n\n<p><\/p>\n<\/div><\/div>\n\n\n\n<div class=\"wp-block-pb-accordion-item c-accordion__item js-accordion-item no-js\" data-initially-open=\"false\" data-click-to-close=\"true\" data-auto-close=\"true\" data-scroll=\"false\" data-scroll-offset=\"0\"><h5 id=\"at-151\" class=\"c-accordion__title js-accordion-controller\" role=\"button\">Projetos de Ensino<\/h5><div id=\"ac-151\" class=\"c-accordion__content\">\n<p>S\u00e3o projetos que constituem um conjunto de atividades de car\u00e1ter tempor\u00e1rio que visa a reflex\u00e3o e melhoria do processo de ensino\/aprendizagem nos cursos de gradua\u00e7\u00e3o.<\/p>\n\n\n\n<p>Para acessar todos os projetos de ensino do departamento (em andamento, conclu\u00eddo, desativado, interrompido ou em tr\u00e2mite), <strong><a href=\"https:\/\/www.sistemasweb.uel.br\/index.php?contents=system\/prj\/ens\/index.php&amp;pagina=ens_qry_departamento2.php&amp;p_cod_centro=01000000\">clique aqui<\/a><\/strong>.<\/p>\n\n\n\n<p><strong>Obs.<\/strong>: Recomendado o uso do Mozilla Firefox (vers\u00e3o 18 ou superior), Google Chrome (vers\u00e3o 24 ou superior). Alguns usu\u00e1rios relatam problemas utilizando Internet Explorer.<\/p>\n\n\n\n<p class=\"has-text-align-left\"><strong>Projetos de Ensino em andamento<\/strong>:<\/p>\n\n\n\n<p><a href=\"https:\/\/graduacao.uel.br\/letras-portugues\/wp-content\/uploads\/2025\/02\/O-PAPEL-DA-FONETICA-NAS-APLICACOES-EM-INTELIGENCIA-ARTIFICIAL-POSSIBILIDADES-PARA-O-ENSINO-DA-FONETICA-ACUSTICA-NA-GRADUACAO.pdf\">O papel da fon\u00e9tica nas aplica\u00e7\u00f5es em intelig\u00eancia artificial: possibilidades para o ensino da fon\u00e9tica ac\u00fastica na gradua\u00e7\u00e3o<\/a><\/p>\n\n\n\n<p><a href=\"https:\/\/graduacao.uel.br\/letras-portugues\/wp-content\/uploads\/2025\/02\/Subprojeto-Letras-Portugues-do-PIBID-UEL-\u2013-Programa-Institucional-de-Bolsa-de-Iniciacao-a-Docencia-Edital-Capes-no-102024.pdf\">Subprojeto Letras-Portugu\u00eas do PIBID UEL \u2013 Programa Institucional de Bolsa de Inicia\u00e7\u00e3o \u00e0 Doc\u00eancia (Edital Capes n\u00ba 10\/2024)<\/a><\/p>\n\n\n\n<p><\/p>\n<\/div><\/div>\n\n\n\n<div class=\"wp-block-pb-accordion-item c-accordion__item js-accordion-item no-js\" data-initially-open=\"false\" data-click-to-close=\"true\" data-auto-close=\"true\" data-scroll=\"false\" data-scroll-offset=\"0\"><h5 id=\"at-152\" class=\"c-accordion__title js-accordion-controller\" role=\"button\">Projetos de Extens\u00e3o<\/h5><div id=\"ac-152\" class=\"c-accordion__content\">\n<p>Constituem um conjunto de atividades tempor\u00e1rias de car\u00e1ter educativo, cultural, art\u00edstico e\/ou cient\u00edfico, desenvolvidos obrigatoriamente por docentes e discentes atrav\u00e9s de a\u00e7\u00f5es sistematizadas, voltadas a quest\u00f5es sociais relevantes.<\/p>\n\n\n\n<p>Para acessar todos os projetos de extens\u00e3o do departamento (em andamento, conclu\u00eddo, desativado, interrompido ou em tr\u00e2mite), <strong><a href=\"https:\/\/www.sistemasweb.uel.br\/index.php?contents=system\/prj\/pex\/index.php&amp;pagina=pex_qry_departamento2.php&amp;p_cod_centro=01000000\">clique aqui<\/a><\/strong>.<\/p>\n\n\n\n<p><strong>Obs.<\/strong>: Recomendado o uso do Mozilla Firefox (vers\u00e3o 18 ou superior), Google Chrome (vers\u00e3o 24 ou superior). Alguns usu\u00e1rios relatam problemas utilizando Internet Explorer.<\/p>\n\n\n\n<p><strong>Projetos de Extens\u00e3o em andamento<\/strong>:<\/p>\n\n\n\n<p><a href=\"https:\/\/graduacao.uel.br\/letras-portugues\/wp-content\/uploads\/2025\/02\/Programa-de-Extensao-Disque-Gramatica.pdf\">Disque-Gram\u00e1tica<\/a><\/p>\n\n\n\n<p><a href=\"https:\/\/graduacao.uel.br\/letras-portugues\/wp-content\/uploads\/2025\/03\/EDUC-ACAO-AMBIENTAL-E-MULTILETRAMENTOS-A-TRANSVERSALIDADE-DA-EDUCACAO-AMBIENTAL-NO-ENSINO-BASICO.pdf\">Educ-A\u00e7\u00e3o Ambiental e Multiletramentos: a transversalidade da educa\u00e7\u00e3o ambiental no ensino b\u00e1sico<\/a><\/p>\n\n\n\n<p><a href=\"https:\/\/graduacao.uel.br\/letras-portugues\/wp-content\/uploads\/2025\/02\/LABORATORIO-DE-ESCRITA-CRIATIVA.pdf\">Laborat\u00f3rio de escrita criativa<\/a><\/p>\n\n\n\n<p><a href=\"https:\/\/graduacao.uel.br\/letras-portugues\/wp-content\/uploads\/2025\/03\/LABORATORIO-INTEGRADO-DE-LETRAMENTOS-ACADEMICO-CIENTIFICOS-Atualizado.pdf\">Laborat\u00f3rio integrado de letramentos acad\u00eamico-cient\u00edficos<\/a><\/p>\n\n\n\n<p><a href=\"https:\/\/graduacao.uel.br\/letras-portugues\/wp-content\/uploads\/2025\/02\/LEITURA-DE-LITERATURA-COMO-DIREITO-A-CIDADANIA.pdf\">Leitura de literatura como direito \u00e0 cidadania<\/a><\/p>\n\n\n\n<p><a href=\"https:\/\/graduacao.uel.br\/letras-portugues\/wp-content\/uploads\/2025\/02\/LITERATURA-AFRO-BRASILEIRA-CONHECENDO-AUTORES-AUTORAS-E-OBRAS.pdf\">Literatura afro-brasileira: conhecendo autores, autoras e obras<\/a><\/p>\n<\/div><\/div>\n\n\n\n<div class=\"wp-block-pb-accordion-item c-accordion__item js-accordion-item no-js\" data-initially-open=\"false\" data-click-to-close=\"true\" data-auto-close=\"true\" data-scroll=\"false\" data-scroll-offset=\"0\"><h5 id=\"at-153\" class=\"c-accordion__title js-accordion-controller\" role=\"button\">Orienta\u00e7\u00f5es: Projeto &#8220;Leitura de literatura como direito \u00e0 cidadania&#8221;: como fazer um relat\u00f3rio de leitura<\/h5><div id=\"ac-153\" class=\"c-accordion__content\">\n<p><a href=\"https:\/\/www.youtube.com\/watch?v=uAGwXtqu0dA\">Como fazer um relat\u00f3rio de leitura<\/a><\/p>\n<\/div><\/div>\n\n\n\n<p><\/p>\n","protected":false},"excerpt":{"rendered":"<p>Projetos de pesquisa, ensino e extens\u00e3o fazem parte do trip\u00e9 da Universidade Estadual de Londrina (UEL), s\u00e3o componentes fundamentais da miss\u00e3o das universidades p\u00fablicas, desempenhando pap\u00e9is distintos na forma\u00e7\u00e3o dos estudantes, no desenvolvimento da sociedade e s\u00e3o vistos como essenciais para uma forma\u00e7\u00e3o acad\u00eamica completa.<\/p>\n","protected":false},"author":6,"featured_media":0,"parent":0,"menu_order":0,"comment_status":"closed","ping_status":"closed","template":"","meta":{"_acf_changed":false,"_themeisle_gutenberg_block_has_review":false,"footnotes":""},"class_list":["post-15","page","type-page","status-publish","hentry"],"acf":[],"_links":{"self":[{"href":"https:\/\/graduacao.uel.br\/letras-portugues\/wp-json\/wp\/v2\/pages\/15","targetHints":{"allow":["GET"]}}],"collection":[{"href":"https:\/\/graduacao.uel.br\/letras-portugues\/wp-json\/wp\/v2\/pages"}],"about":[{"href":"https:\/\/graduacao.uel.br\/letras-portugues\/wp-json\/wp\/v2\/types\/page"}],"author":[{"embeddable":true,"href":"https:\/\/graduacao.uel.br\/letras-portugues\/wp-json\/wp\/v2\/users\/6"}],"replies":[{"embeddable":true,"href":"https:\/\/graduacao.uel.br\/letras-portugues\/wp-json\/wp\/v2\/comments?post=15"}],"version-history":[{"count":41,"href":"https:\/\/graduacao.uel.br\/letras-portugues\/wp-json\/wp\/v2\/pages\/15\/revisions"}],"predecessor-version":[{"id":507,"href":"https:\/\/graduacao.uel.br\/letras-portugues\/wp-json\/wp\/v2\/pages\/15\/revisions\/507"}],"wp:attachment":[{"href":"https:\/\/graduacao.uel.br\/letras-portugues\/wp-json\/wp\/v2\/media?parent=15"}],"curies":[{"name":"wp","href":"https:\/\/api.w.org\/{rel}","templated":true}]}}