{"id":192,"date":"2024-06-11T13:44:36","date_gmt":"2024-06-11T16:44:36","guid":{"rendered":"https:\/\/graduacao.uel.br\/letras-portugues\/?page_id=192"},"modified":"2024-06-11T13:44:37","modified_gmt":"2024-06-11T16:44:37","slug":"atletica","status":"publish","type":"page","link":"https:\/\/graduacao.uel.br\/letras-portugues\/atletica\/","title":{"rendered":"Atl\u00e9tica"},"content":{"rendered":"\n<p>Os estudantes do curso de Letras Portugu\u00eas podem participar das atividades esportivas da Atl\u00e9tica de Humanas da UEL.<\/p>\n\n\n\n<p>Quer saber mais sobre Atl\u00e9tica de Humanas, clique em&nbsp;<strong><a href=\"https:\/\/www.instagram.com\/aaavdeoutubro\/\" target=\"_blank\" rel=\"noreferrer noopener\">saiba mais<\/a><\/strong>.<\/p>\n","protected":false},"excerpt":{"rendered":"<p>Os estudantes do curso de Letras Portugu\u00eas podem participar das atividades esportivas da Atl\u00e9tica de Humanas da UEL. Quer saber mais sobre Atl\u00e9tica de Humanas, clique em&nbsp;saiba mais.<\/p>\n","protected":false},"author":8,"featured_media":0,"parent":0,"menu_order":0,"comment_status":"closed","ping_status":"closed","template":"","meta":{"_acf_changed":false,"_themeisle_gutenberg_block_has_review":false,"footnotes":""},"class_list":["post-192","page","type-page","status-publish","hentry"],"acf":[],"_links":{"self":[{"href":"https:\/\/graduacao.uel.br\/letras-portugues\/wp-json\/wp\/v2\/pages\/192","targetHints":{"allow":["GET"]}}],"collection":[{"href":"https:\/\/graduacao.uel.br\/letras-portugues\/wp-json\/wp\/v2\/pages"}],"about":[{"href":"https:\/\/graduacao.uel.br\/letras-portugues\/wp-json\/wp\/v2\/types\/page"}],"author":[{"embeddable":true,"href":"https:\/\/graduacao.uel.br\/letras-portugues\/wp-json\/wp\/v2\/users\/8"}],"replies":[{"embeddable":true,"href":"https:\/\/graduacao.uel.br\/letras-portugues\/wp-json\/wp\/v2\/comments?post=192"}],"version-history":[{"count":1,"href":"https:\/\/graduacao.uel.br\/letras-portugues\/wp-json\/wp\/v2\/pages\/192\/revisions"}],"predecessor-version":[{"id":193,"href":"https:\/\/graduacao.uel.br\/letras-portugues\/wp-json\/wp\/v2\/pages\/192\/revisions\/193"}],"wp:attachment":[{"href":"https:\/\/graduacao.uel.br\/letras-portugues\/wp-json\/wp\/v2\/media?parent=192"}],"curies":[{"name":"wp","href":"https:\/\/api.w.org\/{rel}","templated":true}]}}