{"id":27,"date":"2024-05-03T09:35:07","date_gmt":"2024-05-03T12:35:07","guid":{"rendered":"https:\/\/graduacao.uel.br\/letras-portugues\/?page_id=27"},"modified":"2025-02-26T10:00:43","modified_gmt":"2025-02-26T13:00:43","slug":"matriz-curricular","status":"publish","type":"page","link":"https:\/\/graduacao.uel.br\/letras-portugues\/matriz-curricular\/","title":{"rendered":"Matriz Curricular"},"content":{"rendered":"\n<p>Para os estudantes que\u00a0<strong>ingressaram antes de 2023<\/strong>, a Matriz Curricular vigente \u00e9 a seguinte: <a href=\"https:\/\/sites.uel.br\/prograd\/wp-content\/uploads\/catalogo_cursos\/2022\/organizacao_curricular\/letras_lingua_portuguesa_vespertino.pdf\">Vespertino<\/a> \/\u00a0<a href=\"https:\/\/sites.uel.br\/prograd\/wp-content\/uploads\/catalogo_cursos\/2022\/organizacao_curricular\/letras_lingua_portuguesa_noturno.pdf\">Noturno<\/a>.<\/p>\n\n\n\n<p><strong>A partir de 2023<\/strong>, ap\u00f3s reformula\u00e7\u00e3o curricular do Projeto Pedag\u00f3gico do Curso de Letras Portugu\u00eas, pela\u00a0<a href=\"https:\/\/sites.uel.br\/prograd\/wp-content\/uploads\/documentos\/resolucoes\/2022\/resolucao_48_22.pdf\">Resolu\u00e7\u00e3o CEPE\/CA n\u00ba 048\/2022<\/a>, a Matriz Curricular vigente passou a ser a seguinte: <a href=\"https:\/\/sites.uel.br\/prograd\/wp-content\/uploads\/catalogo_cursos\/2024\/organizacao_curricular\/letras_lingua_portuguesa_matutino.pdf\">Matutino<\/a> \/\u00a0<a href=\"https:\/\/sites.uel.br\/prograd\/wp-content\/uploads\/catalogo_cursos\/2024\/organizacao_curricular\/letras_lingua_portuguesa_noturno.pdf\">Noturno<\/a>.<\/p>\n\n\n\n<p><\/p>\n","protected":false},"excerpt":{"rendered":"<p>Para os estudantes que\u00a0ingressaram antes de 2023, a Matriz Curricular vigente \u00e9 a seguinte: Vespertino \/\u00a0Noturno. A partir de 2023, ap\u00f3s reformula\u00e7\u00e3o curricular do Projeto Pedag\u00f3gico do Curso de Letras Portugu\u00eas, pela\u00a0Resolu\u00e7\u00e3o CEPE\/CA n\u00ba 048\/2022, a Matriz Curricular vigente passou a ser a seguinte: Matutino \/\u00a0Noturno.<\/p>\n","protected":false},"author":6,"featured_media":0,"parent":0,"menu_order":0,"comment_status":"closed","ping_status":"closed","template":"","meta":{"_acf_changed":false,"_themeisle_gutenberg_block_has_review":false,"footnotes":""},"class_list":["post-27","page","type-page","status-publish","hentry"],"acf":[],"_links":{"self":[{"href":"https:\/\/graduacao.uel.br\/letras-portugues\/wp-json\/wp\/v2\/pages\/27","targetHints":{"allow":["GET"]}}],"collection":[{"href":"https:\/\/graduacao.uel.br\/letras-portugues\/wp-json\/wp\/v2\/pages"}],"about":[{"href":"https:\/\/graduacao.uel.br\/letras-portugues\/wp-json\/wp\/v2\/types\/page"}],"author":[{"embeddable":true,"href":"https:\/\/graduacao.uel.br\/letras-portugues\/wp-json\/wp\/v2\/users\/6"}],"replies":[{"embeddable":true,"href":"https:\/\/graduacao.uel.br\/letras-portugues\/wp-json\/wp\/v2\/comments?post=27"}],"version-history":[{"count":11,"href":"https:\/\/graduacao.uel.br\/letras-portugues\/wp-json\/wp\/v2\/pages\/27\/revisions"}],"predecessor-version":[{"id":437,"href":"https:\/\/graduacao.uel.br\/letras-portugues\/wp-json\/wp\/v2\/pages\/27\/revisions\/437"}],"wp:attachment":[{"href":"https:\/\/graduacao.uel.br\/letras-portugues\/wp-json\/wp\/v2\/media?parent=27"}],"curies":[{"name":"wp","href":"https:\/\/api.w.org\/{rel}","templated":true}]}}