{"id":33,"date":"2024-05-03T09:35:48","date_gmt":"2024-05-03T12:35:48","guid":{"rendered":"https:\/\/graduacao.uel.br\/letras-portugues\/?page_id=33"},"modified":"2025-02-24T17:53:07","modified_gmt":"2025-02-24T20:53:07","slug":"contatos","status":"publish","type":"page","link":"https:\/\/graduacao.uel.br\/letras-portugues\/contatos\/","title":{"rendered":"Contatos"},"content":{"rendered":"\n<p><strong>Coordenadora do Colegiado<\/strong><br>Patr\u00edcia de Castro Santos<br>patriciacastro@uel.br<\/p>\n\n\n\n<p><strong>Vice-Coordenador do Colegiado<\/strong><br>Fl\u00e1vio Luis Freire Rodrigues<br>flaviofreire@uel.br<\/p>\n\n\n\n<p><strong>Secret\u00e1ria do Colegiado<\/strong><br>Patr\u00edcia de Souza L. Serrano<br>colletras@uel.br<\/p>\n\n\n\n<p><strong>Coordenador de Est\u00e1gio<\/strong><br>N\u00fabio Delanne Ferraz Mafra<br>nubio@uel.br<\/p>\n\n\n\n<p><strong>Coordenadora de TCC<\/strong><br>Cl\u00e1udia Camardela Rio Doce<br>claudiariodoce@uel.br<\/p>\n\n\n\n<p><strong>Coordenador do N\u00facleo Docente Estruturante (NDE)<\/strong><br>A definir<\/p>\n","protected":false},"excerpt":{"rendered":"<p>Coordenadora do ColegiadoPatr\u00edcia de Castro Santospatriciacastro@uel.br Vice-Coordenador do ColegiadoFl\u00e1vio Luis Freire Rodriguesflaviofreire@uel.br Secret\u00e1ria do ColegiadoPatr\u00edcia de Souza L. Serranocolletras@uel.br Coordenador de Est\u00e1gioN\u00fabio Delanne Ferraz Mafranubio@uel.br Coordenadora de TCCCl\u00e1udia Camardela Rio Doceclaudiariodoce@uel.br Coordenador do N\u00facleo Docente Estruturante (NDE)A definir<\/p>\n","protected":false},"author":6,"featured_media":0,"parent":0,"menu_order":0,"comment_status":"closed","ping_status":"closed","template":"","meta":{"_acf_changed":false,"_themeisle_gutenberg_block_has_review":false,"footnotes":""},"class_list":["post-33","page","type-page","status-publish","hentry"],"acf":[],"_links":{"self":[{"href":"https:\/\/graduacao.uel.br\/letras-portugues\/wp-json\/wp\/v2\/pages\/33","targetHints":{"allow":["GET"]}}],"collection":[{"href":"https:\/\/graduacao.uel.br\/letras-portugues\/wp-json\/wp\/v2\/pages"}],"about":[{"href":"https:\/\/graduacao.uel.br\/letras-portugues\/wp-json\/wp\/v2\/types\/page"}],"author":[{"embeddable":true,"href":"https:\/\/graduacao.uel.br\/letras-portugues\/wp-json\/wp\/v2\/users\/6"}],"replies":[{"embeddable":true,"href":"https:\/\/graduacao.uel.br\/letras-portugues\/wp-json\/wp\/v2\/comments?post=33"}],"version-history":[{"count":5,"href":"https:\/\/graduacao.uel.br\/letras-portugues\/wp-json\/wp\/v2\/pages\/33\/revisions"}],"predecessor-version":[{"id":425,"href":"https:\/\/graduacao.uel.br\/letras-portugues\/wp-json\/wp\/v2\/pages\/33\/revisions\/425"}],"wp:attachment":[{"href":"https:\/\/graduacao.uel.br\/letras-portugues\/wp-json\/wp\/v2\/media?parent=33"}],"curies":[{"name":"wp","href":"https:\/\/api.w.org\/{rel}","templated":true}]}}