{"id":37,"date":"2024-05-03T09:39:54","date_gmt":"2024-05-03T12:39:54","guid":{"rendered":"https:\/\/graduacao.uel.br\/letras-portugues\/?page_id=37"},"modified":"2026-04-02T09:56:00","modified_gmt":"2026-04-02T12:56:00","slug":"estagio","status":"publish","type":"page","link":"https:\/\/graduacao.uel.br\/letras-portugues\/estagio\/","title":{"rendered":"Est\u00e1gio Curricular Obrigat\u00f3rio"},"content":{"rendered":"\n<p><a href=\"https:\/\/graduacao.uel.br\/letras-portugues\/wp-content\/uploads\/2024\/06\/Orientacoes-gerais.pdf\" target=\"_blank\" rel=\"noreferrer noopener\"><strong>Orienta\u00e7\u00f5es gerais<\/strong><\/a><\/p>\n\n\n\n<p><strong><a href=\"https:\/\/graduacao.uel.br\/letras-portugues\/wp-content\/uploads\/2024\/07\/Orientacoes_em_relacao_a_Observacao.pdf\">Orienta\u00e7\u00f5es de Leal; Geraldi (1998) sobre a Observa\u00e7\u00e3o<\/a><\/strong><\/p>\n\n\n\n<p><\/p>\n\n\n\n<h1 class=\"wp-block-heading\">Est\u00e1gio em escolas estaduais<\/h1>\n\n\n\n<p><a href=\"https:\/\/graduacao.uel.br\/letras-portugues\/wp-content\/uploads\/2024\/06\/ORIENTACOES_NRE_Cadastro_no_eprotocolo_pelo_estagiario.pdf\" target=\"_blank\" rel=\"noreferrer noopener\"><strong>Como se cadastrar no eProtocolo<\/strong><\/a><\/p>\n\n\n<div class=\"wp-block-image\">\n<figure class=\"alignright size-full is-resized\"><img loading=\"lazy\" decoding=\"async\" width=\"701\" height=\"474\" src=\"https:\/\/graduacao.uel.br\/letras-portugues\/wp-content\/uploads\/2024\/06\/Imagem_pagina_do_estagio.jpg\" alt=\"\" class=\"wp-image-202\" style=\"width:433px;height:auto\" srcset=\"https:\/\/graduacao.uel.br\/letras-portugues\/wp-content\/uploads\/2024\/06\/Imagem_pagina_do_estagio.jpg 701w, https:\/\/graduacao.uel.br\/letras-portugues\/wp-content\/uploads\/2024\/06\/Imagem_pagina_do_estagio-300x203.jpg 300w\" sizes=\"auto, (max-width: 701px) 100vw, 701px\" \/><\/figure>\n<\/div>\n\n\n<p>Feito o cadastro no eProtocolo, <strong>o(a) estagi\u00e1rio(a)<\/strong> dever\u00e1 enviar os seguintes documentos ao seu(sua) orientador(a):&nbsp;<\/p>\n\n\n\n<ul class=\"wp-block-list\">\n<li><em>1.&nbsp;<a href=\"https:\/\/graduacao.uel.br\/letras-portugues\/wp-content\/uploads\/2026\/03\/1_REQUERIMENTO_ESTAGIO.docx\">Requerimento<\/a>;<\/em><\/li>\n\n\n\n<li><em>2. C\u00f3pia do RG e do CPF (pode ser CNH);<\/em><\/li>\n\n\n\n<li><em>3. Comprovante de Matr\u00edcula;<\/em><\/li>\n\n\n\n<li><em>4. <a href=\"https:\/\/graduacao.uel.br\/letras-portugues\/wp-content\/uploads\/2026\/03\/DOC3_CARTA_DE_APRESENTACAO_com_contatos_da_coordenadora_de_estagio.docx\">Carta de Apresenta\u00e7\u00e3o<\/a>;<\/em><\/li>\n\n\n\n<li><em>5. <a href=\"https:\/\/graduacao.uel.br\/letras-portugues\/wp-content\/uploads\/2026\/03\/modelo_termo_obrigatorio_sem_bolsa_escolas_estaduais2026.doc\">Termo de Compromisso<\/a> (<a href=\"https:\/\/graduacao.uel.br\/letras-portugues\/wp-content\/uploads\/2025\/04\/Termo_de_compromisso-Orientacoes.pdf\" data-type=\"link\" data-id=\"https:\/\/graduacao.uel.br\/letras-portugues\/wp-content\/uploads\/2025\/04\/Termo_de_compromisso-Orientacoes.pdf\">orienta\u00e7\u00f5es para preencher<\/a>).<\/em><\/li>\n\n\n\n<li>6. <a href=\"https:\/\/graduacao.uel.br\/letras-portugues\/wp-content\/uploads\/2026\/04\/plano-de-estagio-Letras-Portugues.docx\">Plano de est\u00e1gio.<\/a><\/li>\n<\/ul>\n\n\n\n<p>Recebidos aqueles documentos, <strong>o(a) orientador(a) de est\u00e1gio<\/strong> vai inseri-los na Solicita\u00e7\u00e3o de Est\u00e1gio no eProtocolo, juntamente com estes documentos:<\/p>\n\n\n\n<ul class=\"wp-block-list\">\n<li><em>7. <a href=\"https:\/\/graduacao.uel.br\/letras-portugues\/wp-content\/uploads\/2026\/03\/Apolice-01.82.0002841-Seguro-coletivo-de-vida-e-acidentes-pessoais-por-pessoa-mes.pdf\">Ap\u00f3lice de Seguro<\/a>;<\/em><\/li>\n\n\n\n<li><em>8. <a href=\"https:\/\/graduacao.uel.br\/letras-portugues\/wp-content\/uploads\/2025\/04\/Termo_SEAP-UEL.3572.ATE_.08.07.2026.pdf\" data-type=\"link\" data-id=\"https:\/\/graduacao.uel.br\/letras-portugues\/wp-content\/uploads\/2025\/04\/Termo_SEAP-UEL.3572.ATE_.08.07.2026.pdf\">Termo de Conv\u00eanio<\/a>.<\/em><\/li>\n<\/ul>\n\n\n\n<p><strong>Documento necess\u00e1rio ao longo do est\u00e1gio:<\/strong> <a href=\"https:\/\/graduacao.uel.br\/letras-portugues\/wp-content\/uploads\/2024\/06\/Ficha_de_acompanhamento.doc\" target=\"_blank\" rel=\"noreferrer noopener\"><strong>Ficha de Acompanhamento<\/strong><\/a>.<\/p>\n\n\n\n<p><strong>Outra forma de est\u00e1gio: <a href=\"https:\/\/graduacao.uel.br\/letras-portugues\/wp-content\/uploads\/2024\/07\/Minicurso.pdf\" target=\"_blank\" rel=\"noreferrer noopener\">Minicurso<\/a> (<a href=\"https:\/\/graduacao.uel.br\/letras-portugues\/wp-content\/uploads\/2024\/06\/MINICURSO_carga_horaria-1.doc\" target=\"_blank\" rel=\"noreferrer noopener\">carga hor\u00e1ria<\/a>).<\/strong><\/p>\n\n\n\n<p><\/p>\n\n\n\n<h1 class=\"wp-block-heading\">Est\u00e1gio em escolas particulares ou federais<\/h1>\n\n\n\n<p><strong><a href=\"https:\/\/graduacao.uel.br\/letras-portugues\/wp-content\/uploads\/2026\/03\/DOC3_CARTA_DE_APRESENTACAO_com_contatos_da_coordenadora_de_estagio.docx\">Carta de Apresenta\u00e7\u00e3o<\/a><\/strong><\/p>\n\n\n\n<p><strong><a href=\"https:\/\/graduacao.uel.br\/letras-portugues\/wp-content\/uploads\/2026\/03\/modelo_termo_obrigatorio_sem_bolsa_b2026_escolasparticulares.doc\">Termo de Compromisso<\/a> (<a href=\"https:\/\/graduacao.uel.br\/letras-portugues\/wp-content\/uploads\/2025\/04\/Termo_de_compromisso-Orientacoes.pdf\" data-type=\"link\" data-id=\"https:\/\/graduacao.uel.br\/letras-portugues\/wp-content\/uploads\/2025\/04\/Termo_de_compromisso-Orientacoes.pdf\">orienta\u00e7\u00f5es para preencher<\/a>).<\/strong><\/p>\n\n\n\n<p>FLUXO DO TERMO DE COMPROMISSO:<\/p>\n\n\n\n<ul class=\"wp-block-list\">\n<li><em>a) o estudante\/estagi\u00e1rio preenche o termo de compromisso, assina, colhe a assinaturas da unidade concedente (que pode ser f\u00edsica ou eletr\u00f4nica), do Docente Supervisor do Est\u00e1gio (que dever\u00e1 verificar, antes de assinar, se as informa\u00e7\u00f5es est\u00e3o corretas).<\/em><\/li>\n\n\n\n<li><em>b) o docente supervisor com este documento em m\u00e3os, providenciar\u00e1 a assinatura do(a) Coordenador(a) de Est\u00e1gio do Curso, caso este tenha delega\u00e7\u00e3o para assinar.<\/em><\/li>\n\n\n\n<li><em>c) Caso o Coordenador n\u00e3o possua Delega\u00e7\u00e3o para assinar Termos de Compromissos de Est\u00e1gios Obrigat\u00f3rios, v\u00e1 para a pr\u00f3xima etapa.<\/em><\/li>\n\n\n\n<li><em>d) Assim que estiver assinado pelo Coordenador de Est\u00e1gios, o professor enviar\u00e1 este Termo de compromisso e os demais, em formato PDF, e via e-protocolo \u00e0 Divis\u00e3o de Est\u00e1gios da PROGRAD que far\u00e1 as devidas verifica\u00e7\u00f5es, registrar\u00e1 o termo em Seguro e enviar\u00e1 ao docente a informa\u00e7\u00e3o de que o termo foi registrado.<\/em><\/li>\n\n\n\n<li><em>e) Na sequ\u00eancia enviar\u00e1 este protocolo para arquivo na Divis\u00e3o de Arquivos da PROGRAD.<\/em><\/li>\n<\/ul>\n\n\n\n<p><strong>Documento necess\u00e1rio ao longo do est\u00e1gio: <\/strong><a href=\"https:\/\/graduacao.uel.br\/letras-portugues\/wp-content\/uploads\/2024\/06\/Ficha_de_acompanhamento.doc\" target=\"_blank\" rel=\"noreferrer noopener\"><strong>Ficha de Acompanhamento<\/strong><\/a>.<\/p>\n\n\n\n<p><strong>Outra forma de est\u00e1gio: <a href=\"https:\/\/graduacao.uel.br\/letras-portugues\/wp-content\/uploads\/2024\/07\/Minicurso.pdf\" target=\"_blank\" rel=\"noreferrer noopener\">Minicurso<\/a> (<a href=\"https:\/\/graduacao.uel.br\/letras-portugues\/wp-content\/uploads\/2024\/06\/MINICURSO_carga_horaria-1.doc\" target=\"_blank\" rel=\"noreferrer noopener\">carga hor\u00e1ria<\/a>).<\/strong><\/p>\n\n\n\n<p><\/p>\n\n\n\n<h1 class=\"wp-block-heading\">Documentos e informa\u00e7\u00f5es gerais<\/h1>\n\n\n\n<p><strong><a href=\"https:\/\/graduacao.uel.br\/letras-portugues\/wp-content\/uploads\/2026\/03\/Dados-das-Escolas-do-NRE-de-Londrina.xlsx\">Escolas do munic\u00edpio de Londrina (atualizado em mar\u00e7o 2026)<\/a><\/strong><\/p>\n\n\n\n<p><strong><a href=\"https:\/\/www.educacao.pr.gov.br\/Pagina\/Calendario-Escolar\">Calend\u00e1rio letivo das escolas estaduais<\/a><\/strong><\/p>\n\n\n\n<p><strong><a href=\"https:\/\/sites.uel.br\/prograd\/estudante\/calendario\/\">Calend\u00e1rio letivo da UEL<\/a><\/strong><\/p>\n\n\n\n<p><a href=\"https:\/\/sites.uel.br\/prograd\/wp-content\/uploads\/dcei\/convenios\/convenios_estagios.pdf\" target=\"_blank\" rel=\"noreferrer noopener\"><strong>Institui\u00e7\u00f5es conveniadas com a UEL para est\u00e1gio (com data do conv\u00eanio)<\/strong><\/a><\/p>\n\n\n\n<p><strong><a href=\"https:\/\/graduacao.uel.br\/letras-portugues\/wp-content\/uploads\/2024\/06\/Carta_de_dispensa_de_servico.docx\" target=\"_blank\" rel=\"noreferrer noopener\">Carta de dispensa de servi\u00e7o<\/a><\/strong><\/p>\n\n\n\n<p><a href=\"https:\/\/sites.uel.br\/prograd\/wp-content\/uploads\/formularios\/estagios\/requerimento_certificado\/requerimento_certificado_orientador_estagio_unidade_externa.pdf\" data-type=\"link\" data-id=\"https:\/\/sites.uel.br\/prograd\/wp-content\/uploads\/formularios\/estagios\/requerimento_certificado\/requerimento_certificado_orientador_estagio_unidade_externa.pdf\"><strong>Requerimento de certificado para o professor da escola (orientador de campo)<\/strong><\/a><\/p>\n\n\n\n<p><a href=\"https:\/\/graduacao.uel.br\/letras-portugues\/wp-content\/uploads\/2024\/06\/Regulamento-do-Estagio-de-Graduacao-resolucaoCEPE_166_08.pdf\" target=\"_blank\" rel=\"noreferrer noopener\"><strong>Regulamento&nbsp;do Est\u00e1gio de Gradua\u00e7\u00e3o da UEL<\/strong><\/a><\/p>\n\n\n\n<p><a href=\"https:\/\/graduacao.uel.br\/letras-portugues\/wp-content\/uploads\/2024\/06\/Regulamento-do-Estagio-de-Letras-Portugues_DELIBERACAO_CAMARA_DE_GRADUACAO_012_2020.pdf\" target=\"_blank\" rel=\"noreferrer noopener\"><strong>Regulamento do Est\u00e1gio Curricular Obrigat\u00f3rio de Letras\/Portugu\u00eas<\/strong><\/a><\/p>\n\n\n\n<p><\/p>\n\n\n\n<h1 class=\"wp-block-heading\">Documentos exclusivos para o(a) orientador(a)<\/h1>\n\n\n\n<p><strong><a href=\"https:\/\/graduacao.uel.br\/letras-portugues\/wp-content\/uploads\/2025\/04\/Encaminhamentos-de-Solicitacoe-de-Estagios-das-Graduacoes.xlsx\" data-type=\"link\" data-id=\"https:\/\/graduacao.uel.br\/letras-portugues\/wp-content\/uploads\/2025\/04\/Encaminhamentos-de-Solicitacoe-de-Estagios-das-Graduacoes.xlsx\">A quem encaminhar Solicita\u00e7\u00e3o de Est\u00e1gio em escolas estaduais no eProtocolo<\/a><\/strong><\/p>\n\n\n\n<p><a href=\"https:\/\/graduacao.uel.br\/letras-portugues\/wp-content\/uploads\/2024\/06\/ORIENTADOR_ORIENTACOES_NRE_3_Perguntas_nossas_com_respostas_do_NRE.docx\" target=\"_blank\" rel=\"noreferrer noopener\"><strong>Perguntas e respostas sobre Solicita\u00e7\u00e3o de Est\u00e1gio em escolas estaduais no eProtocolo<\/strong><\/a><\/p>\n\n\n\n<p><span><a href=\"https:\/\/graduacao.uel.br\/letras-portugues\/wp-content\/uploads\/2026\/04\/ORIENTADOR_ORIENTACOES_NRE_.pdf\"><b>Tutorial para orientador(a) encaminhar Solicita\u00e7\u00e3o de Est\u00e1gio <\/b><\/a><\/span><strong><a href=\"https:\/\/graduacao.uel.br\/letras-portugues\/wp-content\/uploads\/2026\/04\/ORIENTADOR_ORIENTACOES_NRE_.pdf\">em escolas estaduais no eProtocolo<\/a><\/strong><a href=\"https:\/\/graduacao.uel.br\/letras-portugues\/wp-content\/uploads\/2024\/06\/Tutorial-PROFESSOR-ENCAMINHA-TERMOS-DE-ESTAGIO-OBRIGATORIO-NO-EPROTOCOLO.pdf\" data-type=\"link\" data-id=\"https:\/\/graduacao.uel.br\/letras-portugues\/wp-content\/uploads\/2024\/06\/Tutorial-PROFESSOR-ENCAMINHA-TERMOS-DE-ESTAGIO-OBRIGATORIO-NO-EPROTOCOLO.pdf\" target=\"_blank\" rel=\"noreferrer noopener\"><\/a><\/p>\n\n\n\n<p><a href=\"https:\/\/graduacao.uel.br\/letras-portugues\/wp-content\/uploads\/2024\/06\/Tutorial-PROFESSOR-ENCAMINHA-TERMOS-DE-ESTAGIO-OBRIGATORIO-NO-EPROTOCOLO.pdf\" data-type=\"link\" data-id=\"https:\/\/graduacao.uel.br\/letras-portugues\/wp-content\/uploads\/2024\/06\/Tutorial-PROFESSOR-ENCAMINHA-TERMOS-DE-ESTAGIO-OBRIGATORIO-NO-EPROTOCOLO.pdf\" target=\"_blank\" rel=\"noreferrer noopener\"><span><b>Tutorial para orientador(a) encaminhar Solicita\u00e7\u00e3o de Est\u00e1gio <\/b><\/span><strong>em<\/strong><\/a><a style=\"font-weight: bold\" href=\"https:\/\/graduacao.uel.br\/letras-portugues\/wp-content\/uploads\/2024\/06\/Tutorial-PROFESSOR-ENCAMINHA-TERMOS-DE-ESTAGIO-OBRIGATORIO-NO-EPROTOCOLO.pdf\" data-type=\"link\" data-id=\"https:\/\/graduacao.uel.br\/letras-portugues\/wp-content\/uploads\/2024\/06\/Tutorial-PROFESSOR-ENCAMINHA-TERMOS-DE-ESTAGIO-OBRIGATORIO-NO-EPROTOCOLO.pdf\" target=\"_blank\" rel=\"noreferrer noopener\"><strong> escolas particulares ou federais no eProtocolo<\/strong><\/a><a href=\"https:\/\/graduacao.uel.br\/letras-portugues\/wp-content\/uploads\/2024\/06\/Tutorial-PROFESSOR-ENCAMINHA-TERMOS-DE-ESTAGIO-OBRIGATORIO-NO-EPROTOCOLO.pdf\" data-type=\"link\" data-id=\"https:\/\/graduacao.uel.br\/letras-portugues\/wp-content\/uploads\/2024\/06\/Tutorial-PROFESSOR-ENCAMINHA-TERMOS-DE-ESTAGIO-OBRIGATORIO-NO-EPROTOCOLO.pdf\" target=\"_blank\" rel=\"noreferrer noopener\"><strong> <\/strong><\/a><\/p>\n\n\n\n<p><a href=\"https:\/\/graduacao.uel.br\/letras-portugues\/wp-content\/uploads\/2024\/06\/ORIENTADOR_Resolucao_1306.2022-SEED-1.pdf\" target=\"_blank\" rel=\"noreferrer noopener\"><strong>Resolu\u00e7\u00e3o n\u00ba 1.306\/2022 \u2013 GS\/SEED<\/strong><\/a><\/p>\n\n\n\n<p><\/p>\n\n\n\n<h1 class=\"wp-block-heading\"><strong><a href=\"https:\/\/sites.uel.br\/prograd\/estudante\/estagios-e-intercambios\/\" target=\"_blank\" rel=\"noreferrer noopener\">Outras formas de est\u00e1gio<\/a><\/strong><\/h1>\n\n\n\n\n\n\n\n\n","protected":false},"excerpt":{"rendered":"<p>Orienta\u00e7\u00f5es gerais Orienta\u00e7\u00f5es de Leal; Geraldi (1998) sobre a Observa\u00e7\u00e3o Est\u00e1gio em escolas estaduais Como se cadastrar no eProtocolo Feito o cadastro no eProtocolo, o(a) estagi\u00e1rio(a) dever\u00e1 enviar os seguintes documentos ao seu(sua) orientador(a):&nbsp; Recebidos aqueles documentos, o(a) orientador(a) de est\u00e1gio vai inseri-los na Solicita\u00e7\u00e3o de Est\u00e1gio no eProtocolo, juntamente com estes documentos: Documento necess\u00e1rio [&hellip;]<\/p>\n","protected":false},"author":1,"featured_media":0,"parent":0,"menu_order":0,"comment_status":"closed","ping_status":"closed","template":"","meta":{"_acf_changed":false,"_themeisle_gutenberg_block_has_review":false,"footnotes":""},"class_list":["post-37","page","type-page","status-publish","hentry"],"acf":[],"_links":{"self":[{"href":"https:\/\/graduacao.uel.br\/letras-portugues\/wp-json\/wp\/v2\/pages\/37","targetHints":{"allow":["GET"]}}],"collection":[{"href":"https:\/\/graduacao.uel.br\/letras-portugues\/wp-json\/wp\/v2\/pages"}],"about":[{"href":"https:\/\/graduacao.uel.br\/letras-portugues\/wp-json\/wp\/v2\/types\/page"}],"author":[{"embeddable":true,"href":"https:\/\/graduacao.uel.br\/letras-portugues\/wp-json\/wp\/v2\/users\/1"}],"replies":[{"embeddable":true,"href":"https:\/\/graduacao.uel.br\/letras-portugues\/wp-json\/wp\/v2\/comments?post=37"}],"version-history":[{"count":105,"href":"https:\/\/graduacao.uel.br\/letras-portugues\/wp-json\/wp\/v2\/pages\/37\/revisions"}],"predecessor-version":[{"id":552,"href":"https:\/\/graduacao.uel.br\/letras-portugues\/wp-json\/wp\/v2\/pages\/37\/revisions\/552"}],"wp:attachment":[{"href":"https:\/\/graduacao.uel.br\/letras-portugues\/wp-json\/wp\/v2\/media?parent=37"}],"curies":[{"name":"wp","href":"https:\/\/api.w.org\/{rel}","templated":true}]}}