{"id":64,"date":"2024-05-03T10:00:26","date_gmt":"2024-05-03T13:00:26","guid":{"rendered":"https:\/\/graduacao.uel.br\/letras-portugues\/?page_id=64"},"modified":"2024-05-06T16:16:39","modified_gmt":"2024-05-06T19:16:39","slug":"portal-do-estudante","status":"publish","type":"page","link":"https:\/\/graduacao.uel.br\/letras-portugues\/portal-do-estudante\/","title":{"rendered":"Portal do Estudante"},"content":{"rendered":"\n<p>A Universidade Estadual de Londrina oferece uma estrutura de servi\u00e7os de apoio que garantem tranquilidade, conforto e seguran\u00e7a no dia a dia do estudante. Diversos&nbsp;<strong><a href=\"https:\/\/sistemas.uel.br\/portaldoestudante\/index\">servi\u00e7os<\/a><\/strong>&nbsp;est\u00e3o ao acesso do estudante no Portal do Estudante.<\/p>\n\n\n\n<p>Para acessar tutoriais de como obter estes servi\u00e7os clique&nbsp;<strong><a href=\"https:\/\/sites.uel.br\/prograd\/tutoriais-portal-do-estudante-de-graduacao\/\">aqui<\/a><\/strong>.<\/p>\n","protected":false},"excerpt":{"rendered":"<p>A Universidade Estadual de Londrina oferece uma estrutura de servi\u00e7os de apoio que garantem tranquilidade, conforto e seguran\u00e7a no dia a dia do estudante. Diversos&nbsp;servi\u00e7os&nbsp;est\u00e3o ao acesso do estudante no Portal do Estudante. Para acessar tutoriais de como obter estes servi\u00e7os clique&nbsp;aqui.<\/p>\n","protected":false},"author":6,"featured_media":0,"parent":0,"menu_order":0,"comment_status":"closed","ping_status":"closed","template":"","meta":{"_acf_changed":false,"_themeisle_gutenberg_block_has_review":false,"footnotes":""},"class_list":["post-64","page","type-page","status-publish","hentry"],"acf":[],"_links":{"self":[{"href":"https:\/\/graduacao.uel.br\/letras-portugues\/wp-json\/wp\/v2\/pages\/64","targetHints":{"allow":["GET"]}}],"collection":[{"href":"https:\/\/graduacao.uel.br\/letras-portugues\/wp-json\/wp\/v2\/pages"}],"about":[{"href":"https:\/\/graduacao.uel.br\/letras-portugues\/wp-json\/wp\/v2\/types\/page"}],"author":[{"embeddable":true,"href":"https:\/\/graduacao.uel.br\/letras-portugues\/wp-json\/wp\/v2\/users\/6"}],"replies":[{"embeddable":true,"href":"https:\/\/graduacao.uel.br\/letras-portugues\/wp-json\/wp\/v2\/comments?post=64"}],"version-history":[{"count":3,"href":"https:\/\/graduacao.uel.br\/letras-portugues\/wp-json\/wp\/v2\/pages\/64\/revisions"}],"predecessor-version":[{"id":141,"href":"https:\/\/graduacao.uel.br\/letras-portugues\/wp-json\/wp\/v2\/pages\/64\/revisions\/141"}],"wp:attachment":[{"href":"https:\/\/graduacao.uel.br\/letras-portugues\/wp-json\/wp\/v2\/media?parent=64"}],"curies":[{"name":"wp","href":"https:\/\/api.w.org\/{rel}","templated":true}]}}