{"id":10,"date":"2024-03-13T16:26:08","date_gmt":"2024-03-13T19:26:08","guid":{"rendered":"https:\/\/graduacao.uel.br\/matematica\/?page_id=10"},"modified":"2025-06-23T13:25:12","modified_gmt":"2025-06-23T16:25:12","slug":"o-curso","status":"publish","type":"page","link":"https:\/\/graduacao.uel.br\/matematica\/o-curso\/","title":{"rendered":"O curso"},"content":{"rendered":"\n<p>O Curso de Matem\u00e1tica (Licenciatura e Bacharelado) \u00e9 ofertado pelo Departamento de Matem\u00e1tica (DMAT), no Centro de Ci\u00eancias Exatas (CCE), na Universidade Estadual de Londrina (UEL), tem a dura\u00e7\u00e3o m\u00ednima de 4 anos, e foi criado em 1968, com a primeira turma se formando em 1974. <\/p>\n\n\n\n<div class=\"wp-block-columns is-layout-flex wp-container-core-columns-is-layout-9d6595d7 wp-block-columns-is-layout-flex\">\n<div class=\"wp-block-column is-layout-flow wp-block-column-is-layout-flow\" style=\"flex-basis:33.34%\"><\/div>\n\n\n\n<div class=\"wp-block-column is-layout-flow wp-block-column-is-layout-flow\" style=\"flex-basis:33.33%\">\n<figure class=\"wp-block-embed alignwide is-type-video is-provider-youtube wp-block-embed-youtube wp-embed-aspect-16-9 wp-has-aspect-ratio\"><div class=\"wp-block-embed__wrapper\">\n<iframe loading=\"lazy\" title=\"Voc\u00ea conhece o curso de matem\u00e1tica da UEL? #2\" width=\"640\" height=\"360\" src=\"https:\/\/www.youtube.com\/embed\/7xKlXND5Gsg?feature=oembed\" frameborder=\"0\" allow=\"accelerometer; autoplay; clipboard-write; encrypted-media; gyroscope; picture-in-picture; web-share\" referrerpolicy=\"strict-origin-when-cross-origin\" allowfullscreen><\/iframe>\n<\/div><\/figure>\n<\/div>\n\n\n\n<div class=\"wp-block-column is-layout-flow wp-block-column-is-layout-flow\" style=\"flex-basis:33.33%\"><\/div>\n<\/div>\n\n\n\n<h3 class=\"wp-block-heading\">Matem\u00e1tica &#8211; Licenciatura<\/h3>\n\n\n\n<p>Especificamente, para a <strong>Licenciatura em Matem\u00e1tica<\/strong>, \u00e9 esperado que os egressos tenham, entre outras qualifica\u00e7\u00f5es, uma s\u00f3lida forma\u00e7\u00e3o nas \u00e1reas de Matem\u00e1tica e Educa\u00e7\u00e3o Matem\u00e1tica e estejam preparados para: enfrentar os desafios das r\u00e1pidas transforma\u00e7\u00f5es da sociedade e das condi\u00e7\u00f5es de exerc\u00edcio profissional; reconhecer seu papel social de educador; desenvolver a capacidade de se inserir em diversas realidades, com sensibilidade para interpretar as a\u00e7\u00f5es dos educandos. <\/p>\n\n\n\n<p>O objetivo do curso de Licenciatura \u00e9 o de preparar o professor de Matem\u00e1tica para exerc\u00edcio do magist\u00e9rio na segunda etapa do Ensino Fundamental e no Ensino M\u00e9dio, de modo que ele seja capaz de exercer lideran\u00e7a intelectual, social e pol\u00edtica e, a partir do conhecimento da realidade social, econ\u00f4mica e cultural e da \u00e1rea de Matem\u00e1tica, possa atuar no sentido de melhorar as condi\u00e7\u00f5es de ensino e de aprendizagem vigentes, visando ao desenvolvimento de princ\u00edpios \u00e9ticos e de solidariedade para o exerc\u00edcio pleno da cidadania. <\/p>\n\n\n\n<h3 class=\"wp-block-heading\">Matem\u00e1tica &#8211; Bacharelado<\/h3>\n\n\n\n<p>Especificamente, para o <strong>Bacharelado em Matem\u00e1tica<\/strong>, \u00e9 esperado que os egressos estejam preparados para enfrentar os desafios das r\u00e1pidas transforma\u00e7\u00f5es da sociedade e das condi\u00e7\u00f5es de exerc\u00edcio profissional e possuir capacidade de se inserir em diversas realidades, com sensibilidade para interpretar diferentes problemas da sociedade e propor solu\u00e7\u00f5es a partir do instrumental matem\u00e1tico. <\/p>\n\n\n\n<p>O objetivo do curso de Bacharelado em Matem\u00e1tica \u00e9 a forma\u00e7\u00e3o de um profissional com amplo conhecimento matem\u00e1tico, que o instrumentalize para o exerc\u00edcio de sua profiss\u00e3o, bem como para dar continuidade a seus estudos visando a p\u00f3s-gradua\u00e7\u00e3o em Matem\u00e1tica, em Matem\u00e1tica Aplicada ou em \u00e1reas afins.<\/p>\n","protected":false},"excerpt":{"rendered":"<p>O Curso de Matem\u00e1tica (Licenciatura e Bacharelado) \u00e9 ofertado pelo Departamento de Matem\u00e1tica (DMAT), no Centro de Ci\u00eancias Exatas (CCE), na Universidade Estadual de Londrina (UEL), tem a dura\u00e7\u00e3o m\u00ednima de 4 anos, e foi criado em 1968, com a primeira turma se formando em 1974. Matem\u00e1tica &#8211; Licenciatura Especificamente, para a Licenciatura em Matem\u00e1tica, [&hellip;]<\/p>\n","protected":false},"author":6,"featured_media":0,"parent":0,"menu_order":0,"comment_status":"closed","ping_status":"closed","template":"","meta":{"_acf_changed":false,"footnotes":""},"class_list":["post-10","page","type-page","status-publish","hentry"],"acf":[],"_links":{"self":[{"href":"https:\/\/graduacao.uel.br\/matematica\/wp-json\/wp\/v2\/pages\/10","targetHints":{"allow":["GET"]}}],"collection":[{"href":"https:\/\/graduacao.uel.br\/matematica\/wp-json\/wp\/v2\/pages"}],"about":[{"href":"https:\/\/graduacao.uel.br\/matematica\/wp-json\/wp\/v2\/types\/page"}],"author":[{"embeddable":true,"href":"https:\/\/graduacao.uel.br\/matematica\/wp-json\/wp\/v2\/users\/6"}],"replies":[{"embeddable":true,"href":"https:\/\/graduacao.uel.br\/matematica\/wp-json\/wp\/v2\/comments?post=10"}],"version-history":[{"count":7,"href":"https:\/\/graduacao.uel.br\/matematica\/wp-json\/wp\/v2\/pages\/10\/revisions"}],"predecessor-version":[{"id":456,"href":"https:\/\/graduacao.uel.br\/matematica\/wp-json\/wp\/v2\/pages\/10\/revisions\/456"}],"wp:attachment":[{"href":"https:\/\/graduacao.uel.br\/matematica\/wp-json\/wp\/v2\/media?parent=10"}],"curies":[{"name":"wp","href":"https:\/\/api.w.org\/{rel}","templated":true}]}}