{"id":127,"date":"2024-03-15T10:09:03","date_gmt":"2024-03-15T13:09:03","guid":{"rendered":"https:\/\/graduacao.uel.br\/matematica\/?page_id=127"},"modified":"2024-04-18T14:53:05","modified_gmt":"2024-04-18T17:53:05","slug":"aac","status":"publish","type":"page","link":"https:\/\/graduacao.uel.br\/matematica\/aac\/","title":{"rendered":"AAC"},"content":{"rendered":"\n<p>No curso de Matem\u00e1tica (Licenciatura e Bacharelado), as Atividades Acad\u00eamicas Complementares (AAC) constituem os componentes curriculares obrigat\u00f3rios e correspondem \u00e0 participa\u00e7\u00e3o do estudante em atividades de livre escolha, que ser\u00e3o desenvolvidas totalmente fora do turno do curso. O objetivo da AAC \u00e9 garantir que o estudante participe de diferentes atividades ao longo de sua forma\u00e7\u00e3o. <\/p>\n\n\n\n<p>Para integraliza\u00e7\u00e3o curricular, o estudante deve cumprir:<\/p>\n\n\n\n<p>-&gt; na <strong>Licenciatura<\/strong>: 20 (vinte) horas<\/p>\n\n\n\n<p>-&gt; no <strong>Bacharelado<\/strong>: 30 (trinta) horas de AAC entre as modalidades descritas a seguir:<\/p>\n\n\n\n<p>\u2022 Cursos de extens\u00e3o; <\/p>\n\n\n\n<p>\u2022 Disciplinas eletivas, conforme <strong><a href=\"https:\/\/www.uel.br\/arquivo-prograd\/docs_prograd\/resolucoes\/resolucao_203_07.pdf\">Resolu\u00e7\u00e3o CEPE n\u00ba 203\/2007<\/a><\/strong>; <\/p>\n\n\n\n<p>\u2022 Disciplinas especiais, conforme <strong><a href=\"https:\/\/www.uel.br\/arquivo-prograd\/download\/resolucao_139_05.pdf\">Resolu\u00e7\u00e3o CEPE n\u00ba 139\/2005<\/a><\/strong>; <\/p>\n\n\n\n<p>\u2022 Est\u00e1gio curricular n\u00e3o obrigat\u00f3rio, conforme <strong><a href=\"https:\/\/www.uel.br\/arquivo-prograd\/docs_prograd\/resolucoes\/resolucao_59_07.pdf\">Resolu\u00e7\u00e3o CEPE n\u00ba 59\/2007<\/a><\/strong> e <strong><a href=\"https:\/\/www.uel.br\/arquivo-prograd\/docs_prograd\/resolucoes\/resolucao_166_08.pdf\">Resolu\u00e7\u00e3o CEPE n\u00ba 166\/2008<\/a><\/strong>; <\/p>\n\n\n\n<p>\u2022 Eventos; <\/p>\n\n\n\n<p>\u2022 Monitoria acad\u00eamica, conforme <strong><a href=\"https:\/\/sistemas.uel.br\/files\/atonormativo\/RESOLUCOES\/2016\/106.pdf\">Resolu\u00e7\u00e3o CEPE n\u00ba 106\/2016<\/a><\/strong>; <\/p>\n\n\n\n<p>\u2022 Programas de forma\u00e7\u00e3o complementar, conforme <strong><a href=\"https:\/\/www.uel.br\/arquivo-prograd\/docs_prograd\/resolucoes\/2012\/resolucao_142_12.pdf\">Resolu\u00e7\u00e3o CEPE n\u00ba 142\/2012<\/a><\/strong>; <\/p>\n\n\n\n<p>\u2022 Projetos de pesquisa, projetos de pesquisa em ensino e projetos integrados, conforme <strong><a href=\"https:\/\/www.uel.br\/arquivo-proex\/Download\/anexo-resolucao-cepe-070.pdf\">Resolu\u00e7\u00e3o CEPE n\u00ba 070\/2012<\/a><\/strong> e <strong><a href=\"https:\/\/www.uel.br\/comites\/cepesh\/pages\/arquivos\/Resolucao%20030-2018%20-%20Projetos%20de%20Pesquisa(2)%20(1).pdf\">Resolu\u00e7\u00e3o CEPE n\u00ba 30\/2018<\/a><\/strong>.<\/p>\n\n\n\n<div class=\"wp-block-columns is-layout-flex wp-container-core-columns-is-layout-9d6595d7 wp-block-columns-is-layout-flex\">\n<div class=\"wp-block-column is-layout-flow wp-block-column-is-layout-flow\"><\/div>\n<\/div>\n","protected":false},"excerpt":{"rendered":"<p>No curso de Matem\u00e1tica (Licenciatura e Bacharelado), as Atividades Acad\u00eamicas Complementares (AAC) constituem os componentes curriculares obrigat\u00f3rios e correspondem \u00e0 participa\u00e7\u00e3o do estudante em atividades de livre escolha, que ser\u00e3o desenvolvidas totalmente fora do turno do curso. O objetivo da AAC \u00e9 garantir que o estudante participe de diferentes atividades ao longo de sua forma\u00e7\u00e3o. [&hellip;]<\/p>\n","protected":false},"author":6,"featured_media":0,"parent":0,"menu_order":0,"comment_status":"closed","ping_status":"closed","template":"","meta":{"_acf_changed":false,"footnotes":""},"class_list":["post-127","page","type-page","status-publish","hentry"],"acf":[],"_links":{"self":[{"href":"https:\/\/graduacao.uel.br\/matematica\/wp-json\/wp\/v2\/pages\/127","targetHints":{"allow":["GET"]}}],"collection":[{"href":"https:\/\/graduacao.uel.br\/matematica\/wp-json\/wp\/v2\/pages"}],"about":[{"href":"https:\/\/graduacao.uel.br\/matematica\/wp-json\/wp\/v2\/types\/page"}],"author":[{"embeddable":true,"href":"https:\/\/graduacao.uel.br\/matematica\/wp-json\/wp\/v2\/users\/6"}],"replies":[{"embeddable":true,"href":"https:\/\/graduacao.uel.br\/matematica\/wp-json\/wp\/v2\/comments?post=127"}],"version-history":[{"count":8,"href":"https:\/\/graduacao.uel.br\/matematica\/wp-json\/wp\/v2\/pages\/127\/revisions"}],"predecessor-version":[{"id":250,"href":"https:\/\/graduacao.uel.br\/matematica\/wp-json\/wp\/v2\/pages\/127\/revisions\/250"}],"wp:attachment":[{"href":"https:\/\/graduacao.uel.br\/matematica\/wp-json\/wp\/v2\/media?parent=127"}],"curies":[{"name":"wp","href":"https:\/\/api.w.org\/{rel}","templated":true}]}}