{"id":131,"date":"2024-03-15T10:09:27","date_gmt":"2024-03-15T13:09:27","guid":{"rendered":"https:\/\/graduacao.uel.br\/matematica\/?page_id=131"},"modified":"2024-06-03T12:03:01","modified_gmt":"2024-06-03T15:03:01","slug":"tcc","status":"publish","type":"page","link":"https:\/\/graduacao.uel.br\/matematica\/tcc\/","title":{"rendered":"TCC"},"content":{"rendered":"\n<p>Nos atuais Projetos Pedag\u00f3gicos (PPC) do curso de Matem\u00e1tica (Bacharelado e Licenciatura) n\u00e3o h\u00e1 Trabalho de Conclus\u00e3o de Curso (TCC).<\/p>\n\n\n\n<p><\/p>\n\n\n\n<div class=\"wp-block-buttons is-content-justification-center is-layout-flex wp-container-core-buttons-is-layout-16018d1d wp-block-buttons-is-layout-flex\">\n<div class=\"wp-block-button\"><a class=\"wp-block-button__link has-primary-accent-background-color has-background wp-element-button\" href=\"https:\/\/sites.uel.br\/prograd\/regulamentos-trabalho-de-conclusao-de-curso-tcc\/\">Regulamento TCC<\/a><\/div>\n<\/div>\n\n\n\n<div class=\"wp-block-columns is-layout-flex wp-container-core-columns-is-layout-9d6595d7 wp-block-columns-is-layout-flex\">\n<div class=\"wp-block-column is-layout-flow wp-block-column-is-layout-flow\"><\/div>\n<\/div>\n","protected":false},"excerpt":{"rendered":"<p>Nos atuais Projetos Pedag\u00f3gicos (PPC) do curso de Matem\u00e1tica (Bacharelado e Licenciatura) n\u00e3o h\u00e1 Trabalho de Conclus\u00e3o de Curso (TCC).<\/p>\n","protected":false},"author":6,"featured_media":0,"parent":0,"menu_order":0,"comment_status":"closed","ping_status":"closed","template":"","meta":{"_acf_changed":false,"footnotes":""},"class_list":["post-131","page","type-page","status-publish","hentry"],"acf":[],"_links":{"self":[{"href":"https:\/\/graduacao.uel.br\/matematica\/wp-json\/wp\/v2\/pages\/131","targetHints":{"allow":["GET"]}}],"collection":[{"href":"https:\/\/graduacao.uel.br\/matematica\/wp-json\/wp\/v2\/pages"}],"about":[{"href":"https:\/\/graduacao.uel.br\/matematica\/wp-json\/wp\/v2\/types\/page"}],"author":[{"embeddable":true,"href":"https:\/\/graduacao.uel.br\/matematica\/wp-json\/wp\/v2\/users\/6"}],"replies":[{"embeddable":true,"href":"https:\/\/graduacao.uel.br\/matematica\/wp-json\/wp\/v2\/comments?post=131"}],"version-history":[{"count":5,"href":"https:\/\/graduacao.uel.br\/matematica\/wp-json\/wp\/v2\/pages\/131\/revisions"}],"predecessor-version":[{"id":279,"href":"https:\/\/graduacao.uel.br\/matematica\/wp-json\/wp\/v2\/pages\/131\/revisions\/279"}],"wp:attachment":[{"href":"https:\/\/graduacao.uel.br\/matematica\/wp-json\/wp\/v2\/media?parent=131"}],"curies":[{"name":"wp","href":"https:\/\/api.w.org\/{rel}","templated":true}]}}