{"id":282,"date":"2024-06-03T12:18:11","date_gmt":"2024-06-03T15:18:11","guid":{"rendered":"https:\/\/graduacao.uel.br\/matematica\/?page_id=282"},"modified":"2024-06-03T12:18:11","modified_gmt":"2024-06-03T15:18:11","slug":"centro-academico-ca","status":"publish","type":"page","link":"https:\/\/graduacao.uel.br\/matematica\/centro-academico-ca\/","title":{"rendered":"Centro Acad\u00eamico (CA)"},"content":{"rendered":"\n<p>O Centro Acad\u00eamico (CA) de Matem\u00e1tica da UEL representa os estudantes do Curso de Matem\u00e1tica.<\/p>\n\n\n\n<p>Est\u00e1 passando por reformula\u00e7\u00f5es. <\/p>\n","protected":false},"excerpt":{"rendered":"<p>O Centro Acad\u00eamico (CA) de Matem\u00e1tica da UEL representa os estudantes do Curso de Matem\u00e1tica. Est\u00e1 passando por reformula\u00e7\u00f5es.<\/p>\n","protected":false},"author":8,"featured_media":0,"parent":0,"menu_order":0,"comment_status":"closed","ping_status":"closed","template":"","meta":{"_acf_changed":false,"footnotes":""},"class_list":["post-282","page","type-page","status-publish","hentry"],"acf":[],"_links":{"self":[{"href":"https:\/\/graduacao.uel.br\/matematica\/wp-json\/wp\/v2\/pages\/282","targetHints":{"allow":["GET"]}}],"collection":[{"href":"https:\/\/graduacao.uel.br\/matematica\/wp-json\/wp\/v2\/pages"}],"about":[{"href":"https:\/\/graduacao.uel.br\/matematica\/wp-json\/wp\/v2\/types\/page"}],"author":[{"embeddable":true,"href":"https:\/\/graduacao.uel.br\/matematica\/wp-json\/wp\/v2\/users\/8"}],"replies":[{"embeddable":true,"href":"https:\/\/graduacao.uel.br\/matematica\/wp-json\/wp\/v2\/comments?post=282"}],"version-history":[{"count":1,"href":"https:\/\/graduacao.uel.br\/matematica\/wp-json\/wp\/v2\/pages\/282\/revisions"}],"predecessor-version":[{"id":283,"href":"https:\/\/graduacao.uel.br\/matematica\/wp-json\/wp\/v2\/pages\/282\/revisions\/283"}],"wp:attachment":[{"href":"https:\/\/graduacao.uel.br\/matematica\/wp-json\/wp\/v2\/media?parent=282"}],"curies":[{"name":"wp","href":"https:\/\/api.w.org\/{rel}","templated":true}]}}