{"id":291,"date":"2024-06-03T14:42:26","date_gmt":"2024-06-03T17:42:26","guid":{"rendered":"https:\/\/graduacao.uel.br\/matematica\/?page_id=291"},"modified":"2024-06-03T14:42:26","modified_gmt":"2024-06-03T17:42:26","slug":"licenciatura","status":"publish","type":"page","link":"https:\/\/graduacao.uel.br\/matematica\/licenciatura\/","title":{"rendered":"Licenciatura"},"content":{"rendered":"\n<p>O Curso de Matem\u00e1tica Licenciatura prepara o profissional para o exerc\u00edcio do magist\u00e9rio no Ensino Fundamental e M\u00e9dio. O curso \u00e9 noturno, com dura\u00e7\u00e3o m\u00ednima de 4 anos.<\/p>\n\n\n\n<div data-wp-interactive=\"core\/file\" class=\"wp-block-file\"><object data-wp-bind--hidden=\"!state.hasPdfPreview\" hidden class=\"wp-block-file__embed\" data=\"https:\/\/graduacao.uel.br\/matematica\/wp-content\/uploads\/2024\/06\/matematica_licenciatura.pdf\" type=\"application\/pdf\" style=\"width:100%;height:600px\" aria-label=\"Incorporado de matematica_licenciatura.\"><\/object><a id=\"wp-block-file--media-f424bc36-49b2-4337-bd8c-845b9726ab10\" href=\"https:\/\/graduacao.uel.br\/matematica\/wp-content\/uploads\/2024\/06\/matematica_licenciatura.pdf\">matematica_licenciatura<\/a><a href=\"https:\/\/graduacao.uel.br\/matematica\/wp-content\/uploads\/2024\/06\/matematica_licenciatura.pdf\" class=\"wp-block-file__button wp-element-button\" download aria-describedby=\"wp-block-file--media-f424bc36-49b2-4337-bd8c-845b9726ab10\">Baixar<\/a><\/div>\n\n\n\n<p><\/p>\n","protected":false},"excerpt":{"rendered":"<p>O Curso de Matem\u00e1tica Licenciatura prepara o profissional para o exerc\u00edcio do magist\u00e9rio no Ensino Fundamental e M\u00e9dio. O curso \u00e9 noturno, com dura\u00e7\u00e3o m\u00ednima de 4 anos.<\/p>\n","protected":false},"author":8,"featured_media":0,"parent":0,"menu_order":0,"comment_status":"closed","ping_status":"closed","template":"","meta":{"_acf_changed":false,"footnotes":""},"class_list":["post-291","page","type-page","status-publish","hentry"],"acf":[],"_links":{"self":[{"href":"https:\/\/graduacao.uel.br\/matematica\/wp-json\/wp\/v2\/pages\/291","targetHints":{"allow":["GET"]}}],"collection":[{"href":"https:\/\/graduacao.uel.br\/matematica\/wp-json\/wp\/v2\/pages"}],"about":[{"href":"https:\/\/graduacao.uel.br\/matematica\/wp-json\/wp\/v2\/types\/page"}],"author":[{"embeddable":true,"href":"https:\/\/graduacao.uel.br\/matematica\/wp-json\/wp\/v2\/users\/8"}],"replies":[{"embeddable":true,"href":"https:\/\/graduacao.uel.br\/matematica\/wp-json\/wp\/v2\/comments?post=291"}],"version-history":[{"count":1,"href":"https:\/\/graduacao.uel.br\/matematica\/wp-json\/wp\/v2\/pages\/291\/revisions"}],"predecessor-version":[{"id":293,"href":"https:\/\/graduacao.uel.br\/matematica\/wp-json\/wp\/v2\/pages\/291\/revisions\/293"}],"wp:attachment":[{"href":"https:\/\/graduacao.uel.br\/matematica\/wp-json\/wp\/v2\/media?parent=291"}],"curies":[{"name":"wp","href":"https:\/\/api.w.org\/{rel}","templated":true}]}}