{"id":40,"date":"2024-03-13T16:31:16","date_gmt":"2024-03-13T19:31:16","guid":{"rendered":"https:\/\/graduacao.uel.br\/matematica\/?page_id=40"},"modified":"2024-03-15T15:24:01","modified_gmt":"2024-03-15T18:24:01","slug":"links-importantes","status":"publish","type":"page","link":"https:\/\/graduacao.uel.br\/matematica\/links-importantes\/","title":{"rendered":"Links Importantes"},"content":{"rendered":"\n<p>Seguem alguns links relevantes e que agregam enorme import\u00e2ncia para consulta no site.<\/p>\n\n\n\n<p><strong><a href=\"https:\/\/www.gov.br\/cnpq\/pt-br\">CNPQ<\/a><\/strong><\/p>\n\n\n\n<p><strong><a href=\"https:\/\/www.gov.br\/capes\/pt-br\">CAPES<\/a><\/strong><\/p>\n\n\n\n<p><strong><a href=\"https:\/\/sbm.org.br\">Sociedade Brasileira de Matem\u00e1tica &#8211; SBM<\/a><\/strong><\/p>\n\n\n\n<p><strong><a href=\"https:\/\/www.sbembrasil.org.br\/sbembrasil\/\">Sociedade Brasileira de Educa\u00e7\u00e3o Matem\u00e1tica &#8211; SBEM<\/a><\/strong><\/p>\n\n\n\n<p><strong><a href=\"http:\/\/www.spm.uem.br\/spmatematica\/index.htm\">Sociedade Paranaense de Matem\u00e1tica &#8211; SPM<\/a><\/strong><\/p>\n\n\n\n<p><\/p>\n\n\n\n<p class=\"has-medium-font-size\"><strong>Manual de Identidade Visual da UEL<\/strong><\/p>\n\n\n\n<p>Ao representar a Universidade Estadual de Londrina, utilize a\u00a0<a href=\"https:\/\/portal.uel.br\/conheca-a-uel\/pages\/marca-e-logotipo.php\" target=\"_blank\" rel=\"noreferrer noopener\">logomarca da UEL<\/a>, conforme manual abaixo:<\/p>\n\n\n\n<p><\/p>\n\n\n\n<div data-wp-interactive=\"core\/file\" class=\"wp-block-file\"><object data-wp-bind--hidden=\"!state.hasPdfPreview\" hidden class=\"wp-block-file__embed\" data=\"https:\/\/graduacao.uel.br\/matematica\/wp-content\/uploads\/2024\/03\/MANUAL_DE_IDENTIDADE_UEL_-_2019-1.pdf\" type=\"application\/pdf\" style=\"width:100%;height:600px\" aria-label=\"Incorporado de MANUAL_DE_IDENTIDADE_UEL_-_2019 (1).\"><\/object><a id=\"wp-block-file--media-21ee5bb6-f08a-419d-93d5-b3ba0049eb7d\" href=\"https:\/\/graduacao.uel.br\/matematica\/wp-content\/uploads\/2024\/03\/MANUAL_DE_IDENTIDADE_UEL_-_2019-1.pdf\">MANUAL_DE_IDENTIDADE_UEL_-_2019 (1)<\/a><a href=\"https:\/\/graduacao.uel.br\/matematica\/wp-content\/uploads\/2024\/03\/MANUAL_DE_IDENTIDADE_UEL_-_2019-1.pdf\" class=\"wp-block-file__button wp-element-button\" download aria-describedby=\"wp-block-file--media-21ee5bb6-f08a-419d-93d5-b3ba0049eb7d\">Baixar<\/a><\/div>\n","protected":false},"excerpt":{"rendered":"<p>Seguem alguns links relevantes e que agregam enorme import\u00e2ncia para consulta no site. CNPQ CAPES Sociedade Brasileira de Matem\u00e1tica &#8211; SBM Sociedade Brasileira de Educa\u00e7\u00e3o Matem\u00e1tica &#8211; SBEM Sociedade Paranaense de Matem\u00e1tica &#8211; SPM Manual de Identidade Visual da UEL Ao representar a Universidade Estadual de Londrina, utilize a\u00a0logomarca da UEL, conforme manual abaixo:<\/p>\n","protected":false},"author":6,"featured_media":0,"parent":0,"menu_order":0,"comment_status":"closed","ping_status":"closed","template":"","meta":{"_acf_changed":false,"footnotes":""},"class_list":["post-40","page","type-page","status-publish","hentry"],"acf":[],"_links":{"self":[{"href":"https:\/\/graduacao.uel.br\/matematica\/wp-json\/wp\/v2\/pages\/40","targetHints":{"allow":["GET"]}}],"collection":[{"href":"https:\/\/graduacao.uel.br\/matematica\/wp-json\/wp\/v2\/pages"}],"about":[{"href":"https:\/\/graduacao.uel.br\/matematica\/wp-json\/wp\/v2\/types\/page"}],"author":[{"embeddable":true,"href":"https:\/\/graduacao.uel.br\/matematica\/wp-json\/wp\/v2\/users\/6"}],"replies":[{"embeddable":true,"href":"https:\/\/graduacao.uel.br\/matematica\/wp-json\/wp\/v2\/comments?post=40"}],"version-history":[{"count":6,"href":"https:\/\/graduacao.uel.br\/matematica\/wp-json\/wp\/v2\/pages\/40\/revisions"}],"predecessor-version":[{"id":417,"href":"https:\/\/graduacao.uel.br\/matematica\/wp-json\/wp\/v2\/pages\/40\/revisions\/417"}],"wp:attachment":[{"href":"https:\/\/graduacao.uel.br\/matematica\/wp-json\/wp\/v2\/media?parent=40"}],"curies":[{"name":"wp","href":"https:\/\/api.w.org\/{rel}","templated":true}]}}