{"id":116,"date":"2024-07-15T11:29:26","date_gmt":"2024-07-15T14:29:26","guid":{"rendered":"https:\/\/graduacao.uel.br\/medicina\/?page_id=116"},"modified":"2024-10-01T17:03:33","modified_gmt":"2024-10-01T20:03:33","slug":"centro-academico-ca","status":"publish","type":"page","link":"https:\/\/graduacao.uel.br\/medicina\/centro-academico-ca\/","title":{"rendered":"Centro Acad\u00eamico (CA)"},"content":{"rendered":"\n<p>O <strong>Centro Acad\u00eamico Samuel Pessoa (CASP)<\/strong> \u00e9 a institui\u00e7\u00e3o respons\u00e1vel por representar os estudantes de Medicina da Universidade Estadual de Londrina. Fundado na d\u00e9cada de 1970, a partir do antigo Diret\u00f3rio Acad\u00eamico Setorial do Centro de Ci\u00eancias da Sa\u00fade \u2013 o qual abrangia os cursos da \u00e1rea da sa\u00fade existentes \u00e0 \u00e9poca \u2013 em um contexto de complexas mudan\u00e7as pol\u00edticas e sociais, o <strong>CASP<\/strong> foi (e \u00e9) constru\u00eddo para buscar levar as demandas estudantis aos setores da Universidade e da sociedade respons\u00e1veis pelos ambientes e profissionais que comp\u00f5em e\/ou influenciam o nosso t\u00e3o amado curso.<\/p>\n\n\n\n<p>Como todo CA faz e deve fazer, o <strong>CASP<\/strong> busca ouvir, organizar e somar for\u00e7as \u00e0s vozes pertencentes ao coletivo de discentes, os quais, inclusive, elegem a nossa gest\u00e3o anualmente, o que explicita mais um princ\u00edpio defendido por n\u00f3s: a democracia.<\/p>\n\n\n\n<p>O <strong>CASP<\/strong> participa de reuni\u00f5es do <strong>Colegiado do Curso de Medicina da UEL<\/strong>, do Conselho de <strong>Centro do CCS<\/strong>, do <strong>HU<\/strong> e outras eventualmente necess\u00e1rias, sempre com o objetivo de defender os interesses estudantis conforme suas necessidades, seja comunicando e reivindicando mudan\u00e7as, como opondo-se ao que pode prejudicar nossos estudantes. Al\u00e9m disso, O <strong>CASP<\/strong> busca promover intera\u00e7\u00e3o entre estudantes e desses com a sociedade, oferecer suporte para as pessoas que precisem de apoio acad\u00eamico ou pessoal, al\u00e9m de procurar meios para que o bem-estar estudantil seja uma realidade acess\u00edvel.<\/p>\n\n\n\n<p>Nosso CA est\u00e1 sempre atento \u00e0s transforma\u00e7\u00f5es sociais e acad\u00eamicas que podem influenciar a nossa forma\u00e7\u00e3o enquanto futuros(as) m\u00e9dicos(as), por isso, busca-se promover discuss\u00f5es sobre assuntos relevantes e agir com acad\u00eamicos(as) na elabora\u00e7\u00e3o e aplica\u00e7\u00e3o de atividades como as Ligas Acad\u00eamicas do nosso curso. Outra atividade ligada \u00e0 nossa institui\u00e7\u00e3o \u00e9 o <strong>Congresso de Medicina da UEL (Comuel)<\/strong>, que ocorre anualmente com o objetivo de ampliar o acesso a eventos cient\u00edficos por parte dos nossos acad\u00eamicos, bem como de divulgar o trabalho realizado por eles e por docentes dentro do nosso curso.<\/p>\n\n\n\n<p>Para que isso e muito mais possa ser feito pelo <strong>CASP<\/strong>, organizamo-nos internamente em departamentos que se dedicam a \u00e1reas mais espec\u00edficas, indo desde Educa\u00e7\u00e3o M\u00e9dica e Cient\u00edfica, at\u00e9 Cultura e Eventos, tudo pensado para que consigamos alcan\u00e7ar cada vez mais estudantes e, uma vez organizados, construir um curso cada vez melhor, honrando nosso Sangue Laranja e o nome da nossa\u00a0Universidade.<\/p>\n\n\n\n<p>Conhe\u00e7a o <strong>Centro Acad\u00eamico Samuel Pessoa (CASP)<\/strong> no <strong><a href=\"https:\/\/www.instagram.com\/caspmeduel\/\">Instagram <\/a><\/strong>e no <strong><a href=\"https:\/\/www.facebook.com\/centroacademico.samuelpessoa\/?locale=pt_BR\">Facebook<\/a><\/strong>.<\/p>\n\n\n\n<div class=\"wp-block-columns is-layout-flex wp-container-core-columns-is-layout-9d6595d7 wp-block-columns-is-layout-flex\">\n<div class=\"wp-block-column is-layout-flow wp-block-column-is-layout-flow\">\n<figure class=\"wp-block-image size-large\"><img loading=\"lazy\" decoding=\"async\" width=\"1024\" height=\"1024\" src=\"https:\/\/graduacao.uel.br\/medicina\/wp-content\/uploads\/2024\/10\/Design-sem-nome-1024x1024.png\" alt=\"\" class=\"wp-image-308\" srcset=\"https:\/\/graduacao.uel.br\/medicina\/wp-content\/uploads\/2024\/10\/Design-sem-nome-1024x1024.png 1024w, https:\/\/graduacao.uel.br\/medicina\/wp-content\/uploads\/2024\/10\/Design-sem-nome-300x300.png 300w, https:\/\/graduacao.uel.br\/medicina\/wp-content\/uploads\/2024\/10\/Design-sem-nome-150x150.png 150w, https:\/\/graduacao.uel.br\/medicina\/wp-content\/uploads\/2024\/10\/Design-sem-nome-768x768.png 768w, https:\/\/graduacao.uel.br\/medicina\/wp-content\/uploads\/2024\/10\/Design-sem-nome.png 1080w\" sizes=\"auto, (max-width: 1024px) 100vw, 1024px\" \/><\/figure>\n<\/div>\n\n\n\n<div class=\"wp-block-column is-layout-flow wp-block-column-is-layout-flow\"><\/div>\n<\/div>\n\n\n\n<p><\/p>\n","protected":false},"excerpt":{"rendered":"<p>O Centro Acad\u00eamico Samuel Pessoa (CASP) \u00e9 a institui\u00e7\u00e3o respons\u00e1vel por representar os estudantes de Medicina da Universidade Estadual de Londrina. Fundado na d\u00e9cada de 1970, a partir do antigo Diret\u00f3rio Acad\u00eamico Setorial do Centro de Ci\u00eancias da Sa\u00fade \u2013 o qual abrangia os cursos da \u00e1rea da sa\u00fade existentes \u00e0 \u00e9poca \u2013 em um [&hellip;]<\/p>\n","protected":false},"author":6,"featured_media":0,"parent":0,"menu_order":0,"comment_status":"closed","ping_status":"closed","template":"","meta":{"_acf_changed":false,"footnotes":""},"class_list":["post-116","page","type-page","status-publish","hentry"],"acf":[],"_links":{"self":[{"href":"https:\/\/graduacao.uel.br\/medicina\/wp-json\/wp\/v2\/pages\/116","targetHints":{"allow":["GET"]}}],"collection":[{"href":"https:\/\/graduacao.uel.br\/medicina\/wp-json\/wp\/v2\/pages"}],"about":[{"href":"https:\/\/graduacao.uel.br\/medicina\/wp-json\/wp\/v2\/types\/page"}],"author":[{"embeddable":true,"href":"https:\/\/graduacao.uel.br\/medicina\/wp-json\/wp\/v2\/users\/6"}],"replies":[{"embeddable":true,"href":"https:\/\/graduacao.uel.br\/medicina\/wp-json\/wp\/v2\/comments?post=116"}],"version-history":[{"count":5,"href":"https:\/\/graduacao.uel.br\/medicina\/wp-json\/wp\/v2\/pages\/116\/revisions"}],"predecessor-version":[{"id":310,"href":"https:\/\/graduacao.uel.br\/medicina\/wp-json\/wp\/v2\/pages\/116\/revisions\/310"}],"wp:attachment":[{"href":"https:\/\/graduacao.uel.br\/medicina\/wp-json\/wp\/v2\/media?parent=116"}],"curies":[{"name":"wp","href":"https:\/\/api.w.org\/{rel}","templated":true}]}}