{"id":119,"date":"2024-07-15T11:33:20","date_gmt":"2024-07-15T14:33:20","guid":{"rendered":"https:\/\/graduacao.uel.br\/medicina\/?page_id=119"},"modified":"2024-10-01T17:13:56","modified_gmt":"2024-10-01T20:13:56","slug":"atletica","status":"publish","type":"page","link":"https:\/\/graduacao.uel.br\/medicina\/atletica\/","title":{"rendered":"Atl\u00e9tica"},"content":{"rendered":"\n<p>Desde 2007, a <strong>Associa\u00e7\u00e3o Atl\u00e9tica Acad\u00eamica de Medicina da UEL<\/strong> se apoia sob os pilares da sa\u00fade, integra\u00e7\u00e3o e solidariedade dentro da gradua\u00e7\u00e3o. A institui\u00e7\u00e3o tem como objetivo o desenvolvimento do esporte e da sa\u00fade dos estudantes e para isso, organiza treinos de 13 modalidades esportivas semanalmente e participa de competi\u00e7\u00f5es universit\u00e1rias locais, como o <strong>JIA-Londrina<\/strong> e <strong>regionais<\/strong>, o <strong>INTERMED-PR<\/strong>.<\/p>\n\n\n\n<p>A <strong>Medicina Londrina<\/strong> tamb\u00e9m promove campanhas sociais por meio de arrecada\u00e7\u00f5es e doa\u00e7\u00f5es para institui\u00e7\u00f5es municipais, desenvolve eventos cient\u00edficos como a <strong>Jornada de Medicina Esportiva<\/strong> e eventos de extens\u00e3o como o <strong>Workshop de Medicina<\/strong>, proporcionando aos graduandos experi\u00eancias di\u00e1rias que permitem crescimento em gest\u00e3o e aprendizados por meio do trabalho em equipe.<\/p>\n\n\n\n<p>A participa\u00e7\u00e3o dos estudantes dentro da Atl\u00e9tica deixa marcas que se perpetuam para al\u00e9m dos anos de gradua\u00e7\u00e3o, o que cria uma rela\u00e7\u00e3o entre gera\u00e7\u00f5es guiada pela paix\u00e3o pela institui\u00e7\u00e3o e tudo que&nbsp;ela&nbsp;representa.<\/p>\n\n\n\n<p>Conhe\u00e7a a <a href=\"https:\/\/www.instagram.com\/medicinalondrina\/\"><strong>Associa\u00e7\u00e3o Atl\u00e9tica Acad\u00eamica Francisco Gregori<\/strong>.<\/a><\/p>\n\n\n\n<div class=\"wp-block-columns is-layout-flex wp-container-core-columns-is-layout-9d6595d7 wp-block-columns-is-layout-flex\">\n<div class=\"wp-block-column is-layout-flow wp-block-column-is-layout-flow\">\n<figure class=\"wp-block-image size-large\"><img loading=\"lazy\" decoding=\"async\" width=\"1024\" height=\"683\" src=\"https:\/\/graduacao.uel.br\/medicina\/wp-content\/uploads\/2024\/10\/Atletica1-1024x683.jpg\" alt=\"\" class=\"wp-image-312\" srcset=\"https:\/\/graduacao.uel.br\/medicina\/wp-content\/uploads\/2024\/10\/Atletica1-1024x683.jpg 1024w, https:\/\/graduacao.uel.br\/medicina\/wp-content\/uploads\/2024\/10\/Atletica1-300x200.jpg 300w, https:\/\/graduacao.uel.br\/medicina\/wp-content\/uploads\/2024\/10\/Atletica1-768x512.jpg 768w, https:\/\/graduacao.uel.br\/medicina\/wp-content\/uploads\/2024\/10\/Atletica1.jpg 1299w\" sizes=\"auto, (max-width: 1024px) 100vw, 1024px\" \/><\/figure>\n<\/div>\n\n\n\n<div class=\"wp-block-column is-layout-flow wp-block-column-is-layout-flow\">\n<figure class=\"wp-block-image size-full\"><img loading=\"lazy\" decoding=\"async\" width=\"567\" height=\"425\" src=\"https:\/\/graduacao.uel.br\/medicina\/wp-content\/uploads\/2024\/10\/Atletica5.jpg\" alt=\"\" class=\"wp-image-317\" srcset=\"https:\/\/graduacao.uel.br\/medicina\/wp-content\/uploads\/2024\/10\/Atletica5.jpg 567w, https:\/\/graduacao.uel.br\/medicina\/wp-content\/uploads\/2024\/10\/Atletica5-300x225.jpg 300w\" sizes=\"auto, (max-width: 567px) 100vw, 567px\" \/><\/figure>\n<\/div>\n<\/div>\n\n\n\n<figure class=\"wp-block-gallery has-nested-images columns-default is-cropped wp-block-gallery-1 is-layout-flex wp-block-gallery-is-layout-flex\">\n<figure class=\"wp-block-image size-large is-resized\"><img loading=\"lazy\" decoding=\"async\" width=\"567\" height=\"425\" data-id=\"316\" src=\"https:\/\/graduacao.uel.br\/medicina\/wp-content\/uploads\/2024\/10\/Atletica4.jpg\" alt=\"\" class=\"wp-image-316\" style=\"width:593px;height:auto\" srcset=\"https:\/\/graduacao.uel.br\/medicina\/wp-content\/uploads\/2024\/10\/Atletica4.jpg 567w, https:\/\/graduacao.uel.br\/medicina\/wp-content\/uploads\/2024\/10\/Atletica4-300x225.jpg 300w\" sizes=\"auto, (max-width: 567px) 100vw, 567px\" \/><\/figure>\n\n\n\n<figure class=\"wp-block-image size-large is-resized\"><img loading=\"lazy\" decoding=\"async\" width=\"567\" height=\"425\" data-id=\"315\" src=\"https:\/\/graduacao.uel.br\/medicina\/wp-content\/uploads\/2024\/10\/Atletica3-1.jpg\" alt=\"\" class=\"wp-image-315\" style=\"width:589px;height:auto\" srcset=\"https:\/\/graduacao.uel.br\/medicina\/wp-content\/uploads\/2024\/10\/Atletica3-1.jpg 567w, https:\/\/graduacao.uel.br\/medicina\/wp-content\/uploads\/2024\/10\/Atletica3-1-300x225.jpg 300w\" sizes=\"auto, (max-width: 567px) 100vw, 567px\" \/><\/figure>\n<\/figure>\n\n\n\n<p><\/p>\n","protected":false},"excerpt":{"rendered":"<p>Desde 2007, a Associa\u00e7\u00e3o Atl\u00e9tica Acad\u00eamica de Medicina da UEL se apoia sob os pilares da sa\u00fade, integra\u00e7\u00e3o e solidariedade dentro da gradua\u00e7\u00e3o. A institui\u00e7\u00e3o tem como objetivo o desenvolvimento do esporte e da sa\u00fade dos estudantes e para isso, organiza treinos de 13 modalidades esportivas semanalmente e participa de competi\u00e7\u00f5es universit\u00e1rias locais, como o [&hellip;]<\/p>\n","protected":false},"author":6,"featured_media":0,"parent":0,"menu_order":0,"comment_status":"closed","ping_status":"closed","template":"","meta":{"_acf_changed":false,"footnotes":""},"class_list":["post-119","page","type-page","status-publish","hentry"],"acf":[],"_links":{"self":[{"href":"https:\/\/graduacao.uel.br\/medicina\/wp-json\/wp\/v2\/pages\/119","targetHints":{"allow":["GET"]}}],"collection":[{"href":"https:\/\/graduacao.uel.br\/medicina\/wp-json\/wp\/v2\/pages"}],"about":[{"href":"https:\/\/graduacao.uel.br\/medicina\/wp-json\/wp\/v2\/types\/page"}],"author":[{"embeddable":true,"href":"https:\/\/graduacao.uel.br\/medicina\/wp-json\/wp\/v2\/users\/6"}],"replies":[{"embeddable":true,"href":"https:\/\/graduacao.uel.br\/medicina\/wp-json\/wp\/v2\/comments?post=119"}],"version-history":[{"count":8,"href":"https:\/\/graduacao.uel.br\/medicina\/wp-json\/wp\/v2\/pages\/119\/revisions"}],"predecessor-version":[{"id":318,"href":"https:\/\/graduacao.uel.br\/medicina\/wp-json\/wp\/v2\/pages\/119\/revisions\/318"}],"wp:attachment":[{"href":"https:\/\/graduacao.uel.br\/medicina\/wp-json\/wp\/v2\/media?parent=119"}],"curies":[{"name":"wp","href":"https:\/\/api.w.org\/{rel}","templated":true}]}}