{"id":135,"date":"2024-07-15T13:18:15","date_gmt":"2024-07-15T16:18:15","guid":{"rendered":"https:\/\/graduacao.uel.br\/medicina\/?page_id=135"},"modified":"2024-07-16T10:19:26","modified_gmt":"2024-07-16T13:19:26","slug":"monitoria","status":"publish","type":"page","link":"https:\/\/graduacao.uel.br\/medicina\/monitoria\/","title":{"rendered":"Monitoria"},"content":{"rendered":"\n<p>\u00c9 uma atividade extracurricular, na qual o aluno auxilia o corpo docente em alguma disciplina. Cabe ao monitor desenvolver atividades de ensino com outros alunos do seu curso, dominando o t\u00f3pico em quest\u00e3o e repassando o conhecimento de forma clara e instrutiva. A monitoria \u00e9 comum nas disciplinas anatomia e habilidades cl\u00ednicas dentro do curso de medicina, e possui um processo seletivo para os interessados.<\/p>\n\n\n\n<ul class=\"wp-block-list\">\n<li><strong>N\u00facleo de vigil\u00e2ncia epidemiol\u00f3gica<\/strong>: admiss\u00e3o de alunos via prova te\u00f3rica baseada no evento realizado pelo pr\u00f3prio n\u00facleo. Os membros ir\u00e3o ajudar na coleta de dados epidemiol\u00f3gicos do hospital universit\u00e1rio.<\/li>\n\n\n\n<li><strong>Anatomia<\/strong>: os alunos realizam uma prova pr\u00e1tica e os selecionados como monitores ir\u00e3o auxiliar outros estudantes na mat\u00e9ria.<\/li>\n\n\n\n<li><strong>Habilidades cl\u00ednicas<\/strong>: os alunos realizam uma prova pr\u00e1tica e os selecionados como monitores ir\u00e3o auxiliar outros estudantes na mat\u00e9ria.<\/li>\n<\/ul>\n","protected":false},"excerpt":{"rendered":"<p>\u00c9 uma atividade extracurricular, na qual o aluno auxilia o corpo docente em alguma disciplina. Cabe ao monitor desenvolver atividades de ensino com outros alunos do seu curso, dominando o t\u00f3pico em quest\u00e3o e repassando o conhecimento de forma clara e instrutiva. A monitoria \u00e9 comum nas disciplinas anatomia e habilidades cl\u00ednicas dentro do curso [&hellip;]<\/p>\n","protected":false},"author":6,"featured_media":0,"parent":0,"menu_order":0,"comment_status":"closed","ping_status":"closed","template":"","meta":{"_acf_changed":false,"footnotes":""},"class_list":["post-135","page","type-page","status-publish","hentry"],"acf":[],"_links":{"self":[{"href":"https:\/\/graduacao.uel.br\/medicina\/wp-json\/wp\/v2\/pages\/135","targetHints":{"allow":["GET"]}}],"collection":[{"href":"https:\/\/graduacao.uel.br\/medicina\/wp-json\/wp\/v2\/pages"}],"about":[{"href":"https:\/\/graduacao.uel.br\/medicina\/wp-json\/wp\/v2\/types\/page"}],"author":[{"embeddable":true,"href":"https:\/\/graduacao.uel.br\/medicina\/wp-json\/wp\/v2\/users\/6"}],"replies":[{"embeddable":true,"href":"https:\/\/graduacao.uel.br\/medicina\/wp-json\/wp\/v2\/comments?post=135"}],"version-history":[{"count":2,"href":"https:\/\/graduacao.uel.br\/medicina\/wp-json\/wp\/v2\/pages\/135\/revisions"}],"predecessor-version":[{"id":295,"href":"https:\/\/graduacao.uel.br\/medicina\/wp-json\/wp\/v2\/pages\/135\/revisions\/295"}],"wp:attachment":[{"href":"https:\/\/graduacao.uel.br\/medicina\/wp-json\/wp\/v2\/media?parent=135"}],"curies":[{"name":"wp","href":"https:\/\/api.w.org\/{rel}","templated":true}]}}