{"id":147,"date":"2024-07-15T13:25:41","date_gmt":"2024-07-15T16:25:41","guid":{"rendered":"https:\/\/graduacao.uel.br\/medicina\/?page_id=147"},"modified":"2024-10-07T09:40:10","modified_gmt":"2024-10-07T12:40:10","slug":"ligas-academicas","status":"publish","type":"page","link":"https:\/\/graduacao.uel.br\/medicina\/ligas-academicas\/","title":{"rendered":"Ligas e Grupos Acad\u00eamicos"},"content":{"rendered":"\n<p><strong>LAT<\/strong><\/p>\n\n\n\n<p>A Liga Acad\u00eamica de Cirurgia do Trauma (LAT) da Universidade Estadual de Londrina foi fundada no fim da d\u00e9cada de 90. Sua finalidade \u00e9 proporcionar aos estudantes de medicina da UEL um contato com essa \u00e1rea cir\u00fargica n\u00e3o s\u00f3 por interm\u00e9dio das aulas, como tamb\u00e9m por meio de plant\u00f5es que os alunos ligantes podem realizar no Pronto Socorro Cir\u00fargico (PSC) do Hospital Universit\u00e1rio Regional do Norte do Paran\u00e1 (HURNP), junto com a equipe cir\u00fargica do dia que conta com o orientador da liga, os internos e os residentes. Al\u00e9m disso, no decorrer do ano, a liga oferece oficinas pr\u00e1ticas que favorecem o aprendizado da t\u00e9cnica, como intuba\u00e7\u00e3o, sutura, paramenta\u00e7\u00e3o cir\u00fargica, entre outras. Nossa liga tamb\u00e9m abrange temas e pr\u00e1ticas relacionadas ao atendimento pr\u00e9-hospitalar (APH). Ademais, fazer parte da liga tamb\u00e9m \u00e9 uma forma de antecipar e ampliar o universo da cirurgia dentro da gradua\u00e7\u00e3o.<\/p>\n\n\n\n<p>A LAT \u00e9 filiada a ABLAM (Associa\u00e7\u00e3o Brasileira de Ligas Acad\u00eamicas de Medicina) e a CoBrLT (Comit\u00ea Brasileiro de Ligas do Trauma) que confere oportunidades e promo\u00e7\u00e3o de interc\u00e2mbio de experi\u00eancias e informa\u00e7\u00f5es na \u00e1rea de urg\u00eancia, emerg\u00eancia e trauma. Essa parceria tamb\u00e9m proporciona acesso a algumas ferramentas para o ensino, extens\u00e3o, preven\u00e7\u00e3o e pesquisa da cirurgia do trauma, contribuindo para a boa forma\u00e7\u00e3o acad\u00eamica dos alunos do curso de medicina e consequentemente para o crescimento, amadurecimento, amplia\u00e7\u00e3o e atualiza\u00e7\u00e3o do conhecimento nas \u00e1reas de urg\u00eancia, emerg\u00eancia e trauma no Brasil.<\/p>\n\n\n\n<p>Atualmente, a LAT disp\u00f5e de um projeto de extens\u00e3o e outro de ensino oficialmente cadastrados nos respectivos departamentos da UEL.<\/p>\n\n\n\n<p>Outro ponto a ser destacado \u00e9 a pesquisa, nossa liga tem crescido a cada ano nessa frente, com oportunidades e coleta de dados para produ\u00e7\u00e3o de artigos que, recentemente, rendeu excelentes frutos como p\u00f4steres, apresenta\u00e7\u00f5es orais e participa\u00e7\u00e3o em mesa redonda em congressos de cirurgia no Brasil. Essa possibilidade foi e \u00e9 ofertada a todos os membros da liga.<\/p>\n\n\n\n<p>Em suma, a LAT \u00e9 uma das ligas que mais cresce e evolui na faculdade, sendo uma experi\u00eancia enriquecedora para quem quiser conhecer um pouco mais&nbsp;sobre&nbsp;cirurgia.<\/p>\n\n\n\n<p><a href=\"https:\/\/www.instagram.com\/lat_uel\/\">Liga Acad\u00eamica do Trauma &#8211; LAT (@lat_uel) \u2022 Fotos e v\u00eddeos do Instagram<\/a><\/p>\n\n\n\n<figure class=\"wp-block-image size-full\"><img loading=\"lazy\" decoding=\"async\" width=\"567\" height=\"567\" src=\"https:\/\/graduacao.uel.br\/medicina\/wp-content\/uploads\/2024\/10\/LAT1.jpg\" alt=\"\" class=\"wp-image-325\" srcset=\"https:\/\/graduacao.uel.br\/medicina\/wp-content\/uploads\/2024\/10\/LAT1.jpg 567w, https:\/\/graduacao.uel.br\/medicina\/wp-content\/uploads\/2024\/10\/LAT1-300x300.jpg 300w, https:\/\/graduacao.uel.br\/medicina\/wp-content\/uploads\/2024\/10\/LAT1-150x150.jpg 150w\" sizes=\"auto, (max-width: 567px) 100vw, 567px\" \/><\/figure>\n\n\n\n<figure class=\"wp-block-image size-full\"><img loading=\"lazy\" decoding=\"async\" width=\"567\" height=\"756\" src=\"https:\/\/graduacao.uel.br\/medicina\/wp-content\/uploads\/2024\/10\/LAT2.jpg\" alt=\"\" class=\"wp-image-326\" srcset=\"https:\/\/graduacao.uel.br\/medicina\/wp-content\/uploads\/2024\/10\/LAT2.jpg 567w, https:\/\/graduacao.uel.br\/medicina\/wp-content\/uploads\/2024\/10\/LAT2-225x300.jpg 225w\" sizes=\"auto, (max-width: 567px) 100vw, 567px\" \/><\/figure>\n\n\n\n<p><strong>LAOME<\/strong><\/p>\n\n\n\n<p>Fundada em janeiro de 2023, a Liga Acad\u00eamica de Ortopedia e Medicina Esportiva (LAOME) \u00e9 um projeto de extens\u00e3o da Universidade Estadual de Londrina e tem como foco o desenvolvimento das \u00e1reas que a nomeiam no meio acad\u00eamico e na comunidade.<\/p>\n\n\n\n<p>Tem como docente o Dr. Pedro Galv\u00e3o, ortopedista especialista em joelho, membro titular da sociedade brasileira de ortopedia e traumatologia e p\u00f3s-graduado em medicina do esporte.<\/p>\n\n\n\n<p>A liga conta com um diretoria de 10 estudantes da gradua\u00e7\u00e3o de medicina e fisioterapia da UEL, que trabalham para a realiza\u00e7\u00e3o do trip\u00e9 acad\u00eamico (ensino, pesquisa e extens\u00e3o), promovendo aulas te\u00f3ricas e pr\u00e1ticas, atendimentos ambulatoriais, projetos de pesquisa e atua\u00e7\u00e3o em meio a comunidade.<\/p>\n\n\n\n<p><a href=\"https:\/\/www.instagram.com\/laome.uel\/\">LAOME &#8211; UEL (@laome.uel) \u2022 Fotos e v\u00eddeos do Instagram<\/a><\/p>\n\n\n\n<figure class=\"wp-block-image size-full\"><img loading=\"lazy\" decoding=\"async\" width=\"968\" height=\"726\" src=\"https:\/\/graduacao.uel.br\/medicina\/wp-content\/uploads\/2024\/10\/LAOME1.jpg\" alt=\"\" class=\"wp-image-327\" srcset=\"https:\/\/graduacao.uel.br\/medicina\/wp-content\/uploads\/2024\/10\/LAOME1.jpg 968w, https:\/\/graduacao.uel.br\/medicina\/wp-content\/uploads\/2024\/10\/LAOME1-300x225.jpg 300w, https:\/\/graduacao.uel.br\/medicina\/wp-content\/uploads\/2024\/10\/LAOME1-768x576.jpg 768w\" sizes=\"auto, (max-width: 968px) 100vw, 968px\" \/><\/figure>\n\n\n\n<figure class=\"wp-block-image size-full\"><img loading=\"lazy\" decoding=\"async\" width=\"1019\" height=\"765\" src=\"https:\/\/graduacao.uel.br\/medicina\/wp-content\/uploads\/2024\/10\/LAOME2.jpg\" alt=\"\" class=\"wp-image-328\" srcset=\"https:\/\/graduacao.uel.br\/medicina\/wp-content\/uploads\/2024\/10\/LAOME2.jpg 1019w, https:\/\/graduacao.uel.br\/medicina\/wp-content\/uploads\/2024\/10\/LAOME2-300x225.jpg 300w, https:\/\/graduacao.uel.br\/medicina\/wp-content\/uploads\/2024\/10\/LAOME2-768x577.jpg 768w\" sizes=\"auto, (max-width: 1019px) 100vw, 1019px\" \/><\/figure>\n\n\n\n<p><strong>LACARD<\/strong><\/p>\n\n\n\n<p>A Liga Acad\u00eamica de Cardiologia (LACard) da Universidade Estadual de Londrina (UEL) foi fundada em novembro de 2.000 como uma organiza\u00e7\u00e3o estudantil sem fins lucrativos. Seu principal objetivo \u00e9 trazer aos estudantes da 1\u00ba \u00e0 4\u00ba s\u00e9rie do curso de Medicina aprimoramento e aprofundamento na \u00e1rea da Cardiologia, especialidade cl\u00ednica voltada para tratamento de doen\u00e7as cardiovasculares. A fim de cumprir o objetivo supracitado, a LACard conta com atividades te\u00f3ricas e pr\u00e1ticas, a saber:<\/p>\n\n\n\n<p>&#8211; Aulas organizadas quinzenalmente com temas relevantes na Cardiologia;<\/p>\n\n\n\n<p>&#8211; Aula pr\u00e1tica organizada nos laborat\u00f3rios de Anatomia e Histologia no c\u00e2mpus da UEL;<\/p>\n\n\n\n<p>&#8211; Oferta de cursos com possibilidade de parceria na plataforma Paciente 360;<\/p>\n\n\n\n<p>&#8211; Acompanhamento de consultas nos ambulat\u00f3rios de Cardiologia Adulta e Cardiopediatria;<\/p>\n\n\n\n<p>&#8211; Participa\u00e7\u00e3o em Congressos;<\/p>\n\n\n\n<p>&#8211; Grupo de pesquisa \u201cTransitional Care\u201d.<\/p>\n\n\n\n<p>A LACard tamb\u00e9m sempre est\u00e1 presente na atividade de Suporte B\u00e1sico de Vida (BLS) oferecida aos alunos da 1\u00aa s\u00e9rie do curso, auxiliando os professores respons\u00e1veis pela instru\u00e7\u00e3o.<\/p>\n\n\n\n<p><a href=\"https:\/\/www.instagram.com\/lacarduel\/\">Liga Acad\u00eamica de Cardiologia (@lacarduel) \u2022 Fotos e v\u00eddeos do Instagram<\/a><\/p>\n\n\n\n<figure class=\"wp-block-image size-full\"><img loading=\"lazy\" decoding=\"async\" width=\"827\" height=\"618\" src=\"https:\/\/graduacao.uel.br\/medicina\/wp-content\/uploads\/2024\/10\/LACARD1.jpg\" alt=\"\" class=\"wp-image-329\" srcset=\"https:\/\/graduacao.uel.br\/medicina\/wp-content\/uploads\/2024\/10\/LACARD1.jpg 827w, https:\/\/graduacao.uel.br\/medicina\/wp-content\/uploads\/2024\/10\/LACARD1-300x224.jpg 300w, https:\/\/graduacao.uel.br\/medicina\/wp-content\/uploads\/2024\/10\/LACARD1-768x574.jpg 768w\" sizes=\"auto, (max-width: 827px) 100vw, 827px\" \/><\/figure>\n\n\n\n<figure class=\"wp-block-image size-full\"><img loading=\"lazy\" decoding=\"async\" width=\"873\" height=\"653\" src=\"https:\/\/graduacao.uel.br\/medicina\/wp-content\/uploads\/2024\/10\/LACARD2.jpg\" alt=\"\" class=\"wp-image-330\" srcset=\"https:\/\/graduacao.uel.br\/medicina\/wp-content\/uploads\/2024\/10\/LACARD2.jpg 873w, https:\/\/graduacao.uel.br\/medicina\/wp-content\/uploads\/2024\/10\/LACARD2-300x224.jpg 300w, https:\/\/graduacao.uel.br\/medicina\/wp-content\/uploads\/2024\/10\/LACARD2-768x574.jpg 768w\" sizes=\"auto, (max-width: 873px) 100vw, 873px\" \/><\/figure>\n\n\n\n<p><strong>PULMONARE<\/strong><\/p>\n\n\n\n<p>&nbsp;&nbsp;&nbsp;&nbsp;&nbsp;&nbsp;&nbsp;&nbsp;&nbsp; O Grupo Pulmonare, certificado como Projeto de Extens\u00e3o e Projeto de Ensino, \u00e9 formado por alunos do curso de Medicina do primeiro ao quarto ano da gradua\u00e7\u00e3o que t\u00eam interesse na Pneumologia e em outros temas pertinentes, como semiologia geral, respirat\u00f3ria, cardiovascular e afins. Seu foco \u00e9 na promo\u00e7\u00e3o de extens\u00e3o, ensino e pesquisa. Al\u00e9m de realizar eventos como jornadas, palestras e discuss\u00f5es de caso, o grupo participa ativamente no ambulat\u00f3rio de pneumologia, que \u00e9 pr\u00f3prio do Grupo Pulmonare. Desde o primeiro ano do curso, os membros s\u00e3o capacitados para o atendimento ambulatorial, enquanto os membros do terceiro e quarto ano regem o ambulat\u00f3rio com o aux\u00edlio de especialistas e residentes do setor.<\/p>\n\n\n\n<p><a href=\"https:\/\/www.instagram.com\/pulmonarelondrina\/\">Grupo Pulmonare (@pulmonarelondrina) \u2022 Fotos e v\u00eddeos do Instagram<\/a><\/p>\n\n\n\n<figure class=\"wp-block-image size-full\"><img loading=\"lazy\" decoding=\"async\" width=\"475\" height=\"634\" src=\"https:\/\/graduacao.uel.br\/medicina\/wp-content\/uploads\/2024\/10\/PULMONARE1.png\" alt=\"\" class=\"wp-image-331\" srcset=\"https:\/\/graduacao.uel.br\/medicina\/wp-content\/uploads\/2024\/10\/PULMONARE1.png 475w, https:\/\/graduacao.uel.br\/medicina\/wp-content\/uploads\/2024\/10\/PULMONARE1-225x300.png 225w\" sizes=\"auto, (max-width: 475px) 100vw, 475px\" \/><\/figure>\n\n\n\n<figure class=\"wp-block-image size-full\"><img loading=\"lazy\" decoding=\"async\" width=\"510\" height=\"681\" src=\"https:\/\/graduacao.uel.br\/medicina\/wp-content\/uploads\/2024\/10\/PULMONARE2.png\" alt=\"\" class=\"wp-image-332\" srcset=\"https:\/\/graduacao.uel.br\/medicina\/wp-content\/uploads\/2024\/10\/PULMONARE2.png 510w, https:\/\/graduacao.uel.br\/medicina\/wp-content\/uploads\/2024\/10\/PULMONARE2-225x300.png 225w\" sizes=\"auto, (max-width: 510px) 100vw, 510px\" \/><\/figure>\n\n\n\n<p><strong>LAPed <\/strong>(Liga Acad\u00eamica de Pediatria):<\/p>\n\n\n\n<p>A LAPed realiza jornadas acad\u00eamicas, reuni\u00f5es tem\u00e1ticas com membros, palestras abertas ao p\u00fablico acad\u00eamico ou geral, e projetos de ensino e pesquisa. O seu corpo \u00e9 constitu\u00eddos tanto por estudantes de medicina, quanto por estudantes de enfermagem. Para ser membro, deve-se realizar uma prova de admiss\u00e3o.<\/p>\n\n\n\n<p><a href=\"https:\/\/www.instagram.com\/lapeduel\/\">Liga Acad\u00eamica de Pediatria (@lapeduel) \u2022 Fotos e v\u00eddeos do Instagram<\/a><\/p>\n\n\n\n<p><strong>LASPN<\/strong> (Liga Acad\u00eamica de Sa\u00fade de Popula\u00e7\u00f5es Negligenciadas):<\/p>\n\n\n\n<p>A LASPN realiza jornadas acad\u00eamicas e reuni\u00f5es tem\u00e1ticas com seus membros, as quais s\u00e3o abertas para n\u00e3o-membros tamb\u00e9m e que muitas vezes recebem um visitante que est\u00e1 inserido na popula\u00e7\u00e3o em discuss\u00e3o. Al\u00e9m disso, conta com um projeto de pesquisa em desenvolvimento e est\u00e1gio no ambulat\u00f3rio trans.<\/p>\n\n\n\n<p><a href=\"https:\/\/www.instagram.com\/laspn.uel\/\">LASPN UEL (@laspn.uel) \u2022 Fotos e v\u00eddeos do Instagram<\/a><\/p>\n\n\n\n<p><strong>LACM<\/strong> (Liga Acad\u00eamica de Cl\u00ednica M\u00e9dica):<\/p>\n\n\n\n<p>A LACM conta com jornadas acad\u00eamicas, reuni\u00f5es tem\u00e1ticas entre os membros e est\u00e1gios no pronto socorro. Para fazer parte, o aluno deve realizar uma prova.<\/p>\n\n\n\n<p><a href=\"https:\/\/www.instagram.com\/lacmuel\/\">Liga de Cl\u00ednica M\u00e9dica (@lacmuel) \u2022 Fotos e v\u00eddeos do Instagram<\/a><\/p>\n\n\n\n<p><strong>LACC<\/strong> (Liga Acad\u00eamica de Cl\u00ednica Cir\u00fargica):<\/p>\n\n\n\n<p>A LACC realiza jornadas acad\u00eamicas, reuni\u00f5es tem\u00e1ticas entre os membros e est\u00e1gio no pronto socorro cir\u00fargico. A admiss\u00e3o de novos membros \u00e9 feita por meio da aplica\u00e7\u00e3o de uma prova.<\/p>\n\n\n\n<p><a href=\"https:\/\/www.instagram.com\/laccuel\/\">Liga de Cirurgia &#8211; UEL (@laccuel) \u2022 Fotos e v\u00eddeos do Instagram<\/a><\/p>\n\n\n\n<p><strong>LAD<\/strong> (Liga Acad\u00eamica de Dermatologia da Universidade Estadual de Londrina)<\/p>\n\n\n\n<p>Nossa liga se pauta nos tr\u00eas pilares da universidade: ensino, pesquisa e extens\u00e3o. Trazendo informa\u00e7\u00f5es sobre os mais diversos temas em dermatologia<\/p>\n\n\n\n<p><a href=\"https:\/\/www.instagram.com\/lad.uel\/\">Liga Acad\u00eamica de Dermatologia &#8211; LAD (@lad.uel) \u2022 Fotos e v\u00eddeos do Instagram<\/a><\/p>\n\n\n\n<p><strong>LApsiq (<\/strong>Liga Acad\u00eamica de Psiquiatria de Londrina (LAPSIQ))<\/p>\n\n\n\n<p>Fundada em 2012, essa liga \u00e9 um \u00f3rg\u00e3o filiado \u00e0 Disciplina de Psiquiatria do Departamento de Cl\u00ednica M\u00e9dica do Centro de Ci\u00eancias da Sa\u00fade da Universidade Estadual de Londrina (UEL), que estimula o ensino, extens\u00e3o e pesquisa com aprofundamento em temas relacionados a psiquiatria, bem como incentiva o interesse dos estudantes da \u00e1rea da sa\u00fade e da sociedade civil por essa tem\u00e1tica.<\/p>\n\n\n\n<p><a href=\"https:\/\/www.instagram.com\/lapsiquel\/\">LAPSIQ &#8211; UEL (@lapsiquel) \u2022 Fotos e v\u00eddeos do Instagram<\/a><\/p>\n\n\n\n<p><strong>LARI<\/strong> (Liga de Reumatologia e Imunologia da Universidade Estadual de Londrina (UEL)).<\/p>\n\n\n\n<p>Fundada no in\u00edcio de 2024, nossa liga surge com o objetivo e a oportunidade para os estudantes do curso de Medicina da UEL aprofundarem seus conhecimentos em uma das \u00e1reas mais desafiadoras e intrigantes da medicina.<br>Ao longo do ano, estaremos difundindo conhecimentos relacionados ao sistema m\u00fasculo-esquel\u00e9tico e o sistema imunol\u00f3gico. Nos comprometemos a criar um ambiente prop\u00edcio para o desenvolvimento acad\u00eamico e cient\u00edfico dos participantes, promovendo trocas de conhecimento, debates construtivos e atividades que enrique\u00e7am a forma\u00e7\u00e3o dos membros da liga.<\/p>\n\n\n\n<p><a href=\"https:\/\/www.instagram.com\/lari.uel\/\">Liga Acad\u00eamica de Reumatologia e Imunologia (@lari.uel) \u2022 Fotos e v\u00eddeos do Instagram<\/a><\/p>\n\n\n\n<p><strong>LAPALI<\/strong> (A Liga Academica de Cuidados Paliativos (CP))<\/p>\n\n\n\n<p><a href=\"https:\/\/www.instagram.com\/lapali.uel\/\">LaPali-UEL (@lapali.uel) \u2022 Fotos e v\u00eddeos do Instagram<\/a><\/p>\n\n\n\n<p><strong>LANE<\/strong> (Liga de Neurologia e Neuroci\u00eancias da Universidade Estadual de Londrina)<\/p>\n\n\n\n<p><a href=\"https:\/\/www.instagram.com\/ligadeneurologiauel\/\">LANE (@ligadeneurologiauel) \u2022 Fotos e v\u00eddeos do Instagram<\/a><\/p>\n\n\n\n<p><strong>LAGO<\/strong> (Liga Acad\u00eamica de Ginecologia e Obstetr\u00edcia da Universidade Estadual de Londrina.)<br><br>A LAGO visa, principalmente, atuar dentro e fora das depend\u00eancias da universidade frente a aproxima\u00e7\u00e3o com a comunidade, possibilitando ao acad\u00eamico aumentar n\u00e3o s\u00f3 o seu conhecimento pr\u00e1tico mas, tamb\u00e9m, a empatia para com o paciente.<br>Dentro da extens\u00e3o e ensino, ser\u00e3o ofertadas palestras tem\u00e1ticas, projetos na \u00e1rea da sa\u00fade da mulher, al\u00e9m de est\u00e1gios junto a ginecologistas a fim de vivenciar na pr\u00e1tica a ginecologia e a obstetr\u00edcia.<\/p>\n\n\n\n<p><a href=\"https:\/\/www.instagram.com\/lago.uel\/\">LAGO &#8211; UEL (@lago.uel) \u2022 Fotos e v\u00eddeos do Instagram<\/a><\/p>\n\n\n\n<p><strong>LAGG<\/strong> (Liga Acad\u00eamica de Geriatria e Gerontologia (LAGG) da Universidade Estadual de Londrina)<br><br>Nossa liga \u00e9 fundamentada nos tr\u00eas pilares essenciais da universidade: pesquisa, ensino e extens\u00e3o.<br>O prop\u00f3sito da LAGG \u00e9 aprimorar a forma\u00e7\u00e3o acad\u00eamica no que diz respeito \u00e0 sa\u00fade do idoso e aos aspectos biol\u00f3gicos relacionados ao processo de envelhecimento.<\/p>\n\n\n\n<p><a href=\"https:\/\/www.instagram.com\/lagg_uel\/\">Liga Acad\u00eamica de Geriatria e Gerontologia (@lagg_uel) \u2022 Fotos e v\u00eddeos do Instagram<\/a><\/p>\n\n\n\n<p><strong>LACIP<\/strong> (Liga Acad\u00eamica de Cirurgia Pl\u00e1stica da Universidade Estadual de Londrina (LACIP | UEL)).<br><br>Nossa liga \u00e9 fundamentada em ensino, pesquisa e extens\u00e3o, os principais pilares da universidade e tem por objetivo a promo\u00e7\u00e3o do conhecimento e pr\u00e1ticas em uma \u00e1rea incrivelmente relevante e pouco explorada no curr\u00edculo comum.&nbsp;<\/p>\n\n\n\n<p><a href=\"https:\/\/www.instagram.com\/lacip.uel\/\">Liga Acad\u00eamica de Cirurgia Pl\u00e1stica &#8211; LACIP (@lacip.uel) \u2022 Fotos e v\u00eddeos do Instagram<\/a><\/p>\n\n\n\n<p><strong>Projeto Stars<\/strong><\/p>\n\n\n\n<p>O projeto de extens\u00e3o Stars UEL &#8211; Students and Trainees Advocating for Resource Stewardship tem como objetivo disseminar uma medicina basead em valor e na qualidade de interven\u00e7\u00f5es m\u00e9dicas. Coordenado pelo docente do Departamento de Cl\u00ednica M\u00e9dica, Leandro Arthur Diehl, a iniciativa conta com 21 alunos volunt\u00e1rios na produ\u00e7\u00e3o de materiais informativos, tanto para profissionais da sa\u00fade quanto para pacientes, de forma a fundamentar a preven\u00e7\u00e3o de desperd\u00edcios causados por pr\u00e1ticas desnecess\u00e1rias&nbsp;em&nbsp;sa\u00fade.<\/p>\n\n\n\n<figure class=\"wp-block-image size-full\"><img loading=\"lazy\" decoding=\"async\" width=\"567\" height=\"295\" src=\"https:\/\/graduacao.uel.br\/medicina\/wp-content\/uploads\/2024\/10\/STARS1.jpg\" alt=\"\" class=\"wp-image-333\" srcset=\"https:\/\/graduacao.uel.br\/medicina\/wp-content\/uploads\/2024\/10\/STARS1.jpg 567w, https:\/\/graduacao.uel.br\/medicina\/wp-content\/uploads\/2024\/10\/STARS1-300x156.jpg 300w\" sizes=\"auto, (max-width: 567px) 100vw, 567px\" \/><\/figure>\n\n\n\n<div class=\"wp-block-columns is-layout-flex wp-container-core-columns-is-layout-9d6595d7 wp-block-columns-is-layout-flex\">\n<div class=\"wp-block-column is-layout-flow wp-block-column-is-layout-flow\"><\/div>\n\n\n\n<div class=\"wp-block-column is-layout-flow wp-block-column-is-layout-flow\"><\/div>\n<\/div>\n\n\n\n<p><\/p>\n","protected":false},"excerpt":{"rendered":"<p>LAT A Liga Acad\u00eamica de Cirurgia do Trauma (LAT) da Universidade Estadual de Londrina foi fundada no fim da d\u00e9cada de 90. Sua finalidade \u00e9 proporcionar aos estudantes de medicina da UEL um contato com essa \u00e1rea cir\u00fargica n\u00e3o s\u00f3 por interm\u00e9dio das aulas, como tamb\u00e9m por meio de plant\u00f5es que os alunos ligantes podem [&hellip;]<\/p>\n","protected":false},"author":6,"featured_media":0,"parent":0,"menu_order":0,"comment_status":"closed","ping_status":"closed","template":"","meta":{"_acf_changed":false,"footnotes":""},"class_list":["post-147","page","type-page","status-publish","hentry"],"acf":[],"_links":{"self":[{"href":"https:\/\/graduacao.uel.br\/medicina\/wp-json\/wp\/v2\/pages\/147","targetHints":{"allow":["GET"]}}],"collection":[{"href":"https:\/\/graduacao.uel.br\/medicina\/wp-json\/wp\/v2\/pages"}],"about":[{"href":"https:\/\/graduacao.uel.br\/medicina\/wp-json\/wp\/v2\/types\/page"}],"author":[{"embeddable":true,"href":"https:\/\/graduacao.uel.br\/medicina\/wp-json\/wp\/v2\/users\/6"}],"replies":[{"embeddable":true,"href":"https:\/\/graduacao.uel.br\/medicina\/wp-json\/wp\/v2\/comments?post=147"}],"version-history":[{"count":12,"href":"https:\/\/graduacao.uel.br\/medicina\/wp-json\/wp\/v2\/pages\/147\/revisions"}],"predecessor-version":[{"id":335,"href":"https:\/\/graduacao.uel.br\/medicina\/wp-json\/wp\/v2\/pages\/147\/revisions\/335"}],"wp:attachment":[{"href":"https:\/\/graduacao.uel.br\/medicina\/wp-json\/wp\/v2\/media?parent=147"}],"curies":[{"name":"wp","href":"https:\/\/api.w.org\/{rel}","templated":true}]}}