{"id":36,"date":"2024-07-12T15:40:44","date_gmt":"2024-07-12T18:40:44","guid":{"rendered":"https:\/\/graduacao.uel.br\/medicina\/?page_id=36"},"modified":"2024-07-15T10:49:43","modified_gmt":"2024-07-15T13:49:43","slug":"projeto-pedagogico-ppc","status":"publish","type":"page","link":"https:\/\/graduacao.uel.br\/medicina\/projeto-pedagogico-ppc\/","title":{"rendered":"Projeto Pedag\u00f3gico (PPC)"},"content":{"rendered":"\n<p>O curso de Medicina da Universidade Estadual de Londrina (DEL) foi criado em 1965 por iniciativa de setores organizados da sociedade civil londrinense, antes mesmo da funda\u00e7\u00e3o desta Universidade, buscando docentes nos melhores centros m\u00e9dicos da \u00e9poca.<\/p>\n\n\n\n<p>No decorrer dos anos, este curso alcan\u00e7ou grande prest\u00edgio nacional pela forma\u00e7\u00e3o de profissionais de qualidade e pelo aux\u00edlio na constru\u00e7\u00e3o, em Londrina, de um centro de excel\u00eancia regional no atendimento m\u00e9dico. Pautado inicialmente na metodologia tradicional de ensino, com aulas expositivas e centradas no professor, o curso reinventou-se na d\u00e9cada de 1990, na vanguarda das tend\u00eancias da educa\u00e7\u00e3o m\u00e9dica mundial, quando foi um dos pioneiros no Brasil a adotar um curr\u00edculo integrado, com uso metodologia ativa (Aprendizagem Baseada em Problemas &#8211; ABP) centrada no estudante e com inser\u00e7\u00e3o precoce do aluno no sistema de sa\u00fade.<\/p>\n\n\n\n<p>Desde ent\u00e3o, o curso de Medicina da UEL consolidou-se no cen\u00e1rio nacional como uma refer\u00eancia em educa\u00e7\u00e3o m\u00e9dica usando metodologias inovadoras de ensino-aprendizagem. <\/p>\n\n\n\n<p>Contudo, nos \u00faltimos dez anos, observou-se um desgaste do curr\u00edculo e da metodologia, tendo em vista as mudan\u00e7as nas caracter\u00edsticas do trabalho do m\u00e9dico que exigem o fomento ao desenvolvimento de novas compet\u00eancias, a mudan\u00e7a de perfil dos ingressantes no curso, os novos marcos legais do ensino m\u00e9dico (que incluem as \u00faltimas Diretrizes Curriculares Nacionais para os cursos de Medicina, publicadas em 2014), as tend\u00eancias mundiais da educa\u00e7\u00e3o m\u00e9dica e a nova realidade do ensino superior p\u00fablico no Estado do Paran\u00e1, com rela\u00e7\u00e3o \u00e0 pol\u00edtica estadual de contrata\u00e7\u00e3o de recursos humanos.<\/p>\n\n\n\n<p>O Projeto Pedag\u00f3gico atual, que entrou em vig\u00eancia a partir de 2010, apresenta modifica\u00e7\u00f5es na metodologia de avalia\u00e7\u00e3o discente e formaliza o est\u00e1gio no internato na Aten\u00e7\u00e3o B\u00e1sica, atendendo \u00e0s demandas criadas pelos nossos processos avaliativos, encabe\u00e7ados pelo SIAMed &#8211; Sistema Integrado de Avalia\u00e7\u00e3o do Curso de Medicina, com ciclos trienais. O curso tem agora 9.139 horas, sendo 3.950 horas dentro do Internato M\u00e9dico. Chamamos a aten\u00e7\u00e3o para o fato de que at\u00e9 2009, em quarenta e dois anos do curso, verificou-se<br>em m\u00e9dia uma mudan\u00e7a curricular a cada seis anos. Este \u00e9 um fato positivo, n\u00e3o encontrado em muitas escolas que sofrem de enrijecimento curricular. Em Londrina, o curso de Medicina tem uma tradi\u00e7\u00e3o de procurar estar em permanente desenvolvimento, respondendo aos avan\u00e7os do conhecimento cient\u00edfico-tecnol\u00f3gico da \u00e1rea m\u00e9dica e do conhecimento cient\u00edfico-educacional. E importante registrar que essas mudan\u00e7as ocorreram sempre com a participa\u00e7\u00e3o de professores e estudantes, especialmente a partir de 1977, com a realiza\u00e7\u00e3o dos F\u00f3runs de Debates do Curso M\u00e9dico da UEL. <\/p>\n\n\n\n<div class=\"wp-block-columns is-layout-flex wp-container-core-columns-is-layout-9d6595d7 wp-block-columns-is-layout-flex\">\n<div class=\"wp-block-column is-layout-flow wp-block-column-is-layout-flow\"><\/div>\n<\/div>\n\n\n\n<div class=\"wp-block-buttons is-content-justification-center is-layout-flex wp-container-core-buttons-is-layout-16018d1d wp-block-buttons-is-layout-flex\">\n<div class=\"wp-block-button\"><a class=\"wp-block-button__link has-primary-accent-background-color has-background wp-element-button\" href=\"https:\/\/sites.uel.br\/prograd\/graduacao\/projetos-pedagogicos\/projetos-pedagogicos-medicina\/\">Resolu\u00e7\u00f5es e Delibera\u00e7\u00f5es<\/a><\/div>\n<\/div>\n\n\n\n<div class=\"wp-block-pb-accordion-item c-accordion__item js-accordion-item no-js\" data-initially-open=\"false\" data-click-to-close=\"true\" data-auto-close=\"true\" data-scroll=\"false\" data-scroll-offset=\"0\"><h6 id=\"at-360\" class=\"c-accordion__title js-accordion-controller\" role=\"button\"><strong>DEPARTAMENTO<\/strong><\/h6><div id=\"ac-360\" class=\"c-accordion__content\">\n<p>O Departamento, subunidade dos Centros de Estudos, constitui-se na menor estrutura de organiza\u00e7\u00e3o administrativa, did\u00e1tico cient\u00edfica e de lota\u00e7\u00e3o de pessoal.<br>No Departamento s\u00e3o reunidas atividades acad\u00eamicas afins e nele est\u00e3o integrados docentes e t\u00e9cnico administrativos para objetivos comuns. (Art. 122 do Regimento Geral da UEL).<\/p>\n<\/div><\/div>\n\n\n\n<div class=\"wp-block-pb-accordion-item c-accordion__item js-accordion-item no-js\" data-initially-open=\"false\" data-click-to-close=\"true\" data-auto-close=\"true\" data-scroll=\"false\" data-scroll-offset=\"0\"><h6 id=\"at-361\" class=\"c-accordion__title js-accordion-controller\" role=\"button\"><strong>COLEGIADO<\/strong><\/h6><div id=\"ac-361\" class=\"c-accordion__content\">\n<p>Os Colegiados de cursos de gradua\u00e7\u00e3o exercem a coordena\u00e7\u00e3o pedag\u00f3gica dos cursos e ser\u00e3o constitu\u00eddos por representantes docentes da \u00e1rea principal de conhecimento e da \u00e1rea b\u00e1sica e\/ou complementar de conhecimento, estudantes e servidores, na forma prevista nos \u00a72\u00ba e \u00a73\u00ba do Art. 27 do Estatuto da Universidade. (Art. alterado atrav\u00e9s da Resolu\u00e7\u00e3o CU 168\/2007).<\/p>\n<\/div><\/div>\n\n\n\n<div class=\"wp-block-pb-accordion-item c-accordion__item js-accordion-item no-js\" data-initially-open=\"false\" data-click-to-close=\"true\" data-auto-close=\"true\" data-scroll=\"false\" data-scroll-offset=\"0\"><h6 id=\"at-362\" class=\"c-accordion__title js-accordion-controller\" role=\"button\"><strong>N\u00daCLEO DOCENTE ESTRUTURANTE (NDE)<\/strong><\/h6><div id=\"ac-362\" class=\"c-accordion__content\">\n<p>O NDE institui-se como parte da estrutura de gest\u00e3o acad\u00eamica do curso com atribui\u00e7\u00f5es consultivas, propositivas e de assessoria, acerca de mat\u00e9rias de natureza acad\u00eamica e pedag\u00f3gica, sendo correspons\u00e1vel pela elabora\u00e7\u00e3o, implementa\u00e7\u00e3o e consolida\u00e7\u00e3o do Projeto Pedag\u00f3gico do Curso (PPC), al\u00e9m de zelar pelo cumprimento das Diretrizes Curriculares Nacionais (DCNs). Tem como objetivos:<\/p>\n\n\n\n<p>1 \u2013 Levantar dificuldades na atua\u00e7\u00e3o do corpo docente do Curso;<\/p>\n\n\n\n<p>2 \u2013 Auxiliar na elabora\u00e7\u00e3o e no acompanhamento do PPC;<\/p>\n\n\n\n<p>3 \u2013 Propor programas ou outras formas de capacita\u00e7\u00e3o docente;<\/p>\n\n\n\n<p>4 \u2013 Acompanhar as avalia\u00e7\u00f5es do Curso definidas pelo Colegiado;<\/p>\n\n\n\n<p>5 \u2013 Analisar e propor modifica\u00e7\u00f5es, quando necess\u00e1rias;<\/p>\n\n\n\n<p>6 \u2013 Indicar formas de incentivo ao desenvolvimento de atividades de pesquisa;<\/p>\n\n\n\n<p>7 \u2013 Contribuir para a concretiza\u00e7\u00e3o do perfil profissional;<\/p>\n\n\n\n<p>8 \u2013 Zelar pelo cumprimento das DCNs aplic\u00e1veis ao Curso de Medicina.<\/p>\n<\/div><\/div>\n\n\n\n<div class=\"wp-block-columns is-layout-flex wp-container-core-columns-is-layout-9d6595d7 wp-block-columns-is-layout-flex\">\n<div class=\"wp-block-column is-layout-flow wp-block-column-is-layout-flow\"><\/div>\n<\/div>\n","protected":false},"excerpt":{"rendered":"<p>O curso de Medicina da Universidade Estadual de Londrina (DEL) foi criado em 1965 por iniciativa de setores organizados da sociedade civil londrinense, antes mesmo da funda\u00e7\u00e3o desta Universidade, buscando docentes nos melhores centros m\u00e9dicos da \u00e9poca. No decorrer dos anos, este curso alcan\u00e7ou grande prest\u00edgio nacional pela forma\u00e7\u00e3o de profissionais de qualidade e pelo [&hellip;]<\/p>\n","protected":false},"author":6,"featured_media":0,"parent":0,"menu_order":0,"comment_status":"closed","ping_status":"closed","template":"","meta":{"_acf_changed":false,"footnotes":""},"class_list":["post-36","page","type-page","status-publish","hentry"],"acf":[],"_links":{"self":[{"href":"https:\/\/graduacao.uel.br\/medicina\/wp-json\/wp\/v2\/pages\/36","targetHints":{"allow":["GET"]}}],"collection":[{"href":"https:\/\/graduacao.uel.br\/medicina\/wp-json\/wp\/v2\/pages"}],"about":[{"href":"https:\/\/graduacao.uel.br\/medicina\/wp-json\/wp\/v2\/types\/page"}],"author":[{"embeddable":true,"href":"https:\/\/graduacao.uel.br\/medicina\/wp-json\/wp\/v2\/users\/6"}],"replies":[{"embeddable":true,"href":"https:\/\/graduacao.uel.br\/medicina\/wp-json\/wp\/v2\/comments?post=36"}],"version-history":[{"count":9,"href":"https:\/\/graduacao.uel.br\/medicina\/wp-json\/wp\/v2\/pages\/36\/revisions"}],"predecessor-version":[{"id":103,"href":"https:\/\/graduacao.uel.br\/medicina\/wp-json\/wp\/v2\/pages\/36\/revisions\/103"}],"wp:attachment":[{"href":"https:\/\/graduacao.uel.br\/medicina\/wp-json\/wp\/v2\/media?parent=36"}],"curies":[{"name":"wp","href":"https:\/\/api.w.org\/{rel}","templated":true}]}}