{"id":40,"date":"2024-07-12T15:41:11","date_gmt":"2024-07-12T18:41:11","guid":{"rendered":"https:\/\/graduacao.uel.br\/medicina\/?page_id=40"},"modified":"2025-10-10T08:58:06","modified_gmt":"2025-10-10T11:58:06","slug":"contatos","status":"publish","type":"page","link":"https:\/\/graduacao.uel.br\/medicina\/contatos\/","title":{"rendered":"Contatos"},"content":{"rendered":"\n<p><strong>Coordenador do Colegiado<\/strong><br>Zuleika Naomi Tano<br>zntanno@uel.br<\/p>\n\n\n\n<p><strong>Vice-Coordenador do Colegiado<\/strong><br>Andre Armani<br>andrearmani@uel.br<\/p>\n\n\n\n<p><strong>Coordenador de Est\u00e1gio<\/strong><br>Rog\u00e9rio Nabor Kondo<br>kondo.dermato@uel.br<\/p>\n\n\n\n<p><strong>Coordenadora de AEX<\/strong><br>F\u00e1tima Mitsie Chibana Soares<br>fatimachibana@uel.br<\/p>\n\n\n\n<p><strong>Coordenador do N\u00facleo Docente Estruturante (NDE)<\/strong><br>Leandro Arthur Diehl<br>diehl@uel.br<\/p>\n\n\n\n<div class=\"wp-block-columns is-layout-flex wp-container-core-columns-is-layout-9d6595d7 wp-block-columns-is-layout-flex\">\n<div class=\"wp-block-column is-layout-flow wp-block-column-is-layout-flow\"><\/div>\n<\/div>\n","protected":false},"excerpt":{"rendered":"<p>Coordenador do ColegiadoZuleika Naomi Tanozntanno@uel.br Vice-Coordenador do ColegiadoAndre Armaniandrearmani@uel.br Coordenador de Est\u00e1gioRog\u00e9rio Nabor Kondokondo.dermato@uel.br Coordenadora de AEXF\u00e1tima Mitsie Chibana Soaresfatimachibana@uel.br Coordenador do N\u00facleo Docente Estruturante (NDE)Leandro Arthur Diehldiehl@uel.br<\/p>\n","protected":false},"author":6,"featured_media":0,"parent":0,"menu_order":0,"comment_status":"closed","ping_status":"closed","template":"","meta":{"_acf_changed":false,"footnotes":""},"class_list":["post-40","page","type-page","status-publish","hentry"],"acf":[],"_links":{"self":[{"href":"https:\/\/graduacao.uel.br\/medicina\/wp-json\/wp\/v2\/pages\/40","targetHints":{"allow":["GET"]}}],"collection":[{"href":"https:\/\/graduacao.uel.br\/medicina\/wp-json\/wp\/v2\/pages"}],"about":[{"href":"https:\/\/graduacao.uel.br\/medicina\/wp-json\/wp\/v2\/types\/page"}],"author":[{"embeddable":true,"href":"https:\/\/graduacao.uel.br\/medicina\/wp-json\/wp\/v2\/users\/6"}],"replies":[{"embeddable":true,"href":"https:\/\/graduacao.uel.br\/medicina\/wp-json\/wp\/v2\/comments?post=40"}],"version-history":[{"count":9,"href":"https:\/\/graduacao.uel.br\/medicina\/wp-json\/wp\/v2\/pages\/40\/revisions"}],"predecessor-version":[{"id":382,"href":"https:\/\/graduacao.uel.br\/medicina\/wp-json\/wp\/v2\/pages\/40\/revisions\/382"}],"wp:attachment":[{"href":"https:\/\/graduacao.uel.br\/medicina\/wp-json\/wp\/v2\/media?parent=40"}],"curies":[{"name":"wp","href":"https:\/\/api.w.org\/{rel}","templated":true}]}}