{"id":95,"date":"2024-07-15T10:42:31","date_gmt":"2024-07-15T13:42:31","guid":{"rendered":"https:\/\/graduacao.uel.br\/medicina\/?page_id=95"},"modified":"2024-07-15T17:32:32","modified_gmt":"2024-07-15T20:32:32","slug":"internato","status":"publish","type":"page","link":"https:\/\/graduacao.uel.br\/medicina\/internato\/","title":{"rendered":"Internato"},"content":{"rendered":"\n<p>O Internato M\u00e9dico \u00e9 uma atividade did\u00e1tica de a car\u00e1ter especial e consiste em pr\u00e1ticas supervisionadas de aprendizagem em servi\u00e7o, sendo realizada como \u00faltima fase da gradua\u00e7\u00e3o num per\u00edodo de 104 semanas (cento e quatro semanas) ou seja, 5\u00aa e 6\u00aa s\u00e9ries, dentro do Hospital Universit\u00e1rio (HU) e em servi\u00e7os conveniados, em que o estudante recebe orienta\u00e7\u00e3o te\u00f3rica e supervis\u00e3o direta de docente durante as pr\u00e1ticas nas \u00e1reas b\u00e1sicas e fundamentais da Pediatria, Ginecologia e Obstetr\u00edcia, Cl\u00ednica M\u00e9dica, Cl\u00ednica Cir\u00fargica e Sa\u00fade Coletiva.<\/p>\n\n\n\n<p>O objetivo do Internato \u00e9 contribuir para a forma\u00e7\u00e3o de um m\u00e9dico generalista, humanista, cr\u00edtico e reflexivo, capaz de atuar no processo de sa\u00fade-doen\u00e7a, em seu diferentes n\u00edveis de aten\u00e7\u00e3o, assumindo o interno responsabilidade pelo atendimento e pelas condutas diagn\u00f3sticas e terap\u00eauticas dos pacientes, sempre orientado por docentes, m\u00e9dicos plantonistas e m\u00e9dicos residentes. <\/p>\n\n\n\n<div class=\"wp-block-columns is-layout-flex wp-container-core-columns-is-layout-9d6595d7 wp-block-columns-is-layout-flex\">\n<div class=\"wp-block-column is-layout-flow wp-block-column-is-layout-flow\"><\/div>\n<\/div>\n","protected":false},"excerpt":{"rendered":"<p>O Internato M\u00e9dico \u00e9 uma atividade did\u00e1tica de a car\u00e1ter especial e consiste em pr\u00e1ticas supervisionadas de aprendizagem em servi\u00e7o, sendo realizada como \u00faltima fase da gradua\u00e7\u00e3o num per\u00edodo de 104 semanas (cento e quatro semanas) ou seja, 5\u00aa e 6\u00aa s\u00e9ries, dentro do Hospital Universit\u00e1rio (HU) e em servi\u00e7os conveniados, em que o estudante [&hellip;]<\/p>\n","protected":false},"author":6,"featured_media":0,"parent":0,"menu_order":0,"comment_status":"closed","ping_status":"closed","template":"","meta":{"_acf_changed":false,"footnotes":""},"class_list":["post-95","page","type-page","status-publish","hentry"],"acf":[],"_links":{"self":[{"href":"https:\/\/graduacao.uel.br\/medicina\/wp-json\/wp\/v2\/pages\/95","targetHints":{"allow":["GET"]}}],"collection":[{"href":"https:\/\/graduacao.uel.br\/medicina\/wp-json\/wp\/v2\/pages"}],"about":[{"href":"https:\/\/graduacao.uel.br\/medicina\/wp-json\/wp\/v2\/types\/page"}],"author":[{"embeddable":true,"href":"https:\/\/graduacao.uel.br\/medicina\/wp-json\/wp\/v2\/users\/6"}],"replies":[{"embeddable":true,"href":"https:\/\/graduacao.uel.br\/medicina\/wp-json\/wp\/v2\/comments?post=95"}],"version-history":[{"count":8,"href":"https:\/\/graduacao.uel.br\/medicina\/wp-json\/wp\/v2\/pages\/95\/revisions"}],"predecessor-version":[{"id":281,"href":"https:\/\/graduacao.uel.br\/medicina\/wp-json\/wp\/v2\/pages\/95\/revisions\/281"}],"wp:attachment":[{"href":"https:\/\/graduacao.uel.br\/medicina\/wp-json\/wp\/v2\/media?parent=95"}],"curies":[{"name":"wp","href":"https:\/\/api.w.org\/{rel}","templated":true}]}}