{"id":111,"date":"2024-06-24T15:27:48","date_gmt":"2024-06-24T18:27:48","guid":{"rendered":"https:\/\/graduacao.uel.br\/musica\/?page_id=111"},"modified":"2024-06-24T15:35:06","modified_gmt":"2024-06-24T18:35:06","slug":"centro-academico-ca","status":"publish","type":"page","link":"https:\/\/graduacao.uel.br\/musica\/centro-academico-ca\/","title":{"rendered":"Centro Acad\u00eamico (CA)"},"content":{"rendered":"\n<p>Seja bem-vindo ao <strong>Centro Acad\u00eamico<\/strong> <strong>CAMUS<\/strong> UEL:<\/p>\n\n\n\n<p>Onde cada nota \u00e9 uma porta que se abre para a criatividade, id\u00e9ias de repert\u00f3rios, arranjos e a express\u00e3o art\u00edstica gerada por cada estudante.<\/p>\n","protected":false},"excerpt":{"rendered":"<p>Seja bem-vindo ao Centro Acad\u00eamico CAMUS UEL: Onde cada nota \u00e9 uma porta que se abre para a criatividade, id\u00e9ias de repert\u00f3rios, arranjos e a express\u00e3o art\u00edstica gerada por cada estudante.<\/p>\n","protected":false},"author":6,"featured_media":0,"parent":0,"menu_order":0,"comment_status":"closed","ping_status":"closed","template":"","meta":{"_acf_changed":false,"footnotes":""},"class_list":["post-111","page","type-page","status-publish","hentry"],"acf":[],"_links":{"self":[{"href":"https:\/\/graduacao.uel.br\/musica\/wp-json\/wp\/v2\/pages\/111","targetHints":{"allow":["GET"]}}],"collection":[{"href":"https:\/\/graduacao.uel.br\/musica\/wp-json\/wp\/v2\/pages"}],"about":[{"href":"https:\/\/graduacao.uel.br\/musica\/wp-json\/wp\/v2\/types\/page"}],"author":[{"embeddable":true,"href":"https:\/\/graduacao.uel.br\/musica\/wp-json\/wp\/v2\/users\/6"}],"replies":[{"embeddable":true,"href":"https:\/\/graduacao.uel.br\/musica\/wp-json\/wp\/v2\/comments?post=111"}],"version-history":[{"count":3,"href":"https:\/\/graduacao.uel.br\/musica\/wp-json\/wp\/v2\/pages\/111\/revisions"}],"predecessor-version":[{"id":116,"href":"https:\/\/graduacao.uel.br\/musica\/wp-json\/wp\/v2\/pages\/111\/revisions\/116"}],"wp:attachment":[{"href":"https:\/\/graduacao.uel.br\/musica\/wp-json\/wp\/v2\/media?parent=111"}],"curies":[{"name":"wp","href":"https:\/\/api.w.org\/{rel}","templated":true}]}}