{"id":18,"date":"2024-06-21T11:49:12","date_gmt":"2024-06-21T14:49:12","guid":{"rendered":"https:\/\/graduacao.uel.br\/musica\/?page_id=18"},"modified":"2024-06-21T14:48:26","modified_gmt":"2024-06-21T17:48:26","slug":"infraestrutura","status":"publish","type":"page","link":"https:\/\/graduacao.uel.br\/musica\/infraestrutura\/","title":{"rendered":"Infraestrutura"},"content":{"rendered":"\n<p>O curso de M\u00fasica da UEL faz parte da estrutura administrativa e f\u00edsica do Centro de Educa\u00e7\u00e3o, Comunica\u00e7\u00e3o e Artes (CECA). Al\u00e9m de salas de aulas, o curso se utiliza de estruturas de laborat\u00f3rios e bibliotecas para as atividades acad\u00eamicas.<\/p>\n\n\n\n<iframe src=\"https:\/\/www.google.com\/maps\/embed?pb=!1m18!1m12!1m3!1d29309.941097455503!2d-51.239182949066155!3d-23.325094757884465!2m3!1f0!2f0!3f0!3m2!1i1024!2i768!4f13.1!3m3!1m2!1s0x94eb5b620869cc0b%3A0x86a2cbf8a0d9ac6b!2sDepartamento%20de%20M%C3%BAsica%20e%20Teatro!5e0!3m2!1spt-BR!2sbr!4v1718989723465!5m2!1spt-BR!2sbr\" width=\"1200\" height=\"600\" style=\"border:0;\" allowfullscreen=\"\" loading=\"lazy\" referrerpolicy=\"no-referrer-when-downgrade\"><\/iframe>\n","protected":false},"excerpt":{"rendered":"<p>O curso de M\u00fasica da UEL faz parte da estrutura administrativa e f\u00edsica do Centro de Educa\u00e7\u00e3o, Comunica\u00e7\u00e3o e Artes (CECA). Al\u00e9m de salas de aulas, o curso se utiliza de estruturas de laborat\u00f3rios e bibliotecas para as atividades acad\u00eamicas.<\/p>\n","protected":false},"author":6,"featured_media":0,"parent":0,"menu_order":0,"comment_status":"closed","ping_status":"closed","template":"","meta":{"_acf_changed":false,"footnotes":""},"class_list":["post-18","page","type-page","status-publish","hentry"],"acf":[],"_links":{"self":[{"href":"https:\/\/graduacao.uel.br\/musica\/wp-json\/wp\/v2\/pages\/18","targetHints":{"allow":["GET"]}}],"collection":[{"href":"https:\/\/graduacao.uel.br\/musica\/wp-json\/wp\/v2\/pages"}],"about":[{"href":"https:\/\/graduacao.uel.br\/musica\/wp-json\/wp\/v2\/types\/page"}],"author":[{"embeddable":true,"href":"https:\/\/graduacao.uel.br\/musica\/wp-json\/wp\/v2\/users\/6"}],"replies":[{"embeddable":true,"href":"https:\/\/graduacao.uel.br\/musica\/wp-json\/wp\/v2\/comments?post=18"}],"version-history":[{"count":3,"href":"https:\/\/graduacao.uel.br\/musica\/wp-json\/wp\/v2\/pages\/18\/revisions"}],"predecessor-version":[{"id":63,"href":"https:\/\/graduacao.uel.br\/musica\/wp-json\/wp\/v2\/pages\/18\/revisions\/63"}],"wp:attachment":[{"href":"https:\/\/graduacao.uel.br\/musica\/wp-json\/wp\/v2\/media?parent=18"}],"curies":[{"name":"wp","href":"https:\/\/api.w.org\/{rel}","templated":true}]}}