{"id":22,"date":"2024-06-21T11:49:37","date_gmt":"2024-06-21T14:49:37","guid":{"rendered":"https:\/\/graduacao.uel.br\/musica\/?page_id=22"},"modified":"2024-06-24T16:35:32","modified_gmt":"2024-06-24T19:35:32","slug":"eventos","status":"publish","type":"page","link":"https:\/\/graduacao.uel.br\/musica\/eventos\/","title":{"rendered":"Eventos"},"content":{"rendered":"\n<p>Conhe\u00e7a os eventos que est\u00e3o acontecendo e os que v\u00e3o acontecer na UEL:<\/p>\n\n\n\n<div class=\"wp-block-pb-accordion-item c-accordion__item js-accordion-item no-js\" data-initially-open=\"false\" data-click-to-close=\"true\" data-auto-close=\"true\" data-scroll=\"false\" data-scroll-offset=\"0\"><h2 id=\"at-220\" class=\"c-accordion__title js-accordion-controller\" role=\"button\">2024<\/h2><div id=\"ac-220\" class=\"c-accordion__content\">\n<p><strong>CONCERTO DE S\u00c3O JO\u00c3O \u201cTransforma Ouro Verde em Arrai\u00e1\u201d<\/strong><\/p>\n\n\n\n<p>Data: 30 de Junho (domingo) no Cine Teatro Ouro Verde, \u00e0s 10h30m.<\/p>\n\n\n\n<p>Para mais informa\u00e7\u00f5es clique em\u00a0<strong><a href=\"https:\/\/www.orquestrabravi.com.br\/\">saiba mais<\/a><\/strong>.<\/p>\n\n\n\n<p><strong>ORQUESTRA SINF\u00d4NICA DA UEL COMEMORA 40 ANOS COM NOVIDADES PARA A TEMPORADA OURO VERDE\u00a02024<\/strong><\/p>\n\n\n\n<p>Para mais informa\u00e7\u00f5es sobre espet\u00e1culos clique em <strong><a href=\"https:\/\/teatroouroverde.wordpress.com\/2024\/02\/22\/orquestra-sinfonica-da-uel-comemora-40-anos-com-novidades-para-atemporada-ouro-verde-2024\/\">saiba mais<\/a><\/strong>.<\/p>\n<\/div><\/div>\n\n\n\n<div class=\"wp-block-columns is-layout-flex wp-container-core-columns-is-layout-9d6595d7 wp-block-columns-is-layout-flex\">\n<div class=\"wp-block-column is-layout-flow wp-block-column-is-layout-flow\"><\/div>\n<\/div>\n\n\n\n<p class=\"has-primary-accent-color has-text-color has-link-color has-medium-font-size wp-elements-88fe800876dcb0dc8575e963d210fc36\"><strong>Eventos diversos na UEL<\/strong><\/p>\n\n\n\n                <div class=\"feed-noticias-perobal alm-listing alm-ajax alm-has-transition\" id=\"feed-noticias-perobal-evento\"><a class=\"noticia-feed d-flex flex-column flex-md-row align-items-start\" href=\"https:\/\/operobal.uel.br\/comunidade\/2026\/04\/10\/uel-celebra-a-presenca-indigena-com-eventos-dedicados-aos-saberes-tradicionais-artes-ciencia-e-conscientizacao\/\">\n                                                    <img decoding=\"async\" class=\"lazy entered loaded\" src=\"https:\/\/operobal.uel.br\/wp-content\/uploads\/2026\/04\/f29222ea-5d93-4d19-9084-d06cca1adad6.jpeg\"\/>    \n                                                    <article class=\"ml-0 ml-md-4 corpo-noticia-feed\">\n                                                        <p class=\"antetitulo mb-0\">Abril Ind\u00edgena<\/p>\n                                                        <p class=\"titulo mb-2\">UEL celebra presen\u00e7a ind\u00edgena com eventos dedicados aos saberes tradicionais, artes e ci\u00eancia<\/p>\n                                                        <p class=\"descricao\">O evento recorrente aproveita o m\u00eas do Dia dos Povos Ind\u00edgenas para celebrar a presen\u00e7a dos povos origin\u00e1rios na UEL.<\/p>\n                                                    <\/article>\n                                                <\/a><hr class=\"mt-4 mb-4 d-none d-md-block\"><a class=\"noticia-feed d-flex flex-column flex-md-row align-items-start\" href=\"https:\/\/operobal.uel.br\/clch\/2026\/04\/09\/escrita-criativa-e-tema-de-encontro-com-oficinas-e-palestras\/\">\n                                                    <img decoding=\"async\" class=\"lazy entered loaded\" src=\"https:\/\/operobal.uel.br\/wp-content\/uploads\/2026\/04\/fotografierende-write-4491459-scaled.jpg\"\/>    \n                                                    <article class=\"ml-0 ml-md-4 corpo-noticia-feed\">\n                                                        <p class=\"antetitulo mb-0\">Literatura<\/p>\n                                                        <p class=\"titulo mb-2\">Escrita Criativa \u00e9 tema de encontro com oficinas e palestras<\/p>\n                                                        <p class=\"descricao\">Comunidade interna e externa poder\u00e1 participar de palestras, bate-papos e oficinas com convidados sobre temas diversos.\n<\/p>\n                                                    <\/article>\n                                                <\/a><hr class=\"mt-4 mb-4 d-none d-md-block\"><a class=\"noticia-feed d-flex flex-column flex-md-row align-items-start\" href=\"https:\/\/operobal.uel.br\/ultimas\/2026\/04\/08\/evento-analisa-ligacoes-entre-meio-ambiente-e-tecnologia\/\">\n                                                    <img decoding=\"async\" class=\"lazy entered loaded\" src=\"https:\/\/operobal.uel.br\/wp-content\/uploads\/2026\/04\/brianpenny-ai-generated-8540921_1280.jpg\"\/>    \n                                                    <article class=\"ml-0 ml-md-4 corpo-noticia-feed\">\n                                                        <p class=\"antetitulo mb-0\">Direito Ambiental<\/p>\n                                                        <p class=\"titulo mb-2\">Evento analisa liga\u00e7\u00f5es entre meio ambiente e tecnologia<\/p>\n                                                        <p class=\"descricao\">Encontro on-line vai discutir temas como big techs, intelig\u00eancia artificial e meio ambiente digital.<\/p>\n                                                    <\/article>\n                                                <\/a><hr class=\"mt-4 mb-4 d-none d-md-block\"><a class=\"noticia-feed d-flex flex-column flex-md-row align-items-start\" href=\"https:\/\/operobal.uel.br\/cesa\/2026\/03\/24\/unati-abre-programacao-de-2026-com-palestra-sobre-saude-para-idosos\/\">\n                                                    <img decoding=\"async\" class=\"lazy entered loaded\" src=\"https:\/\/operobal.uel.br\/wp-content\/uploads\/2021\/08\/unati-uel-4.jpg\"\/>    \n                                                    <article class=\"ml-0 ml-md-4 corpo-noticia-feed\">\n                                                        <p class=\"antetitulo mb-0\">Terceira Idade<\/p>\n                                                        <p class=\"titulo mb-2\">Unati abre programa\u00e7\u00e3o de 2026 com palestra sobre sa\u00fade para idosos<\/p>\n                                                        <p class=\"descricao\">Evento gratuito marca in\u00edcio das atividades com palestras e homenagens a pessoas de refer\u00eancia na \u00e1rea do envelhecimento saud\u00e1vel.<\/p>\n                                                    <\/article>\n                                                <\/a><hr class=\"mt-4 mb-4 d-none d-md-block\"><a class=\"noticia-feed d-flex flex-column flex-md-row align-items-start\" href=\"https:\/\/operobal.uel.br\/ctu\/2026\/03\/23\/seminario-de-historia-da-cidade-e-urbanismo-esta-com-inscricoes-abertas-para-submissao-de-trabalhos\/\">\n                                                    <img decoding=\"async\" class=\"lazy entered loaded\" src=\"https:\/\/operobal.uel.br\/wp-content\/uploads\/2026\/03\/Seminario-de-Historia-da-Cidade-e-do-Urbanismo-SHCU.jpg\"\/>    \n                                                    <article class=\"ml-0 ml-md-4 corpo-noticia-feed\">\n                                                        <p class=\"antetitulo mb-0\">Semin\u00e1rio<\/p>\n                                                        <p class=\"titulo mb-2\">Semin\u00e1rio de Hist\u00f3ria da Cidade e Urbanismo est\u00e1 com inscri\u00e7\u00f5es abertas para submiss\u00e3o de trabalhos<\/p>\n                                                        <p class=\"descricao\">O evento \u00e9 uma parceria do Programa de P\u00f3s-Gradua\u00e7\u00e3o em Arquitetura e Urbanismo (PPU-UEM\/UEL)\n<\/p>\n                                                    <\/article>\n                                                <\/a><\/div><button id=\"feed-noticias-perobal-load-moreevento\" type=\"button\" class=\"feed-noticias-button\" data-endpoint=\"https:\/\/operobal.uel.br\/wp-json\/wp-perobal\/v1\/posts\/tags\/evento?numberposts=50\" data-ppp=\"5\" data-pages=\"5\">Leia mais<\/button>","protected":false},"excerpt":{"rendered":"<p>Conhe\u00e7a os eventos que est\u00e3o acontecendo e os que v\u00e3o acontecer na UEL: Eventos diversos na UEL<\/p>\n","protected":false},"author":6,"featured_media":0,"parent":0,"menu_order":0,"comment_status":"closed","ping_status":"closed","template":"","meta":{"_acf_changed":false,"footnotes":""},"class_list":["post-22","page","type-page","status-publish","hentry"],"acf":[],"_links":{"self":[{"href":"https:\/\/graduacao.uel.br\/musica\/wp-json\/wp\/v2\/pages\/22","targetHints":{"allow":["GET"]}}],"collection":[{"href":"https:\/\/graduacao.uel.br\/musica\/wp-json\/wp\/v2\/pages"}],"about":[{"href":"https:\/\/graduacao.uel.br\/musica\/wp-json\/wp\/v2\/types\/page"}],"author":[{"embeddable":true,"href":"https:\/\/graduacao.uel.br\/musica\/wp-json\/wp\/v2\/users\/6"}],"replies":[{"embeddable":true,"href":"https:\/\/graduacao.uel.br\/musica\/wp-json\/wp\/v2\/comments?post=22"}],"version-history":[{"count":4,"href":"https:\/\/graduacao.uel.br\/musica\/wp-json\/wp\/v2\/pages\/22\/revisions"}],"predecessor-version":[{"id":133,"href":"https:\/\/graduacao.uel.br\/musica\/wp-json\/wp\/v2\/pages\/22\/revisions\/133"}],"wp:attachment":[{"href":"https:\/\/graduacao.uel.br\/musica\/wp-json\/wp\/v2\/media?parent=22"}],"curies":[{"name":"wp","href":"https:\/\/api.w.org\/{rel}","templated":true}]}}