{"id":30,"date":"2024-06-21T11:51:46","date_gmt":"2024-06-21T14:51:46","guid":{"rendered":"https:\/\/graduacao.uel.br\/musica\/?page_id=30"},"modified":"2024-06-21T16:58:12","modified_gmt":"2024-06-21T19:58:12","slug":"matriz-curricular","status":"publish","type":"page","link":"https:\/\/graduacao.uel.br\/musica\/matriz-curricular\/","title":{"rendered":"Matriz Curricular"},"content":{"rendered":"\n<p>Para os estudantes que\u00a0<strong>ingressaram antes de 2023<\/strong>, observe a Matriz Curricular:<\/p>\n\n\n\n<p><strong><a href=\"https:\/\/sites.uel.br\/prograd\/wp-content\/uploads\/catalogo_cursos\/2019\/organizacao_curricular\/musica.pdf\">Matriz Curricular anterior<\/a><\/strong><\/p>\n\n\n\n<p><strong>A partir de 2023<\/strong>, ap\u00f3s reformula\u00e7\u00e3o curricular do Projeto Pedag\u00f3gico do Curso de M\u00fasica a Matriz Curricular vigente passou a ser a seguinte:\u00a0<\/p>\n\n\n\n<p><strong><a href=\"https:\/\/sites.uel.br\/prograd\/wp-content\/uploads\/catalogo_cursos\/2023\/organizacao_curricular\/musica.pdf\">Matriz Curricular atual<\/a><\/strong><\/p>\n","protected":false},"excerpt":{"rendered":"<p>Para os estudantes que\u00a0ingressaram antes de 2023, observe a Matriz Curricular: Matriz Curricular anterior A partir de 2023, ap\u00f3s reformula\u00e7\u00e3o curricular do Projeto Pedag\u00f3gico do Curso de M\u00fasica a Matriz Curricular vigente passou a ser a seguinte:\u00a0 Matriz Curricular atual<\/p>\n","protected":false},"author":6,"featured_media":0,"parent":0,"menu_order":0,"comment_status":"closed","ping_status":"closed","template":"","meta":{"_acf_changed":false,"footnotes":""},"class_list":["post-30","page","type-page","status-publish","hentry"],"acf":[],"_links":{"self":[{"href":"https:\/\/graduacao.uel.br\/musica\/wp-json\/wp\/v2\/pages\/30","targetHints":{"allow":["GET"]}}],"collection":[{"href":"https:\/\/graduacao.uel.br\/musica\/wp-json\/wp\/v2\/pages"}],"about":[{"href":"https:\/\/graduacao.uel.br\/musica\/wp-json\/wp\/v2\/types\/page"}],"author":[{"embeddable":true,"href":"https:\/\/graduacao.uel.br\/musica\/wp-json\/wp\/v2\/users\/6"}],"replies":[{"embeddable":true,"href":"https:\/\/graduacao.uel.br\/musica\/wp-json\/wp\/v2\/comments?post=30"}],"version-history":[{"count":3,"href":"https:\/\/graduacao.uel.br\/musica\/wp-json\/wp\/v2\/pages\/30\/revisions"}],"predecessor-version":[{"id":75,"href":"https:\/\/graduacao.uel.br\/musica\/wp-json\/wp\/v2\/pages\/30\/revisions\/75"}],"wp:attachment":[{"href":"https:\/\/graduacao.uel.br\/musica\/wp-json\/wp\/v2\/media?parent=30"}],"curies":[{"name":"wp","href":"https:\/\/api.w.org\/{rel}","templated":true}]}}